  {"id":20852,"date":"2016-02-11T22:37:45","date_gmt":"2016-02-11T22:37:45","guid":{"rendered":"https:\/\/www.solargard.com\/esp\/?page_id=20852"},"modified":"2017-02-07T16:36:34","modified_gmt":"2017-02-07T16:36:34","slug":"glosario","status":"publish","type":"page","link":"https:\/\/www.solargard.com\/es-la\/glosario\/","title":{"rendered":"Glosario"},"content":{"rendered":"<div class=\"wpb-content-wrapper\"><p>[vc_row top_margin=&#8221;none&#8221; bottom_margin=&#8221;sm&#8221; gmbt_prlx_bg_type=&#8221;parallax&#8221; gmbt_prlx_break_parents=&#8221;0&#8243; gmbt_prlx_smooth_scrolling=&#8221;&#8221; gmbt_prlx_video_mute=&#8221;&#8221; gmbt_prlx_video_force_hd=&#8221;&#8221; gmbt_prlx_opacity=&#8221;100&#8243; gmbt_prlx_video_aspect_ratio=&#8221;16:9&#8243; gmbt_prlx_parallax=&#8221;none&#8221; gmbt_prlx_speed=&#8221;0.3&#8243; gmbt_prlx_enable_mobile=&#8221;&#8221;][vc_column]<div class=\"section-title sep-bottom-lg text-left wow bounceInRight\" data-wow-delay=\"0.25s\"><h3 class=\"upper normal-title\">GLOSARIO<\/h3><\/div>[vc_tta_accordion style=&#8221;flat&#8221; shape=&#8221;square&#8221; color=&#8221;white&#8221; active_section=&#8221;1&#8243; collapsible_all=&#8221;true&#8221;][vc_tta_section title=&#8221;Sistemas de fijaci\u00f3n&#8221; tab_id=&#8221;1458075142605-072f0d0f-ca07&#8243;][vc_column_text]<span>Los sistemas de fijaci\u00f3n se usan al instalar pel\u00edculas de seguridad para lograr una retenci\u00f3n adicional, al sostener el sistema de vidriado al marco de la ventana. La pel\u00edcula de seguridad se instala en la superficie interior del vidrio y luego se asegura al marco de la ventana, ya sea utilizando el m\u00e9todo mec\u00e1nico o el \u201cde vidrio en h\u00famedo\u201d. El nivel de protecci\u00f3n deseado determina si se requiere un sistema de fijaci\u00f3n o no, as\u00ed como el m\u00e9todo a utilizar.<\/span>[\/vc_column_text][\/vc_tta_section][vc_tta_section title=&#8221;Pel\u00edcula para mitigaci\u00f3n de explosiones&#8221; tab_id=&#8221;1458075142750-00af4391-4019&#8243;][vc_column_text]<span>Es el nombre com\u00fan para las pel\u00edculas de seguridad Armorcoat\u00ae, que hace referencia a la capacidad del producto para ayudar a mantener el vidrio intacto durante una explosi\u00f3n, minimizando que los peligrosos fragmentos de vidrio salgan proyectados por el aire.<\/span>[\/vc_column_text][\/vc_tta_section][vc_tta_section title=&#8221;Adhesivo seco transparente &#8221; tab_id=&#8221;1458075281206-e7924dc4-844d&#8221;][vc_column_text]<span>Es el adhesivo para montar pel\u00edculas para ventanas que forma una uni\u00f3n qu\u00edmica entre el vidrio y la pel\u00edcula, este adhiere la pel\u00edcula al vidrio durante la instalaci\u00f3n. Este adhesivo proporciona una uni\u00f3n fuerte, claridad visual y larga vida \u00fatil de la pel\u00edcula.<\/span>[\/vc_column_text][\/vc_tta_section][vc_tta_section title=&#8221;Instalaci\u00f3n en la brecha con luz de d\u00eda&#8221; tab_id=&#8221;1458075279872-97029484-2975&#8243;][vc_column_text]Es el m\u00e9todo com\u00fan para instalar pel\u00edculas de seguridad para ventanas con protecci\u00f3n solar. La pel\u00edcula se corta previamente poco m\u00e1s grande que el \u00e1rea del marco y se recorta al borde del vidrio hasta 1\/8 de pulgada.<\/p>\n<p><a href=\"https:\/\/www.solargard.com\/\" name=\"E\"><\/a><span><\/span>[\/vc_column_text][\/vc_tta_section][vc_tta_section title=&#8221;Emisividad&#8221; tab_id=&#8221;1458075278741-186be886-91ec&#8221;][vc_column_text]<span>Es la medida de la capacidad de absorci\u00f3n o reflexi\u00f3n de energ\u00eda de una superficie. Mientras menor es el valor de la emisividad, mejor es el desempe\u00f1o del sistema de vidriado para prevenir la p\u00e9rdida de calor. Para ventanas con pel\u00edculas, la emisividad se refiere al calor reflejado dentro de la habitaci\u00f3n. Al utilizar los datos del desempe\u00f1o de la pel\u00edcula, es recomendable utilizar los valores de emisividad m\u00e1s bajos para minimizar la p\u00e9rdida de calor del interior.<\/span>[\/vc_column_text][\/vc_tta_section][vc_tta_section title=&#8221;Pel\u00edcula de retenci\u00f3n de fragmentos&#8221; tab_id=&#8221;1458075277194-658e58d1-148c&#8221;][vc_column_text]<\/p>\n<div class=\"wpb_accordion_section group\">\n<div id=\"ui-id-12\" class=\"wpb_accordion_content ui-accordion-content vc_clearfix ui-helper-reset ui-widget-content ui-corner-bottom ui-accordion-content-active\">\n<div class=\"wpb_text_column wpb_content_element \">\n<div class=\"wpb_wrapper\">\n<p>Es un nombre com\u00fan para las pel\u00edculas de seguridad Armorcoat\u00ae, que hace referencia al principal beneficio de la pel\u00edcula de seguridad: ayudar a mantener los fragmentos de vidrio en su lugar en caso de que el vidrio se rompa.<\/p>\n<p><a href=\"https:\/\/www.solargard.com\/\" name=\"Infrared\"><\/a><span><\/span><\/p>\n<\/div>\n<\/div>\n<\/div>\n<\/div>\n<p>[\/vc_column_text][\/vc_tta_section][vc_tta_section title=&#8221;Reflexi\u00f3n del infrarrojo&#8221; tab_id=&#8221;1458080996935-030e5adc-f696&#8243;][vc_column_text]<span>La luz infrarroja proveniente del sol es s\u00f3lo una parte del espectro solar que proporciona calor a trav\u00e9s de la ventana. Es importante no confundir el rechazo de infrarrojo (IR) con el total de energ\u00eda solar rechazada (TSER) que es el verdadero indicador de cu\u00e1nta energ\u00eda es bloqueada de entrar a su edificio.<\/span>[\/vc_column_text][\/vc_tta_section][vc_tta_section title=&#8221;Baja emisividad&#8221; tab_id=&#8221;1458075274509-710cea9d-8af4&#8243;][vc_column_text]<span>Baja emisividad, o Low-E por su nombre en ingl\u00e9s, se refiere al recubrimiento de los vidrios o de las pel\u00edculas para ventanas que reduce la p\u00e9rdida de calor a trav\u00e9s de la pel\u00edcula. Mientras menor sea el valor de emisividad, mejor es el desempe\u00f1o del sistema de vidriado para prevenir la p\u00e9rdida de calor. La pel\u00edcula Silver Ag 25 de ÁñÁ«¿¿±ÈÍøÕ¾ es una excelente pel\u00edcula de baja emisividad o Low-E.<\/span>[\/vc_column_text][\/vc_tta_section][vc_tta_section title=&#8221;Metalizado&#8221; tab_id=&#8221;1458080996474-ad9f7759-b6cf&#8221;][vc_column_text]Proceso mediante el cual se aplica una capa uniforme de metales sobre una pel\u00edcula de poli\u00e9ster transparente. Distintos metales producen distintos tonos y cualidades de desempe\u00f1o para satisfacer las necesidades del consumidor.<\/p>\n<p><a href=\"https:\/\/www.solargard.com\/\" name=\"Mechanical\"><\/a><span><\/span>[\/vc_column_text][\/vc_tta_section][vc_tta_section title=&#8221;Sistema de fijaci\u00f3n mec\u00e1nica&#8221; tab_id=&#8221;1458080995937-c02d94c8-d865&#8243;][vc_column_text]<span>Este m\u00e9todo se utiliza para una retenci\u00f3n del vidrio mejorada, sosteniendo pel\u00edculas de seguridad de 8 mil o m\u00e1s gruesas al marco de la ventana con un sistema de barras de metal. La pel\u00edcula de seguridad se instala en el vidrio, sobreponiendo aproximadamente 1 pulgada de la pel\u00edcula con el marco de la ventana. Se coloca el sistema de barras de metal sobre la pel\u00edcula superpuesta y se atornilla al marco existente, sujetando firmemente la pel\u00edcula al marco. Dependiendo del tipo de retenci\u00f3n necesaria, el sistema mec\u00e1nico puede sujetarse con una instalaci\u00f3n en un lado (parte superior), dos lados o cuatro lados.<\/span>[\/vc_column_text][\/vc_tta_section][vc_tta_section title=&#8221;MIL&#8221; tab_id=&#8221;1458080995442-aced60ac-78ad&#8221;][vc_column_text]Unidad de longitud de 1\/1000 de una pulgada (0.001\u201d). Se usa para expresar el grosor de las pel\u00edculas 1 MIL = 25 micrones.<\/p>\n<p><a href=\"https:\/\/www.solargard.com\/\" name=\"Mylar\"><\/a><span><\/span>[\/vc_column_text][\/vc_tta_section][vc_tta_section title=&#8221;Mylar&#8221; tab_id=&#8221;1458080984128-d393c41f-67eb&#8221;][vc_column_text]<span>Es el nombre de marca registrada para una pel\u00edculas de poli\u00e9ster producida por DuPont. T\u00e9rminos como: Mylar, retenci\u00f3n de vidrios, anti-astillado, resistente al astillado, retenci\u00f3n de fragmentos y mitigaci\u00f3n de explosiones son comunes al hacer referencia a las pel\u00edculas de seguridad Armorcoat\u00ae.<\/span>[\/vc_column_text][\/vc_tta_section][vc_tta_section title=&#8221;Adhesivo de contacto&#8221; tab_id=&#8221;1458080983495-176926e8-7fbc&#8221;][vc_column_text]El adhesivo para montar pel\u00edculas para ventanas utiliza la presi\u00f3n aplicada para formar una uni\u00f3n mec\u00e1nica entre la pel\u00edcula y el vidrio. El adhesivo de contacto es pegajoso al tacto. Todas las pel\u00edculas para ventanas para aplicaciones automotrices y las pel\u00edculas de seguridad para ventanas contienen el adhesivo de contacto (PSA).<\/p>\n<p><a href=\"https:\/\/www.solargard.com\/\" name=\"SC\"><\/a><span><\/span>[\/vc_column_text][\/vc_tta_section][vc_tta_section title=&#8221;Coeficiente de sombreado&#8221; tab_id=&#8221;1458080982799-19efce99-57b3&#8243;][vc_column_text]<span>Es la relaci\u00f3n entre la ganancia de calor solar que atraviesa un sistema de vidriado y la ganancia de calor solar que ocurre bajo las mismas condiciones si la ventana estuviera hecha de vidrio transparente doblemente resistente y sin sombreado. Mientras m\u00e1s bajo sea el valor SC, m\u00e1s eficiente es el control solar del sistema de vidriado.<\/span>[\/vc_column_text][\/vc_tta_section][vc_tta_section title=&#8221;Absorci\u00f3n solar&#8221; tab_id=&#8221;1458080982012-3aa9f86b-24f0&#8243;][vc_column_text]<\/p>\n<div class=\"wpb_accordion_section group\">\n<div id=\"ui-id-30\" class=\"wpb_accordion_content ui-accordion-content vc_clearfix ui-helper-reset ui-widget-content ui-corner-bottom ui-accordion-content-active\">\n<div class=\"wpb_text_column wpb_content_element \">\n<div class=\"wpb_wrapper\">\n<p>Es la cantidad de energ\u00eda solar (visible, infrarroja y ultravioleta) absorbida por el sistema de vidriado, expresada como porcentaje.<\/p>\n<p>Cuando la luz solar choca contra el vidrio, la energ\u00eda solar puede ser transmitida a trav\u00e9s del vidrio, absorbida por el vidrio o reflejada por el vidrio. El tipo de vidrio y de pel\u00edcula para ventanas instalada producen diversos resultados de absorci\u00f3n que se expresan como porcentaje, el cual representa la cantidad de energ\u00eda solar retenida por el vidrio y la pel\u00edcula. Siempre consulte la recomendaci\u00f3n del fabricante para la instalaci\u00f3n de la pel\u00edcula al vidrio.<\/p>\n<p><a href=\"https:\/\/www.solargard.com\/\" name=\"Solar E\"><\/a><span><\/span><\/p>\n<\/div>\n<\/div>\n<\/div>\n<\/div>\n<p>[\/vc_column_text][\/vc_tta_section][vc_tta_section title=&#8221;Energ\u00eda solar&#8221; tab_id=&#8221;1458080981415-f9556cba-86e9&#8243;][vc_column_text]<\/p>\n<div class=\"wpb_accordion_section group\">\n<div id=\"ui-id-32\" class=\"wpb_accordion_content ui-accordion-content vc_clearfix ui-helper-reset ui-widget-content ui-corner-bottom ui-accordion-content-active\">\n<div class=\"wpb_text_column wpb_content_element \">\n<div class=\"wpb_wrapper\">\n<p><span>La energ\u00eda proveniente del sol consta de tres tipos de energ\u00eda: visible (resplandor), infrarroja (calor) y ultravioleta (decoloraci\u00f3n y riesgos a la salud). Cada tipo de energ\u00eda se diferencia por la longitud de sus ondas.<\/span><\/p>\n<\/div>\n<\/div>\n<\/div>\n<\/div>\n<p>[\/vc_column_text][\/vc_tta_section][vc_tta_section title=&#8221;Coeficiente de ganancia de calor solar&#8221; tab_id=&#8221;1458080980783-06b15bf4-ffe6&#8243;][vc_column_text]<\/p>\n<div class=\"wpb_accordion_section group\">\n<div id=\"ui-id-34\" class=\"wpb_accordion_content ui-accordion-content vc_clearfix ui-helper-reset ui-widget-content ui-corner-bottom ui-accordion-content-active\">\n<div class=\"wpb_text_column wpb_content_element \">\n<div class=\"wpb_wrapper\">\n<p><span>El porcentaje de energ\u00eda solar directamente transmitida o absorbida y re-radiada hacia el edificio. Mientras m\u00e1s bajo es el SHGC, mejores son las propiedades de control solar de la pel\u00edcula.<\/span><\/p>\n<\/div>\n<\/div>\n<\/div>\n<\/div>\n<p>[\/vc_column_text][\/vc_tta_section][vc_tta_section title=&#8221;Reflexi\u00f3n solar&#8221; tab_id=&#8221;1458080979941-de410844-6b2b&#8221;][vc_column_text]La cantidad de energ\u00eda solar (visible, infrarroja y ultravioleta) reflejada por el sistema de vidriado, expresada como porcentaje.<\/p>\n<p>Cuando la luz solar choca contra el vidrio, la energ\u00eda solar puede ser transmitida a trav\u00e9s del panel de vidrio, absorbida por el vidrio o reflejada por el vidrio. El tipo de vidrio y de pel\u00edcula para ventanas instalada producen diversos resultados de reflexi\u00f3n que son expresados como porcentaje; este n\u00famero representa la cantidad de energ\u00eda solar rechazada por el vidrio y la pel\u00edcula.<\/p>\n<p>Para lograr el m\u00e1ximo rechazo del calor, busque pel\u00edculas con valores altos de reflexi\u00f3n de la energ\u00eda solar. Siempre consulte la recomendaci\u00f3n del fabricante para la instalaci\u00f3n de la pel\u00edcula al vidrio.[\/vc_column_text][\/vc_tta_section][vc_tta_section title=&#8221;Transmisi\u00f3n solar&#8221; tab_id=&#8221;1458080978954-333d3ad0-8aab&#8221;][vc_column_text]Cantidad de energ\u00eda solar (visible, infrarroja y ultravioleta) que atraviesa el sistema de vidriado, expresada como porcentaje.<\/p>\n<p>Cuando la luz solar choca contra el vidrio, la energ\u00eda solar puede ser transmitida a trav\u00e9s del panel de vidrio, absorbida por el vidrio o reflejada por el vidrio. El tipo de vidrio y de pel\u00edcula para ventanas instalada producen diversos resultados de transmisi\u00f3n que son expresados como porcentaje; este n\u00famero representa la cantidad de energ\u00eda solar que ingresa a trav\u00e9s del vidrio y la pel\u00edcula. Siempre consulte la recomendaci\u00f3n del fabricante para la instalaci\u00f3n de la pel\u00edcula al vidrio.<\/p>\n<p><a href=\"https:\/\/www.solargard.com\/\" name=\"Sputtering\"><\/a><span><\/span>[\/vc_column_text][\/vc_tta_section][vc_tta_section title=&#8221;Pulverizaci\u00f3n&#8221; tab_id=&#8221;1458080978104-3bc65546-8153&#8243;][vc_column_text]<span>Proceso mediante el cual se aplica una capa uniforme de metales como la plata, el acero inoxidable, el cobre, el oro, el titanio y el cromo sobre una pel\u00edcula de poli\u00e9ster. Los rollos de pel\u00edcula son desenrollados y pasados sobre los materiales elegidos, depositando \u00e1tomos uniformemente sobre la superficie de la pel\u00edcula a trav\u00e9s del bombardeo i\u00f3nico. Esto asegura un color de larga duraci\u00f3n y excelente desempe\u00f1o solar. BSF fue la primera empresa en la industria en recubrir por pulverizaci\u00f3n las pel\u00edculas para ventanas.<\/span>[\/vc_column_text][\/vc_tta_section][vc_tta_section title=&#8221;Total de energ\u00eda solar rechazada&#8221; tab_id=&#8221;1458081378046-06e0383f-c6f6&#8243;][vc_column_text]Mide la capacidad de las pel\u00edculas para ventanas de rechazar la energ\u00eda solar como la luz visible, radiaci\u00f3n infrarroja y luz ultravioleta. Mientras m\u00e1s alto es el valor de TSER, m\u00e1s energ\u00eda solar es rechazada por la ventana.<\/p>\n<p><a href=\"https:\/\/www.solargard.com\/\" name=\"U\"><\/a><span><\/span>[\/vc_column_text][\/vc_tta_section][vc_tta_section title=&#8221;Valor U&#8221; tab_id=&#8221;1458081376730-d40a9563-680d&#8221;][vc_column_text]Medida de la transferencia del calor a trav\u00e9s de la pel\u00edcula debido a las diferencias de temperaturas entre el exterior y el interior. Mientras m\u00e1s bajo es el valor U, menor es la cantidad de calor que se transfiere. Al utilizar los datos de desempe\u00f1o, se recomienda utilizar \u00a0un valor U m\u00e1s bajo para reducir el calor.<\/p>\n<p><a href=\"https:\/\/www.solargard.com\/\" name=\"Ultraviolet\"><\/a><span><\/span>[\/vc_column_text][\/vc_tta_section][vc_tta_section title=&#8221;Luz ultravioleta (UV)&#8221; tab_id=&#8221;1458081374972-920b0feb-2f8c&#8221;][vc_column_text]<span>Invisibles y poderosas frecuencias (m\u00e1s cortas que la luz visible, pero m\u00e1s largas que los rayos X) emitidas por el sol que son separadas en tres tipos: la radiaci\u00f3n UV-A, UV-B y UV-C. Los rayos UV-B pueden causar quemaduras y exponerse prolongadamente a ellos puede causar c\u00e1ncer en la piel. Las pel\u00edculas para ventanas bloquear casi el 100% de la luz ultravioleta que pasa a trav\u00e9s del cristal. Las pel\u00edculas para ventana Panorama son productos aprobados por la Fundaci\u00f3n del C\u00e1ncer de Piel de E.E.U.U. (Skin Cancer Foundation).<\/span>[\/vc_column_text][\/vc_tta_section][vc_tta_section title=&#8221;Absorci\u00f3n de luz visible&#8221; tab_id=&#8221;1458081373534-56b41973-9944&#8243;][vc_column_text]La cantidad de luz visible que absorbe el sistema de vidrios, expresado en porcentaje.<\/p>\n<p><a href=\"https:\/\/www.solargard.com\/\" name=\"VLR\"><\/a><span><\/span>[\/vc_column_text][\/vc_tta_section][vc_tta_section title=&#8221;Reflexi\u00f3n de luz visible&#8221; tab_id=&#8221;1458081372184-d2be3388-cb33&#8243;][vc_column_text]La cantidad de luz visible que refleja el sistema de vidrios, expresado en porcentaje. Un n\u00famero mayor de reflexi\u00f3n ofrece un mejor control del deslumbramiento. Las pel\u00edculas con un porcentaje m\u00e1s alto tienden a ser reflejantes y\/o m\u00e1s obscuras.<\/p>\n<p><a href=\"https:\/\/www.solargard.com\/\" name=\"VLT\"><\/a><span><\/span>[\/vc_column_text][\/vc_tta_section][vc_tta_section title=&#8221;Transmisi\u00f3n de luz visible&#8221; tab_id=&#8221;1458080977032-8f931c3a-2135&#8243;][vc_column_text]La cantidad de luz visible que atraviesa el sistema de vidrios, expresado en porcentaje. Entre menor sea el numero mejor ser\u00e1 la pel\u00edcula controlando el reflejo, mientras que un n\u00famero m\u00e1s alto es recomendable para mantener una mayor cantidad de luz natural.<\/p>\n<p><a href=\"https:\/\/www.solargard.com\/\" name=\"Wet\"><\/a><span><\/span>[\/vc_column_text][\/vc_tta_section][vc_tta_section title=&#8221;Sistema h\u00famedo de fijaci\u00f3n al vidrio&#8221; tab_id=&#8221;1458081499786-ff7cb14a-d275&#8243;][vc_column_text]<\/p>\n<div id=\"ContentColumnRight\">\n<p>Este m\u00e9todo es utilizado para la reforzar la retenci\u00f3n del cristal donde se asegura la pel\u00edcula de seguridad al marco de la ventana con un sellador estructural, pegamento de silic\u00f3n (similar a la masilla). La primera vez que se instala la pel\u00edcula de seguridad sobre la ventana se hace durante el d\u00eda y despu\u00e9s se asegura al marco con un sellador estructural &#8211; Dow 995 es uno de los productos com\u00fanmente utilizados. El sellador se aplica alrededor de los cuatro bordes de la pel\u00edcula, por encima de la pel\u00edcula y tocando el marco para sellar el espacio entre la pel\u00edcula y el marco. Este m\u00e9todo tambi\u00e9n se conoce como un sistema de fijaci\u00f3n qu\u00edmica.<\/p>\n<\/div>\n<p>[\/vc_column_text][\/vc_tta_section][\/vc_tta_accordion][\/vc_column][\/vc_row]<\/p>\n<\/div>","protected":false},"excerpt":{"rendered":"<p>[vc_row top_margin=&#8221;none&#8221; bottom_margin=&#8221;sm&#8221; gmbt_prlx_bg_type=&#8221;parallax&#8221; gmbt_prlx_break_parents=&#8221;0&#8243; gmbt_prlx_smooth_scrolling=&#8221;&#8221; gmbt_prlx_video_mute=&#8221;&#8221; gmbt_prlx_video_force_hd=&#8221;&#8221; gmbt_prlx_opacity=&#8221;100&#8243; gmbt_prlx_video_aspect_ratio=&#8221;16:9&#8243; gmbt_prlx_parallax=&#8221;none&#8221; gmbt_prlx_speed=&#8221;0.3&#8243; gmbt_prlx_enable_mobile=&#8221;&#8221;][vc_column][vc_tta_accordion style=&#8221;flat&#8221; shape=&#8221;square&#8221; color=&#8221;white&#8221; active_section=&#8221;1&#8243; collapsible_all=&#8221;true&#8221;][vc_tta_section title=&#8221;Sistemas de fijaci\u00f3n&#8221; tab_id=&#8221;1458075142605-072f0d0f-ca07&#8243;][vc_column_text]Los sistemas de fijaci\u00f3n se usan al instalar pel\u00edculas de seguridad para lograr una retenci\u00f3n adicional, al sostener el sistema de vidriado al marco de la ventana. La pel\u00edcula de seguridad se instala en &hellip; <a href=\"https:\/\/www.solargard.com\/es-la\/glosario\/\">Continued<\/a><\/p>\n","protected":false},"author":1,"featured_media":15454,"parent":0,"menu_order":0,"comment_status":"closed","ping_status":"closed","template":"templates\/resources.php","meta":{"_acf_changed":false,"footnotes":""},"class_list":["post-20852","page","type-page","status-publish","has-post-thumbnail","hentry"],"acf":[],"_links":{"self":[{"href":"https:\/\/www.solargard.com\/es-la\/wp-json\/wp\/v2\/pages\/20852","targetHints":{"allow":["GET"]}}],"collection":[{"href":"https:\/\/www.solargard.com\/es-la\/wp-json\/wp\/v2\/pages"}],"about":[{"href":"https:\/\/www.solargard.com\/es-la\/wp-json\/wp\/v2\/types\/page"}],"author":[{"embeddable":true,"href":"https:\/\/www.solargard.com\/es-la\/wp-json\/wp\/v2\/users\/1"}],"replies":[{"embeddable":true,"href":"https:\/\/www.solargard.com\/es-la\/wp-json\/wp\/v2\/comments?post=20852"}],"version-history":[{"count":0,"href":"https:\/\/www.solargard.com\/es-la\/wp-json\/wp\/v2\/pages\/20852\/revisions"}],"wp:featuredmedia":[{"embeddable":true,"href":"https:\/\/www.solargard.com\/es-la\/wp-json\/wp\/v2\/media\/15454"}],"wp:attachment":[{"href":"https:\/\/www.solargard.com\/es-la\/wp-json\/wp\/v2\/media?parent=20852"}],"curies":[{"name":"wp","href":"https:\/\/api.w.org\/{rel}","templated":true}]}}