  {"id":28215,"date":"2016-03-29T22:05:33","date_gmt":"2016-03-29T22:05:33","guid":{"rendered":"https:\/\/www.solargard.com\/es-la\/por-que-solargard\/"},"modified":"2022-04-13T05:58:35","modified_gmt":"2022-04-13T13:58:35","slug":"por-que-solargard","status":"publish","type":"page","link":"https:\/\/www.solargard.com\/es-la\/por-que-solargard\/","title":{"rendered":"\u00bfPor qu\u00e9 ÁñÁ«¿¿±ÈÍøÕ¾?"},"content":{"rendered":"<div class=\"wpb-content-wrapper\"><p>[vc_row css=&#8221;.vc_custom_1453224340078{background-color: #ffffff !important;}&#8221;][vc_column width=&#8221;1\/2&#8243;]<div class=\"section-title sg-section-title text-center\"><div class=\"copy-content\"><h4 class=\" normal-title\">ÁñÁ«¿¿±ÈÍøÕ¾<\/h4><p class=\"lead x2 x2\">We're On It!<\/p><\/div><div class=\"border-bg\"><\/div><\/div>[vc_video link=&#8221;http:\/\/saint-gobain-1.wistia.com\/medias\/m8xbk1yuki?embedType=async&amp;seo=false&amp;videoFoam=true&amp;videoWidth=640&#8243;][\/vc_column][vc_column width=&#8221;1\/2&#8243;]<div class=\"section-title sep-bottom-xs text-left\"><h3 class=\"upper normal-title\">La diferencia de ÁñÁ«¿¿±ÈÍøÕ¾<\/h3><\/div><div class=\"section-title text-left\"><h4 class=\"upper normal-title\">GARANT\u00cdA<\/h4><\/div>[vc_column_text] <span>ÁñÁ«¿¿±ÈÍøÕ¾ tiene garant\u00edas l\u00edder en la industria, y nuestro equipo de servicio al cliente\u00a0aseguran que los reclamos se procesen r\u00e1pidamente.<\/span> [\/vc_column_text]<div class=\"section-title sep-top-xs text-left\"><h4 class=\"upper normal-title\">ESTABILIDAD DEL COLOR<\/h4><\/div>[vc_column_text] <span>ÁñÁ«¿¿±ÈÍøÕ¾ ofrece pel\u00edculas con calidad excepcional que aseguran la estabilidad del color durante la vida \u00fatil del producto.<\/span> [\/vc_column_text]<div class=\"section-title sep-top-xs text-left\"><h4 class=\"upper normal-title\">CLARIDAD<\/h4><\/div>[vc_column_text] <span>Mantener la claridad es bueno para\u00a0la est\u00e9tica, mas tambi\u00e9n es importante para la seguridad. Pel\u00edculas metalizadas de calidad inferior se pueden nublar,\u00a0distorsionando la visibilidad y aumentando el deslumbramiento.<\/span> [\/vc_column_text]<div class=\"section-title sep-top-xs text-left\"><h4 class=\"upper normal-title\">ADHESIVOS SUPERIORES<\/h4><\/div>[vc_column_text] <span>Los adhesivos superiores de ÁñÁ«¿¿±ÈÍøÕ¾ aseguran el rendimiento \u00f3ptimo de su pel\u00edcula. Adhesivos inferiores pueden causar mala adherencia a las superficies, resultando en fallas de la pel\u00edcula.<\/span> [\/vc_column_text]<div class=\"section-title sep-top-xs text-left\"><h4 class=\"upper normal-title\">PRUEBAS DE CALIDAD Y DESEMPE\u00d1O<\/h4><\/div>[vc_column_text]El control de calidad de ÁñÁ«¿¿±ÈÍøÕ¾ asegura que cada rollo que se produce de un producto en particular, tenga un color consistente para dar una apariencia uniforme.<\/p>\n<p>ÁñÁ«¿¿±ÈÍøÕ¾ realiza varias pruebas intensas de rendimiento para asegurarse de que sus productos rindan de la forma esperada bajo varias condiciones.[\/vc_column_text][\/vc_column][\/vc_row][vc_row full_width=&#8221;stretch_row&#8221; top_margin=&#8221;2x&#8221; bottom_margin=&#8221;2x&#8221; css=&#8221;.vc_custom_1453223399357{background-color: #eeeeee !important;}&#8221;][vc_column][vc_row_inner][vc_column_inner width=&#8221;1\/2&#8243; css=&#8221;.vc_custom_1455826284989{padding-right: 20px !important;}&#8221;]<div class=\"section-title sep-bottom-md text-left wow bounceInLeft\" data-wow-delay=\"0.25s\"><h3 class=\"upper normal-title\">ACERCA DE SOLAR GARD<\/h3><p class=\"lead \">ÁñÁ«¿¿±ÈÍøÕ¾ protege las cosas que son m\u00e1s importantes: tu familia, tu hogar, tu negocio, tu auto. Con sede principal en<br \/>\nSan Diego California, ÁñÁ«¿¿±ÈÍøÕ¾ fabrica pel\u00edculas y recubrimientos protectores de alta calidad para ventanas, para los mercados de arquitectura<br \/>\ny automotriz. ÁñÁ«¿¿±ÈÍøÕ¾ es una divisi\u00f3n de Saint-Gobain Performance Plastics, como subsidiaria de Saint-<br \/>\nGobain, l\u00edder mundial en los mercados de h\u00e1bitat y construcci\u00f3n. Nuestras soluciones comprobadas de carbono negativo<br \/>\ntienen un impacto positivo en la vida de las personas, y reducen las emisiones globales de gases causantes del efecto de invernadero. Los productos ÁñÁ«¿¿±ÈÍøÕ¾ se venden en m\u00e1s de 90 pa\u00edses<br \/>\ncon las marcas ÁñÁ«¿¿±ÈÍøÕ¾, Quantum, y ÁñÁ«¿¿±ÈÍøÕ¾ Armorcoat\u00ae.<\/p><\/div>[\/vc_column_inner][vc_column_inner width=&#8221;1\/2&#8243;][vc_single_image image=&#8221;28216&#8243; img_size=&#8221;full&#8221;][\/vc_column_inner][\/vc_row_inner][\/vc_column][\/vc_row][vc_row full_width=&#8221;stretch_row&#8221; top_margin=&#8221;2x&#8221; bottom_margin=&#8221;2x&#8221;][vc_column width=&#8221;1\/2&#8243; el_class=&#8221;sep-bottom-md&#8221;][vc_single_image image=&#8221;28218&#8243; img_size=&#8221;full&#8221;][\/vc_column][vc_column width=&#8221;1\/2&#8243;]<div class=\"section-title text-left wow bounceInRight\" data-wow-delay=\"0.25s\"><h3 class=\"upper normal-title\">RESPALDADA POR M\u00c1S DE 350 A\u00d1OS EN LA INDUSTRIA DEL VIDRIO. SAINT-GOBAIN<\/h3><p class=\"lead \">Situada en 64 pa\u00edses y con casi 190,000 empleados, Saint-Gobain es una de las 100 compa\u00f1\u00edas principales en todo el mundo. L\u00edder mundial en h\u00e1bitat, Saint-Gobain dise\u00f1a, manufactura y distribuye materiales de construcci\u00f3n, proporcionando soluciones innovadoras para afrontar los desaf\u00edos de crecimiento, ahorro energ\u00e9tico y protecci\u00f3n ambiental. Para obtener m\u00e1s informaci\u00f3n, visite http:\/\/www.saint-gobain.com.\nSaint-Gobain Performance Plastics es el l\u00edder mundial en pl\u00e1sticos de alto rendimiento, Saint-Gobain Performance Plastics tiene su sede principal en Aurora, Ohio (USA). La compa\u00f1\u00eda tiene 4.500 empleados en 16 pa\u00edses. Sus productos incluyen sistemas de pel\u00edculas, espumas, tejidos con revestimientos, soportes, sellos y para fluidos.<br \/>\nPara obtener m\u00e1s informaci\u00f3n, visite http:\/\/www.saint-gobain.com.<\/p><\/div>[\/vc_column][\/vc_row][vc_row full_width=&#8221;stretch_row&#8221;][vc_column]<div class=\"section-title sep-bottom-lg text-center wow fadeInRight\"><h3 class=\"upper normal-title\">ASOCIACIONES<\/h3><\/div>    <div class=\"\">\n      <div dir=\"ltr\" data-auto-play=\"3000\" data-items=\"8\" data-auto-height=\"false\" class=\"client-list owl-carousel owl-theme\">\n        <div class=\"item\"> <a href=\"http:\/\/www.aimcal.org\/\" target=\"_blank\" rel=\"noopener\"><img decoding=\"async\" class=\"img-responsive\" alt=\"AIMCAL\" src=\"https:\/\/www.solargard.com\/wp-content\/uploads\/2016\/03\/0009_bwlogo_aimcal.jpg\"><\/a> <\/div><div class=\"item\"> <a href=\"http:\/\/www.thenbs.com\/PublicationIndex\/documents?Pub=AIS\" target=\"_blank\" rel=\"noopener\"><img decoding=\"async\" class=\"img-responsive\" alt=\"AIS\" src=\"https:\/\/www.solargard.com\/wp-content\/uploads\/2016\/03\/ais.jpg\"><\/a> <\/div><div class=\"item\"> <a href=\"http:\/\/www.asid.org\" target=\"_blank\" rel=\"noopener\"><img decoding=\"async\" class=\"img-responsive\" alt=\"ASID\" src=\"https:\/\/www.solargard.com\/wp-content\/uploads\/2016\/03\/0008_bwlogo_asid.jpg\"><\/a> <\/div><div class=\"item\"> <a href=\"http:\/\/www.boma.org\" target=\"_blank\" rel=\"noopener\"><img decoding=\"async\" class=\"img-responsive\" alt=\"BOMA\" src=\"https:\/\/www.solargard.com\/wp-content\/uploads\/2016\/03\/0007_bwlogo_boma.jpg\"><\/a> <\/div><div class=\"item\"> <a href=\"https:\/\/www.energystar.gov\/\" target=\"_blank\" rel=\"noopener\"><img decoding=\"async\" class=\"img-responsive\" alt=\"Energy Star\" src=\"https:\/\/www.solargard.com\/wp-content\/uploads\/2016\/03\/0005_bwlogo_energystar.jpg\"><\/a> <\/div><div class=\"item\"> <a href=\"http:\/\/www.ggf.org.uk\" target=\"_blank\" rel=\"noopener\"><img decoding=\"async\" class=\"img-responsive\" alt=\"GGF\" src=\"https:\/\/www.solargard.com\/wp-content\/uploads\/2016\/03\/ggf.jpg\"><\/a> <\/div><div class=\"item\"> <a href=\"http:\/\/www.iwfa.com\" target=\"_blank\" rel=\"noopener\"><img decoding=\"async\" class=\"img-responsive\" alt=\"IWFA\" src=\"https:\/\/www.solargard.com\/wp-content\/uploads\/2016\/03\/iwfa.jpg\"><\/a> <\/div><div class=\"item\"> <a href=\"http:\/\/www.glass.org\" target=\"_blank\" rel=\"noopener\"><img decoding=\"async\" class=\"img-responsive\" alt=\"NGA\" src=\"https:\/\/www.solargard.com\/wp-content\/uploads\/2016\/03\/0002_bwlogo_nga.jpg\"><\/a> <\/div><div class=\"item\"> <a href=\"http:\/\/protectiveglazing.com\/\" target=\"_blank\" rel=\"noopener\"><img decoding=\"async\" class=\"img-responsive\" alt=\"PGC\" src=\"https:\/\/www.solargard.com\/wp-content\/uploads\/2016\/03\/0001_bwlogo_pgc.jpg\"><\/a> <\/div><div class=\"item\"> <a href=\"http:\/\/www.usgbc.org\/\" target=\"_blank\" rel=\"noopener\"><img decoding=\"async\" class=\"img-responsive\" alt=\"USGBC\" src=\"https:\/\/www.solargard.com\/wp-content\/uploads\/2016\/03\/0000_leaves-e1455834545243.jpg\"><\/a> <\/div><div class=\"item\"> <a href=\"http:\/\/www.wers.net\/wers-home\" target=\"_blank\" rel=\"noopener\"><img decoding=\"async\" class=\"img-responsive\" alt=\"Window Energy Rating Scheme\" src=\"https:\/\/www.solargard.com\/wp-content\/uploads\/2016\/06\/WER.png\"><\/a> <\/div><div class=\"item\"> <a href=\"http:\/\/www.wfaanz.org.au\/\" target=\"_blank\" rel=\"noopener\"><img decoding=\"async\" class=\"img-responsive\" alt=\"Window Film Association of Australia and New Zealand\" src=\"https:\/\/www.solargard.com\/wp-content\/uploads\/2016\/06\/WFAANZ-2.png\"><\/a> <\/div>\n      <\/div>\n    <\/div>[\/vc_column][\/vc_row][vc_row full_width=&#8221;stretch_row&#8221; bottom_margin=&#8221;xs&#8221; css=&#8221;.vc_custom_1456356355112{background-color: #e5f5fc !important;}&#8221;][vc_column width=&#8221;2\/12&#8243;][\/vc_column][vc_column width=&#8221;4\/12&#8243;]<div class=\"section-title text-center\"><h3 class=\"upper normal-title\">\u00bfPREGUNTAS?<\/h3><\/div>[\/vc_column][vc_column width=&#8221;4\/12&#8243;][vc_btn title=&#8221;CONT\u00c1CTANOS&#8221; style=&#8221;flat&#8221; shape=&#8221;square&#8221; color=&#8221;primary&#8221; align=&#8221;center&#8221; link=&#8221;url:http%3A%2F%2Fwww.solargard.com%2Fes-la%2Finformacion-de-contacto%2F||&#8221;][\/vc_column][vc_column width=&#8221;2\/12&#8243;][\/vc_column][\/vc_row]<\/p>\n<\/div>","protected":false},"excerpt":{"rendered":"<p>[vc_row css=&#8221;.vc_custom_1453224340078{background-color: #ffffff !important;}&#8221;][vc_column width=&#8221;1\/2&#8243;][vc_video link=&#8221;http:\/\/saint-gobain-1.wistia.com\/medias\/m8xbk1yuki?embedType=async&amp;seo=false&amp;videoFoam=true&amp;videoWidth=640&#8243;][\/vc_column][vc_column width=&#8221;1\/2&#8243;][vc_column_text] ÁñÁ«¿¿±ÈÍøÕ¾ tiene garant\u00edas l\u00edder en la industria, y nuestro equipo de servicio al cliente\u00a0aseguran que los reclamos se procesen r\u00e1pidamente. [\/vc_column_text][vc_column_text] ÁñÁ«¿¿±ÈÍøÕ¾ ofrece pel\u00edculas con calidad excepcional que aseguran la estabilidad del color durante la vida \u00fatil del producto. [\/vc_column_text][vc_column_text] Mantener la claridad es bueno para\u00a0la &hellip; <a href=\"https:\/\/www.solargard.com\/es-la\/client\/window-film-association-australia-new-zealand-2\/\">Continued<\/a><\/p>\n","protected":false},"author":1,"featured_media":28219,"parent":0,"menu_order":0,"comment_status":"closed","ping_status":"closed","template":"","meta":{"_acf_changed":false,"footnotes":""},"class_list":["post-28215","page","type-page","status-publish","has-post-thumbnail","hentry"],"acf":[],"_links":{"self":[{"href":"https:\/\/www.solargard.com\/es-la\/wp-json\/wp\/v2\/pages\/28215","targetHints":{"allow":["GET"]}}],"collection":[{"href":"https:\/\/www.solargard.com\/es-la\/wp-json\/wp\/v2\/pages"}],"about":[{"href":"https:\/\/www.solargard.com\/es-la\/wp-json\/wp\/v2\/types\/page"}],"author":[{"embeddable":true,"href":"https:\/\/www.solargard.com\/es-la\/wp-json\/wp\/v2\/users\/1"}],"replies":[{"embeddable":true,"href":"https:\/\/www.solargard.com\/es-la\/wp-json\/wp\/v2\/comments?post=28215"}],"version-history":[{"count":0,"href":"https:\/\/www.solargard.com\/es-la\/wp-json\/wp\/v2\/pages\/28215\/revisions"}],"wp:featuredmedia":[{"embeddable":true,"href":"https:\/\/www.solargard.com\/es-la\/wp-json\/wp\/v2\/media\/28219"}],"wp:attachment":[{"href":"https:\/\/www.solargard.com\/es-la\/wp-json\/wp\/v2\/media?parent=28215"}],"curies":[{"name":"wp","href":"https:\/\/api.w.org\/{rel}","templated":true}]}}