  {"id":28228,"date":"2016-03-29T22:05:39","date_gmt":"2016-03-29T22:05:39","guid":{"rendered":"https:\/\/www.solargard.com\/es-la\/informacion-de-contacto\/centros-de-servicio\/"},"modified":"2018-06-29T13:57:15","modified_gmt":"2018-06-29T13:57:15","slug":"centros-de-servicio","status":"publish","type":"page","link":"https:\/\/www.solargard.com\/es-la\/informacion-de-contacto\/centros-de-servicio\/","title":{"rendered":"Centros de Servicio al Cliente"},"content":{"rendered":"<div class=\"wpb-content-wrapper\"><p>[vc_row][vc_column][vc_column_text]<\/p>\n<h3>Encuentra tu Centro de servicio al Cliente local<\/h3>\n<p>Est\u00e9s donde est\u00e9s, estamos aqu\u00ed para satisfacer sus necesidades.[\/vc_column_text][\/vc_column][\/vc_row][vc_row top_margin=&#8221;xs&#8221;][vc_column][vc_tta_accordion shape=&#8221;square&#8221; active_section=&#8221;0&#8243; collapsible_all=&#8221;true&#8221;][vc_tta_section tab_id=&#8221;1455830786518-96522854-b8c1&#8243; title=&#8221;NORTEAM\u00c9RICA&#8221;][vc_column_text]<\/p>\n<h2>Centro de Servicio al Cliente ÁñÁ«¿¿±ÈÍøÕ¾ San Diego<\/h2>\n<p><span>4520 Viewridge Avenue<\/span><br \/>\n<span>San Diego, CA 92123<\/span><br \/>\n<span>800 735 4743 llamada gratis<\/span><br \/>\n<span>New Orders,<\/span><a href=\"mailto:sandiegoorders@solargard.com\">sandiegoorders@solargard.com<\/a><span><\/span><\/p>\n<h2>Centro de Servicio al Cliente ÁñÁ«¿¿±ÈÍøÕ¾ Largo<\/h2>\n<div id=\"ContactInfo\">\n<p>8575 A Somerset Drive<br \/>\nLargo FL 33773 USA<br \/>\n800-359-8468; 727-437-1000 Tel\u00e9fono<br \/>\nIrene Williams,<a href=\"mailto:irene.williams@saint-gobain.com\">irene.williams@saint-gobain.com<\/a><\/p>\n<div>\n<h2>Centro de Servicio al Cliente ÁñÁ«¿¿±ÈÍøÕ¾ Honolul\u00fa<\/h2>\n<div id=\"ContactInfo\">\n<p>331 Kamani Street, Ste. D<br \/>\nHonolulu HI 96813 USA<br \/>\n808-591-2827 Tel\u00e9fono<br \/>\nKarl Springman,\u00a0<a href=\"mailto:karl.springman@saint-gobain.com\">karl.springman@saint-gobain.com<\/a><\/p>\n<\/div>\n<h2>Centro de Servicio al Cliente ÁñÁ«¿¿±ÈÍøÕ¾ Tempe<\/h2>\n<div id=\"ContactInfo\">\n<p>4625 South Ash Avenue, Suite J14<br \/>\nTempe AZ 85282 USA<br \/>\n800-746-6401; 480-731-9800 Tel\u00e9fono<br \/>\nAnn Mesa,<a href=\"mailto:ann.mesa@saint-gobain.com\">ann.mesa@saint-gobain.com<\/a><\/p>\n<div>\n<div id=\"ContactInfo\">\n<div>\n<h2>Centro de Servicio al Cliente ÁñÁ«¿¿±ÈÍøÕ¾ Ontario<\/h2>\n<div id=\"ContactInfo\">\n<p>760 Pacific Road, Unit 1<br \/>\nOakville Ontario L6L 6M5 Canada<br \/>\n800-595-8468 Tel\u00e9fono<br \/>\nFrank Mackay,<a href=\"mailto:frank.mackay@saint-gobain.com\">frank.mackay@saint-gobain.com<\/a><\/p>\n<\/div>\n<\/div>\n<\/div>\n<\/div>\n<\/div>\n<\/div>\n<\/div>\n<p>[\/vc_column_text][\/vc_tta_section][vc_tta_section tab_id=&#8221;1455830786602-d5b28632-1eb2&#8243; title=&#8221;ASIA&#8221;][vc_column_text]<\/p>\n<div>\n<div>\n<div>\n<h2>ÁñÁ«¿¿±ÈÍøÕ¾\u00a0Shangh\u00e1i<\/h2>\n<div id=\"ContactInfo\">\n<p>7\/F, Office Tower, Bund Center, 222 Yan\u2019an Road East,<br \/>\nShanghai 200002, China<br \/>\n+86 21 6361 8899 Tel\u00e9fono<br \/>\n+86 21 6322 2909<br \/>\nEvan Li,<a href=\"mailto:li.zhenhua@saint-gobain.com\">li.zhenhua@saint-gobain.com<\/a><\/p>\n<\/div>\n<\/div>\n<h2><\/h2>\n<h2>ÁñÁ«¿¿±ÈÍøÕ¾\u00a0QinDao<\/h2>\n<div id=\"ContactInfo\">\n<p>South Songshan Rd,West Shuangyuan Rd, Chengyang District,<br \/>\nQingdao, 266108, China<br \/>\n+86 (0) 532 5556 9377 Tel\u00e9fono<br \/>\n+86 (0) 532 8096 7155<br \/>\nCharles Cheng,<a href=\"mailto:sanlin.cheng@saint-gobain.com\">sanlin.cheng@saint-gobain.com<\/a><\/p>\n<\/div>\n<\/div>\n<h1><\/h1>\n<\/div>\n<p>[\/vc_column_text][\/vc_tta_section][vc_tta_section tab_id=&#8221;1455830858776-fe24e8fb-feb7&#8243; title=&#8221;ESTE Y SUDESTE ASI\u00c1TICO&#8221;][vc_column_text]<\/p>\n<div>\n<h2>Saint-Gobain Performance Plastics &#8211; Jap\u00f3n<\/h2>\n<div>\n<div id=\"ContactInfo\">\n<p>6F, 3-7, Kojimachi<br \/>\nChiyoda-ku Tokyo 102-0083 Japan<br \/>\n+81-3-5216-7512 Tel\u00e9fono<br \/>\n+81-3-3263-0286<br \/>\nYoko Morita,<a href=\"mailto:yoko.morita@saint-gobain.com\">yoko.morita@saint-gobain.com<\/a><\/p>\n<\/div>\n<h2>Saint-Gobain Performance Plastics &#8211; Corea<\/h2>\n<div id=\"ContactInfo\">\n<p>8th Fl., KFAS Bldg., 211 Teheran-lo, Gangnam-gu<br \/>\nSeoul, 135-915, Korea<br \/>\n+82-2-6098-0175 Tel\u00e9fono<br \/>\n+82-2-554-1550 Fax<br \/>\nJaeseong (Jason) Park,<a href=\"mailto:jaeseong.park@saint-gobain.com\">jaeseong.park@saint-gobain.com<\/a><\/p>\n<\/div>\n<\/div>\n<\/div>\n<p><span>Sudeste Asi\u00e1tico, Corea y Jap\u00f3n<\/span>[\/vc_column_text][\/vc_tta_section][vc_tta_section tab_id=&#8221;1455830914887-156f9d6d-24cd&#8221; title=&#8221;AUSTRALIA&#8221;][vc_column_text]<\/p>\n<h2>Saint-Gobain Performance Plastics<\/h2>\n<div id=\"ContactInfo\">\n<p>7 Walker Place<br \/>\nWetherill Park NSW 2164 Australia<br \/>\n61 2 9838 8888 Tel\u00e9fono<br \/>\n61 2 9838 8088<br \/>\nRob Hamilton,<a href=\"mailto:robert.hamilton@saint-gobain.com\">robert.hamilton@saint-gobain.com<\/a><\/p>\n<\/div>\n<p>[\/vc_column_text][\/vc_tta_section][vc_tta_section tab_id=&#8221;1455830940762-d527fe1a-7869&#8243; title=&#8221;EUROPA&#8221;][vc_column_text]<\/p>\n<div id=\"ContactInfo\">\n<div>\n<div>\n<div>\n<div>\n<div>\n<div>\n<div>\n<div>\n<h2><span>SGIMB\/ÁñÁ«¿¿±ÈÍøÕ¾ Nordic<\/span> &#8211; Sweden \/ Denmark<\/h2>\n<div id=\"ContactInfo\">\n<p>Stockholmsv\u00e4gen 21<br \/>\nRimbo S-762 21 Sweden<br \/>\n+46 (0)175 748 80 Phone<br \/>\n+46 (0)175 748 89 Fax<br \/>\nAnna Bilger,\u00a0<a href=\"mailto:nordicinfo@saint-gobain.com\">nordicinfo@saint-gobain.com<\/a><\/p>\n<p>Sweden, Denmark and architectural in Norway<\/p>\n<\/div>\n<\/div>\n<\/div>\n<\/div>\n<\/div>\n<\/div>\n<\/div>\n<\/div>\n<\/div>\n<\/div>\n<div>\n<div>\n<div>\n<div>\n<div>\n<div>\n<div>\n<div>\n<div>\n<h2>Saint-Gobain ÁñÁ«¿¿±ÈÍøÕ¾\u00a0&#8211; UK<\/h2>\n<div id=\"ContactInfo\">\n<p>+44 (0)1905 640 400 Phone<br \/>\n+44 (0)1905 640 500 Fax<br \/>\nSusie Loveridge,\u00a0<a href=\"mailto:susanna.loveridge@saint-gobain.com\">susanna.loveridge@saint-gobain.com<\/a><br \/>\n<span><a href=\"mailto:solargarduk@saint-gobain.com\" target=\"_blank\" rel=\"noopener\">solargarduk@saint-gobain.com<\/a><\/span><\/p>\n<p>England, Scotland, Wales, Northern Ireland and Ireland<\/p>\n<\/div>\n<\/div>\n<\/div>\n<\/div>\n<\/div>\n<\/div>\n<\/div>\n<\/div>\n<\/div>\n<\/div>\n<h2>Saint-Gobain ÁñÁ«¿¿±ÈÍøÕ¾ NV &#8211;\u00a0<span>Central office for EMEA and Russia<\/span><\/h2>\n<div id=\"ContactInfo\">\n<p>Karreweg 18<br \/>\nZulte 9870 Belgium<br \/>\n+32 (0)9 240 95 66 Phone<br \/>\n+32 (0)9 240 95 90 Fax<br \/>\nPeter Staelens,\u00a0<a href=\"mailto:peter.staelens@saint-gobain.com\">peter.staelens@saint-gobain.com<\/a><br \/>\n<a href=\"mailto:solargard.eu@saint-gobain.com\" target=\"_blank\" rel=\"noopener\"><span class=\"s1\">solargard.eu@saint-gobain.com<\/span><\/a><\/p>\n<p class=\"p1\"><span class=\"s1\">Europe, Middle East, Africa and Russia<\/span><\/p>\n<\/div>\n<p>[\/vc_column_text][\/vc_tta_section][vc_tta_section tab_id=&#8221;1455830957714-19a9ffad-734f&#8221; title=&#8221;MEDIO ORIENTE&#8221;][vc_column_text]<\/p>\n<h2>Saint-Gobain\u00a0ÁñÁ«¿¿±ÈÍøÕ¾<\/h2>\n<div id=\"ContactInfo\"><\/div>\n<div>\n<div id=\"ContactInfo\">\n<p><span>Sodamco Emirates Factory for Building Materials, L.L.C<\/span><br \/>\n<span>P.O. Box 31320, Dubai, U.A.E.<\/span><br \/>\n<span>+971 5 444 808 59<\/span><br \/>\n<span>Marcellino Souaid,\u00a0<\/span><a href=\"mailto:marcellino.souaid@saint-gobain.com\">marcellino.souaid@saint-gobain.com<\/a><\/p>\n<\/div>\n<\/div>\n<p><span>Bar\u00e9in, Iraq, Jordania, Kuwait, L\u00edbano, Om\u00e1n, Qatar, Arabia Saudita, Emiratos \u00c1rabes Unidos, Yemen, Afganist\u00e1n, Paquist\u00e1n<\/span><span><span><\/span><\/span><\/p>\n<div><\/div>\n<p>&nbsp;<\/p>\n<p><span style=\"margin: 0px; padding: 0px; font-family: AvenirRoman; line-height: 18px; font-size: 12px;\">\u00a0<\/span>[\/vc_column_text][\/vc_tta_section][\/vc_tta_accordion][\/vc_column][\/vc_row]<\/p>\n<\/div>","protected":false},"excerpt":{"rendered":"<p>[vc_row][vc_column][vc_column_text] Encuentra tu Centro de servicio al Cliente local Est\u00e9s donde est\u00e9s, estamos aqu\u00ed para satisfacer sus necesidades.[\/vc_column_text][\/vc_column][\/vc_row][vc_row top_margin=&#8221;xs&#8221;][vc_column][vc_tta_accordion shape=&#8221;square&#8221; active_section=&#8221;0&#8243; collapsible_all=&#8221;true&#8221;][vc_tta_section tab_id=&#8221;1455830786518-96522854-b8c1&#8243; title=&#8221;NORTEAM\u00c9RICA&#8221;][vc_column_text] Centro de Servicio al Cliente ÁñÁ«¿¿±ÈÍøÕ¾ San Diego 4520 Viewridge Avenue San Diego, CA 92123 800 735 4743 llamada gratis New Orders,sandiegoorders@solargard.com Centro de Servicio al Cliente ÁñÁ«¿¿±ÈÍøÕ¾ Largo &hellip; <a href=\"https:\/\/www.solargard.com\/es-la\/informacion-de-contacto\/centros-de-servicio\/\">Continued<\/a><\/p>\n","protected":false},"author":1,"featured_media":0,"parent":28212,"menu_order":0,"comment_status":"closed","ping_status":"closed","template":"","meta":{"_acf_changed":false,"footnotes":""},"class_list":["post-28228","page","type-page","status-publish","hentry"],"acf":[],"_links":{"self":[{"href":"https:\/\/www.solargard.com\/es-la\/wp-json\/wp\/v2\/pages\/28228","targetHints":{"allow":["GET"]}}],"collection":[{"href":"https:\/\/www.solargard.com\/es-la\/wp-json\/wp\/v2\/pages"}],"about":[{"href":"https:\/\/www.solargard.com\/es-la\/wp-json\/wp\/v2\/types\/page"}],"author":[{"embeddable":true,"href":"https:\/\/www.solargard.com\/es-la\/wp-json\/wp\/v2\/users\/1"}],"replies":[{"embeddable":true,"href":"https:\/\/www.solargard.com\/es-la\/wp-json\/wp\/v2\/comments?post=28228"}],"version-history":[{"count":0,"href":"https:\/\/www.solargard.com\/es-la\/wp-json\/wp\/v2\/pages\/28228\/revisions"}],"up":[{"embeddable":true,"href":"https:\/\/www.solargard.com\/es-la\/wp-json\/wp\/v2\/pages\/28212"}],"wp:attachment":[{"href":"https:\/\/www.solargard.com\/es-la\/wp-json\/wp\/v2\/media?parent=28228"}],"curies":[{"name":"wp","href":"https:\/\/api.w.org\/{rel}","templated":true}]}}