  {"id":23406,"date":"2014-11-03T19:58:41","date_gmt":"2014-11-03T19:58:41","guid":{"rendered":"https:\/\/www.solargard.com\/esp\/?post_type=product&#038;p=23406"},"modified":"2016-03-17T18:28:15","modified_gmt":"2016-03-17T18:28:15","slug":"peliculas-solares-de-seguridad","status":"publish","type":"product","link":"https:\/\/www.solargard.com\/es-la\/product\/peliculas-solares-de-seguridad\/","title":{"rendered":"Peliculas Solares De Seguridad"},"content":{"rendered":"<div class=\"sfContentBlock\">\n<p>Las pel\u00edculas solares de seguridad ÁñÁ«¿¿±ÈÍøÕ¾ Armorcoat&reg; son polarizadas para proporcionar beneficios adicionales relacionados con el sol, que van m\u00e1s all\u00e1 de la protecci\u00f3n de rayos ultravioleta. Estas pel\u00edculas incluyen una capa de poli\u00e9ster metalizado, revestidas por pulverizaci\u00f3n con metales duraderos y ex\u00f3ticos para un rendimiento de control solar y color excepcional. Adem\u00e1s de la retenci\u00f3n de vidrio, son seleccionadas por su capacidad para ofrecer privacidad, nivelar las temperaturas, reducir al m\u00ednimo el deslumbramiento y ayudar a preservar muebles y mercanc\u00eda. Proteja a sus ocupantes y sus bienes mientras que los mantiene frescos y c\u00f3modos. Adem\u00e1s con las pel\u00edculas solares de seguridad Armorcoat&reg; reduzca significativamente el consumo de energ\u00eda.<\/p>\n<p>El calor solar y los rayos ultravioleta pueden causar la decoloraci\u00f3n de muebles, alfombras, cortinas y de mercanc\u00edas. Las pel\u00edculas de ÁñÁ«¿¿±ÈÍøÕ¾ rechazan hasta el 99 por ciento de los destructivos rayos ultravioleta y las cantidades variables de calor solar, ayudando a preservar el valor de su propiedad y proporcionando beneficios esenciales para la salud.<\/p>\n<p>Elija desde tonos grises de la serie Stainless Steel, acabados de cobre de la serie Solar Bronze y para mayor privacidad y reflectividad la serie Silver.<\/p>\n<\/div>\n<div class=\"sfContentBlock\"><\/div>\n","protected":false},"excerpt":{"rendered":"<p>Las pel\u00edculas solares de seguridad ÁñÁ«¿¿±ÈÍøÕ¾ Armorcoat&reg; son polarizadas para proporcionar beneficios adicionales relacionados con el sol, que van m\u00e1s all\u00e1 de la protecci\u00f3n de rayos ultravioleta. Estas pel\u00edculas incluyen una capa de poli\u00e9ster metalizado, revestidas por pulverizaci\u00f3n con metales duraderos y ex\u00f3ticos para un rendimiento de control solar y color excepcional. Adem\u00e1s de &hellip; <a href=\"https:\/\/www.solargard.com\/es-la\/product\/peliculas-solares-de-seguridad\/\">Continued<\/a><\/p>\n","protected":false},"featured_media":33239,"comment_status":"open","ping_status":"closed","template":"","meta":{"_acf_changed":false},"product_brand":[],"product_cat":[762,767],"product_tag":[1550,1446,1460,1476,1662,1521,1505],"class_list":{"0":"post-23406","1":"product","2":"type-product","3":"status-publish","4":"has-post-thumbnail","6":"product_cat-arquitectonico","7":"product_cat-seguridad-y-proteccion","8":"product_tag-clear-es-la","9":"product_tag-commercial-es-la","10":"product_tag-glare-es-la","11":"product_tag-heat-es-la","12":"product_tag-neutral-es-la","13":"product_tag-reflective-es-la","14":"product_tag-safety-es-la","16":"first","17":"outofstock","18":"shipping-taxable","19":"product-type-simple"},"acf":[],"_links":{"self":[{"href":"https:\/\/www.solargard.com\/es-la\/wp-json\/wp\/v2\/product\/23406","targetHints":{"allow":["GET"]}}],"collection":[{"href":"https:\/\/www.solargard.com\/es-la\/wp-json\/wp\/v2\/product"}],"about":[{"href":"https:\/\/www.solargard.com\/es-la\/wp-json\/wp\/v2\/types\/product"}],"replies":[{"embeddable":true,"href":"https:\/\/www.solargard.com\/es-la\/wp-json\/wp\/v2\/comments?post=23406"}],"wp:featuredmedia":[{"embeddable":true,"href":"https:\/\/www.solargard.com\/es-la\/wp-json\/wp\/v2\/media\/33239"}],"wp:attachment":[{"href":"https:\/\/www.solargard.com\/es-la\/wp-json\/wp\/v2\/media?parent=23406"}],"wp:term":[{"taxonomy":"product_brand","embeddable":true,"href":"https:\/\/www.solargard.com\/es-la\/wp-json\/wp\/v2\/product_brand?post=23406"},{"taxonomy":"product_cat","embeddable":true,"href":"https:\/\/www.solargard.com\/es-la\/wp-json\/wp\/v2\/product_cat?post=23406"},{"taxonomy":"product_tag","embeddable":true,"href":"https:\/\/www.solargard.com\/es-la\/wp-json\/wp\/v2\/product_tag?post=23406"}],"curies":[{"name":"wp","href":"https:\/\/api.w.org\/{rel}","templated":true}]}}