  {"id":23408,"date":"2015-03-17T16:50:31","date_gmt":"2015-03-17T16:50:31","guid":{"rendered":"https:\/\/www.solargard.com\/esp\/?post_type=product&#038;p=23408"},"modified":"2016-05-25T05:46:54","modified_gmt":"2016-05-25T05:46:54","slug":"graffitigard","status":"publish","type":"product","link":"https:\/\/www.solargard.com\/es-la\/product\/graffitigard\/","title":{"rendered":"Graffitigard"},"content":{"rendered":"<h2>Protege propiedad p\u00fablica y privada contra el vandalismo<\/h2>\n<p>La pel\u00edcula de protecci\u00f3n Graffitigard&trade; de ÁñÁ«¿¿±ÈÍøÕ¾ es un producto duradero, \u00f3pticamente transparente y desmontable que act\u00faa como una barrera sacrificable entre los v\u00e1ndalos y las superficies que cubren, incluyendo las ventanas interiores y exteriores de vidrio, espejos y otras superficies no porosas como el acero inoxidable y el m\u00e1rmol. La pel\u00edcula transparente protege las superficies de: pintura, rayones de llaves, manchas e incluso el grabado \u00e1cido. Una vez vandalizada, la pel\u00edcula es f\u00e1cilmente removida y reemplazada reduciendo los da\u00f1os a la propiedad y el mantenimiento la est\u00e9tica.<\/p>\n<p>Desde frentes de tiendas hasta pasos a desnivel, Graffitigard&trade; es cada vez m\u00e1s popular ya que es mucho menos costoso reemplazar e instalar una nueva capa, que sustituir lo que protege. Proteja sus superficies p\u00fablicas de los da\u00f1os deliberados e intencionales con las pel\u00edculas ÁñÁ«¿¿±ÈÍøÕ¾ de protecci\u00f3n de graffiti!<\/p>\n","protected":false},"excerpt":{"rendered":"<p>Protege propiedad p\u00fablica y privada contra el vandalismo La pel\u00edcula de protecci\u00f3n Graffitigard&trade; de ÁñÁ«¿¿±ÈÍøÕ¾ es un producto duradero, \u00f3pticamente transparente y desmontable que act\u00faa como una barrera sacrificable entre los v\u00e1ndalos y las superficies que cubren, incluyendo las ventanas interiores y exteriores de vidrio, espejos y otras superficies no porosas como el acero &hellip; <a href=\"https:\/\/www.solargard.com\/es-la\/product\/graffitigard\/\">Continued<\/a><\/p>\n","protected":false},"featured_media":28276,"comment_status":"open","ping_status":"closed","template":"","meta":{"_acf_changed":false},"product_brand":[],"product_cat":[1106],"product_tag":[1550,1446],"class_list":{"0":"post-23408","1":"product","2":"type-product","3":"status-publish","4":"has-post-thumbnail","6":"product_cat-anti-graffiti-es-la","7":"product_tag-clear-es-la","8":"product_tag-commercial-es-la","10":"first","11":"instock","12":"shipping-taxable","13":"product-type-simple"},"acf":[],"_links":{"self":[{"href":"https:\/\/www.solargard.com\/es-la\/wp-json\/wp\/v2\/product\/23408","targetHints":{"allow":["GET"]}}],"collection":[{"href":"https:\/\/www.solargard.com\/es-la\/wp-json\/wp\/v2\/product"}],"about":[{"href":"https:\/\/www.solargard.com\/es-la\/wp-json\/wp\/v2\/types\/product"}],"replies":[{"embeddable":true,"href":"https:\/\/www.solargard.com\/es-la\/wp-json\/wp\/v2\/comments?post=23408"}],"wp:featuredmedia":[{"embeddable":true,"href":"https:\/\/www.solargard.com\/es-la\/wp-json\/wp\/v2\/media\/28276"}],"wp:attachment":[{"href":"https:\/\/www.solargard.com\/es-la\/wp-json\/wp\/v2\/media?parent=23408"}],"wp:term":[{"taxonomy":"product_brand","embeddable":true,"href":"https:\/\/www.solargard.com\/es-la\/wp-json\/wp\/v2\/product_brand?post=23408"},{"taxonomy":"product_cat","embeddable":true,"href":"https:\/\/www.solargard.com\/es-la\/wp-json\/wp\/v2\/product_cat?post=23408"},{"taxonomy":"product_tag","embeddable":true,"href":"https:\/\/www.solargard.com\/es-la\/wp-json\/wp\/v2\/product_tag?post=23408"}],"curies":[{"name":"wp","href":"https:\/\/api.w.org\/{rel}","templated":true}]}}