  {"id":23411,"date":"2014-11-03T19:55:23","date_gmt":"2014-11-04T03:55:23","guid":{"rendered":"https:\/\/www.solargard.com\/esp\/?post_type=product&#038;p=23411"},"modified":"2022-09-21T11:01:09","modified_gmt":"2022-09-21T19:01:09","slug":"galaxie","status":"publish","type":"product","link":"https:\/\/www.solargard.com\/es-la\/product\/galaxie\/","title":{"rendered":"Galaxie"},"content":{"rendered":"<p>Calidad superior y desempe\u00f1o excepcional que mejorar\u00e1 su experiencia de manejo y le protejer\u00e1 del calor solar y de los da\u00f1inos rayos ultravioleta. La claridad l\u00edder en la industria, para una visi\u00f3n sin alteraciones y seguridad de manejo hacen que Galaxie sea la pel\u00edcula para ventana ideal para verse y mantenerse fresco.<\/p>\n<p><strong>Features and benefits:<\/strong><\/p>\n<ul>\n<li><span>Polarizado audaz negro con cuatro tonos a escoger<\/span><\/li>\n<li><span>Bloquea m\u00e1s del 99% de los rayos ultravioleta para ofrecerle protecci\u00f3n a usted, a los pasajeros y el interior del veh\u00edculo<\/span><\/li>\n<li><span>Compatible con los aparatos de se\u00f1al, incluyendo: GPS, radios satelitales, tel\u00e9fonos celulares y sistemas de monitoreo de presi\u00f3n de neum\u00e1ticos<\/span><\/li>\n<li><span>Reducci\u00f3n del deslumbramiento para un manejo seguro y confortable<\/span><\/li>\n<li><span>Garant\u00eda contra decoloraci\u00f3n\u00a0<\/span><span>excesiva o cambio de color<\/span><\/li>\n<li><span><\/span><span>Excepcional capa resistente a rayaduras sin necesidad de mantenimiento\u00a0<\/span><\/li>\n<\/ul>\n","protected":false},"excerpt":{"rendered":"<p>Calidad superior y desempe\u00f1o excepcional que mejorar\u00e1 su experiencia de manejo y le protejer\u00e1 del calor solar y de los da\u00f1inos rayos ultravioleta. La claridad l\u00edder en la industria, para una visi\u00f3n sin alteraciones y seguridad de manejo hacen que Galaxie sea la pel\u00edcula para ventana ideal para verse y mantenerse fresco. Features and benefits: &hellip; <a href=\"https:\/\/www.solargard.com\/es-la\/product\/galaxie\/\">Continued<\/a><\/p>\n","protected":false},"featured_media":37180,"comment_status":"open","ping_status":"closed","template":"","meta":{"_acf_changed":false},"product_brand":[],"product_cat":[768,770],"product_tag":[1593,1648,1634,1521,1579],"class_list":{"0":"post-23411","1":"product","2":"type-product","3":"status-publish","4":"has-post-thumbnail","6":"product_cat-automotor","7":"product_cat-no-reflectiva","8":"product_tag-color-stability-es-la","9":"product_tag-dark-tint-es-la","10":"product_tag-medium-tint-es-la","11":"product_tag-reflective-es-la","12":"product_tag-signal-friendly-es-la","14":"first","15":"instock","16":"shipping-taxable","17":"product-type-simple"},"acf":[],"_links":{"self":[{"href":"https:\/\/www.solargard.com\/es-la\/wp-json\/wp\/v2\/product\/23411","targetHints":{"allow":["GET"]}}],"collection":[{"href":"https:\/\/www.solargard.com\/es-la\/wp-json\/wp\/v2\/product"}],"about":[{"href":"https:\/\/www.solargard.com\/es-la\/wp-json\/wp\/v2\/types\/product"}],"replies":[{"embeddable":true,"href":"https:\/\/www.solargard.com\/es-la\/wp-json\/wp\/v2\/comments?post=23411"}],"wp:featuredmedia":[{"embeddable":true,"href":"https:\/\/www.solargard.com\/es-la\/wp-json\/wp\/v2\/media\/37180"}],"wp:attachment":[{"href":"https:\/\/www.solargard.com\/es-la\/wp-json\/wp\/v2\/media?parent=23411"}],"wp:term":[{"taxonomy":"product_brand","embeddable":true,"href":"https:\/\/www.solargard.com\/es-la\/wp-json\/wp\/v2\/product_brand?post=23411"},{"taxonomy":"product_cat","embeddable":true,"href":"https:\/\/www.solargard.com\/es-la\/wp-json\/wp\/v2\/product_cat?post=23411"},{"taxonomy":"product_tag","embeddable":true,"href":"https:\/\/www.solargard.com\/es-la\/wp-json\/wp\/v2\/product_tag?post=23411"}],"curies":[{"name":"wp","href":"https:\/\/api.w.org\/{rel}","templated":true}]}}