  {"id":23412,"date":"2014-11-03T12:55:30","date_gmt":"2014-11-03T19:55:30","guid":{"rendered":"https:\/\/www.solargard.com\/esp\/?post_type=product&#038;p=23412"},"modified":"2022-09-21T11:01:15","modified_gmt":"2022-09-21T19:01:15","slug":"supreme","status":"publish","type":"product","link":"https:\/\/www.solargard.com\/es-la\/product\/supreme\/","title":{"rendered":"Supreme"},"content":{"rendered":"<p>Siguiendo la tradici\u00f3n de calidad superior y valor de ÁñÁ«¿¿±ÈÍøÕ¾\u00ae, las nuevas pel\u00edculas del Supreme Series le brindan una mejor experiencia de manejo ofrece m\u00e1s tonalidades que nunca para complementar la apariencia de su veh\u00edculo. Al bloquear de m\u00e1s del 99% de los rayos ultravioleta, tendr\u00e1 asegurada la m\u00e1xima protecci\u00f3n contra los nocivos rayos UV. Adem\u00e1s, se alegrara al saber que la Serie Supreme ofrece una claridad y estabilidad de color l\u00edderes en la industria para lograr una visibilidad sin alteraciones para conducir con seguridad.<\/p>\n<h2>Caracter\u00edsticas principales<\/h2>\n<ul>\n<li>Claridad de la pel\u00edcula sin precedentes<\/li>\n<li>Estabilidad del color l\u00edder en la industria<\/li>\n<li>Reducci\u00f3n superior del reflejo de luz<\/li>\n<li>Tiempos de secado extremadamente r\u00e1pidos<\/li>\n<li>Compatible con electr\u00f3nicos, incluyendo: navegador satelital (GPS), radio satelital, tel\u00e9fono celular y monitoreo de presi\u00f3n de neum\u00e1ticos<\/li>\n<li>Complementa la apariencia del polarizado de f\u00e1brica<\/li>\n<li>Combinaci\u00f3n perfecta con toda la serie Supreme en todas las tonalidades<\/li>\n<li>Se ajusta perfectamente con el calor\/li&gt;<\/li>\n<li>Disponible en seis tonos<\/li>\n<li>Garant\u00eda limitada de por vida<\/li>\n<\/ul>\n","protected":false},"excerpt":{"rendered":"<p>Siguiendo la tradici\u00f3n de calidad superior y valor de ÁñÁ«¿¿±ÈÍøÕ¾\u00ae, las nuevas pel\u00edculas del Supreme Series le brindan una mejor experiencia de manejo ofrece m\u00e1s tonalidades que nunca para complementar la apariencia de su veh\u00edculo. Al bloquear de m\u00e1s del 99% de los rayos ultravioleta, tendr\u00e1 asegurada la m\u00e1xima protecci\u00f3n contra los nocivos rayos &hellip; <a href=\"https:\/\/www.solargard.com\/es-la\/product\/supreme\/\">Continued<\/a><\/p>\n","protected":false},"featured_media":98854,"comment_status":"open","ping_status":"closed","template":"","meta":{"_acf_changed":false},"product_brand":[],"product_cat":[768,770],"product_tag":[1593,1648,1634,1521,1579],"class_list":{"0":"post-23412","1":"product","2":"type-product","3":"status-publish","4":"has-post-thumbnail","6":"product_cat-automotor","7":"product_cat-no-reflectiva","8":"product_tag-color-stability-es-la","9":"product_tag-dark-tint-es-la","10":"product_tag-medium-tint-es-la","11":"product_tag-reflective-es-la","12":"product_tag-signal-friendly-es-la","14":"first","15":"outofstock","16":"shipping-taxable","17":"product-type-simple"},"acf":[],"_links":{"self":[{"href":"https:\/\/www.solargard.com\/es-la\/wp-json\/wp\/v2\/product\/23412","targetHints":{"allow":["GET"]}}],"collection":[{"href":"https:\/\/www.solargard.com\/es-la\/wp-json\/wp\/v2\/product"}],"about":[{"href":"https:\/\/www.solargard.com\/es-la\/wp-json\/wp\/v2\/types\/product"}],"replies":[{"embeddable":true,"href":"https:\/\/www.solargard.com\/es-la\/wp-json\/wp\/v2\/comments?post=23412"}],"wp:featuredmedia":[{"embeddable":true,"href":"https:\/\/www.solargard.com\/es-la\/wp-json\/wp\/v2\/media\/98854"}],"wp:attachment":[{"href":"https:\/\/www.solargard.com\/es-la\/wp-json\/wp\/v2\/media?parent=23412"}],"wp:term":[{"taxonomy":"product_brand","embeddable":true,"href":"https:\/\/www.solargard.com\/es-la\/wp-json\/wp\/v2\/product_brand?post=23412"},{"taxonomy":"product_cat","embeddable":true,"href":"https:\/\/www.solargard.com\/es-la\/wp-json\/wp\/v2\/product_cat?post=23412"},{"taxonomy":"product_tag","embeddable":true,"href":"https:\/\/www.solargard.com\/es-la\/wp-json\/wp\/v2\/product_tag?post=23412"}],"curies":[{"name":"wp","href":"https:\/\/api.w.org\/{rel}","templated":true}]}}