  {"id":23414,"date":"2014-11-03T19:55:45","date_gmt":"2014-11-03T19:55:45","guid":{"rendered":"https:\/\/www.solargard.com\/esp\/?post_type=product&#038;p=23414"},"modified":"2022-09-21T11:01:14","modified_gmt":"2022-09-21T19:01:14","slug":"nr-smoke-plus","status":"publish","type":"product","link":"https:\/\/www.solargard.com\/es-la\/product\/nr-smoke-plus\/","title":{"rendered":"NR Smoke Plus"},"content":{"rendered":"<p>La serie de pel\u00edculas para autos ÁñÁ«¿¿±ÈÍøÕ¾ Smoke Plus son las m\u00e1s econ\u00f3micos e incluyen las l\u00edneas no reflejantes (NR) y de alto rendimiento (HP). Estas pel\u00edculas le ofrecen un look cl\u00e1sico a un precio fant\u00e1stico. Las pel\u00edculas HP Smoke Plus son metalizado para lograr rechazar el calor, mientras que las pel\u00edculas NR Smoke Plus no interfieren con navegadores satelitales (GPS), radios satelitales o tel\u00e9fonos celulares. Para su tranquilidad, las pel\u00edculas NR incluyen una garant\u00eda de cinco a\u00f1os y las HP incluyen una garant\u00eda limitada de por vida y su construcci\u00f3n metalizada. Ambas ofrecen protecci\u00f3n UV para proteger el interior de su veh\u00edculo de la decoloraci\u00f3n.<\/p>\n<p><strong>Caracter\u00edsticas principales<\/strong><\/p>\n<ul>\n<li>Cl\u00e1sico color gris humo<\/li>\n<li>Cuatro colores para elegir, en ambas l\u00edneas HP y NR<\/li>\n<li>Bloquea hasta el 98% de los rayos UV<\/li>\n<li>Cinco a\u00f1os de garant\u00eda limitada para la l\u00ednea NR Smoke Plus y garant\u00eda limitada de por vida la line HP Smoke Plus<\/li>\n<\/ul>\n","protected":false},"excerpt":{"rendered":"<p>La serie de pel\u00edculas para autos ÁñÁ«¿¿±ÈÍøÕ¾ Smoke Plus son las m\u00e1s econ\u00f3micos e incluyen las l\u00edneas no reflejantes (NR) y de alto rendimiento (HP). Estas pel\u00edculas le ofrecen un look cl\u00e1sico a un precio fant\u00e1stico. Las pel\u00edculas HP Smoke Plus son metalizado para lograr rechazar el calor, mientras que las pel\u00edculas NR Smoke &hellip; <a href=\"https:\/\/www.solargard.com\/es-la\/product\/nr-smoke-plus\/\">Continued<\/a><\/p>\n","protected":false},"featured_media":98842,"comment_status":"open","ping_status":"closed","template":"","meta":{"_acf_changed":false},"product_brand":[],"product_cat":[768,770],"product_tag":[1648,1634,1521,1579],"class_list":{"0":"post-23414","1":"product","2":"type-product","3":"status-publish","4":"has-post-thumbnail","6":"product_cat-automotor","7":"product_cat-no-reflectiva","8":"product_tag-dark-tint-es-la","9":"product_tag-medium-tint-es-la","10":"product_tag-reflective-es-la","11":"product_tag-signal-friendly-es-la","13":"first","14":"outofstock","15":"shipping-taxable","16":"product-type-simple"},"acf":[],"_links":{"self":[{"href":"https:\/\/www.solargard.com\/es-la\/wp-json\/wp\/v2\/product\/23414","targetHints":{"allow":["GET"]}}],"collection":[{"href":"https:\/\/www.solargard.com\/es-la\/wp-json\/wp\/v2\/product"}],"about":[{"href":"https:\/\/www.solargard.com\/es-la\/wp-json\/wp\/v2\/types\/product"}],"replies":[{"embeddable":true,"href":"https:\/\/www.solargard.com\/es-la\/wp-json\/wp\/v2\/comments?post=23414"}],"wp:featuredmedia":[{"embeddable":true,"href":"https:\/\/www.solargard.com\/es-la\/wp-json\/wp\/v2\/media\/98842"}],"wp:attachment":[{"href":"https:\/\/www.solargard.com\/es-la\/wp-json\/wp\/v2\/media?parent=23414"}],"wp:term":[{"taxonomy":"product_brand","embeddable":true,"href":"https:\/\/www.solargard.com\/es-la\/wp-json\/wp\/v2\/product_brand?post=23414"},{"taxonomy":"product_cat","embeddable":true,"href":"https:\/\/www.solargard.com\/es-la\/wp-json\/wp\/v2\/product_cat?post=23414"},{"taxonomy":"product_tag","embeddable":true,"href":"https:\/\/www.solargard.com\/es-la\/wp-json\/wp\/v2\/product_tag?post=23414"}],"curies":[{"name":"wp","href":"https:\/\/api.w.org\/{rel}","templated":true}]}}