  {"id":105505,"date":"2025-03-11T09:44:19","date_gmt":"2025-03-11T17:44:19","guid":{"rendered":"https:\/\/www.solargard.com\/windshield-protection-film\/"},"modified":"2026-03-05T05:03:56","modified_gmt":"2026-03-05T13:03:56","slug":"windshield-protection-film","status":"publish","type":"page","link":"https:\/\/www.solargard.com\/fr\/windshield-protection-film\/","title":{"rendered":"Film de protection Windshield"},"content":{"rendered":"<div class=\"wpb-content-wrapper\"><p>[vc_row full_width=\u00a0\u00bbstretch_row_content_no_spaces\u00a0\u00bb top_margin=\u00a0\u00bbnone\u00a0\u00bb bottom_margin=\u00a0\u00bbnone\u00a0\u00bb css=\u00a0\u00bb.vc_custom_1754506628869{padding-top: 0px !important;padding-bottom: 0px !important;background-color: #FFC43E !important;}\u00a0\u00bb][vc_column css=\u00a0\u00bb.vc_custom_1754506619796{margin-top: 0px !important;margin-bottom: 0px !important;padding-top: 0px !important;padding-bottom: 0px !important;}\u00a0\u00bb]        <div class=\"sg-wpbc-hero-icons-cta-container scheme-sg-gold horizontal\">\n            <div class=\"container-fluid\">\n                <div class=\"row d-flex align-items-stretch\">\n                    <div class=\"col-lg-6 p-0 image order-1 order-lg-1\">\n                    <div class=\"sg-wpbc-hero-icons-cta-image\" style=\"background-image: url('https:\/\/www.solargard.com\/wp-content\/uploads\/2025\/11\/WPF-CSP-web-sun-roof.jpg');\" >\n                        <div class=\"sg-wpbc-hero-icons-cta-image-overlay left scheme-sg-gold\"><\/div>\n                    <\/div>\n                    <\/div>                    \n                    <div class=\"col-lg-6 px-3 py-3 px-lg-4 py-lg-5 text order-1 order-lg-2\">\n                        <div class=\"sg-wpbc-hero-icons-cta-header mb-4\">\n                            <h1 class=\"title mb-3\">FILM DE PROTECTION CLEARSHIELD\u00ae WPF WINDSHIELD<\/h1>\n                            <h3 class=\"subtitle mb-4\">La meilleure protection que vous ne verrez jamais<\/h3>\n                        <\/div>\n                        <p class=\"sg-wpbc-hero-icons-cta-description mb-4\"><p>Que vous traversiez la circulation urbaine ou partiez en escapade le week\u2011end, le film de protection de pare\u2011brise Clearshield WPF prot\u00e8ge votre pare\u2011brise contre les al\u00e9as inattendus de la route. Son film avanc\u00e9, optiquement clair, absorbe les impacts caus\u00e9s par les projections de pierres et les d\u00e9bris routiers, tout en bloquant 99\u202f% des rayons UV pour prot\u00e9ger \u00e0 la fois les occupants et l\u2019int\u00e9rieur de votre v\u00e9hicule.<\/p>\n<p>Pour ceux qui recherchent une durabilit\u00e9 maximale sans compromis sur le style, Clearshield WPF repr\u00e9sente la meilleure d\u00e9fense pour un pare\u2011brise propre et prot\u00e9g\u00e9. Ce film presque invisible absorbe les impacts des d\u00e9bris de la route, emp\u00eachant les \u00e9clats et fissures avant qu\u2019ils ne surviennent. Un petit investissement qui peut vous \u00e9viter des r\u00e9parations co\u00fbteuses.<\/p>\n<p><em><strong>IMPORTANT<\/strong><strong>\u202f! Pour les installateurs et utilisateurs : veuillez v<\/strong><strong>\u00e9rifier les r<\/strong><strong>\u00e9glementations locales avant d<\/strong><strong>\u2019appliquer ce produit.<\/strong><\/em><\/p>\n<\/p>\n                                                                            <div class=\"row pt-3\">\n                                <div class=\"col mb-3\">\n                                    <a href=\"https:\/\/www.solargard.com\/wp-content\/uploads\/2025\/10\/WPF-WindshieldProtectionFilm-Brochure-SK0151WPFINT-1125.pdf\" class=\"sg-wpbc-btn primary btn-block mr-3\" target=\"_blank\">\n                                        LIRE LA BROCHURE                                    <\/a>\n                                <\/div>\n                                                                <div class=\"col mb-3\">\n                                    <a href=\"https:\/\/www.youtube.com\/watch?v=wNVts830HjI\" class=\"sg-wpbc-btn outline btn-block\" target=\"_blank\" rel=\"noopener\">\n                                        REGARDER LA VIDEO                                    <\/a>\n                                <\/div>\n                                                            <\/div>\n                                            <\/div>\n                <\/div>\n            <\/div>\n        <\/div>\n        [\/vc_column][\/vc_row][vc_row full_width=\u00a0\u00bbstretch_row_content_no_spaces\u00a0\u00bb disable_element=\u00a0\u00bbyes\u00a0\u00bb top_margin=\u00a0\u00bbnone\u00a0\u00bb bottom_margin=\u00a0\u00bbnone\u00a0\u00bb css=\u00a0\u00bb.vc_custom_1754506510255{background-image: url(https:\/\/www.solargard.com\/wp-content\/uploads\/2025\/03\/wpf-intro-hero-mobile.jpg?id=103892) !important;}\u00a0\u00bb el_id=\u00a0\u00bbwpf-hero-mobile\u00a0\u00bb][vc_column offset=\u00a0\u00bbvc_hidden-lg vc_hidden-md vc_hidden-sm vc_hidden-xs\u00a0\u00bb][\/vc_column][\/vc_row][vc_section full_width=\u00a0\u00bbstretch_row\u00a0\u00bb disable_element=\u00a0\u00bbyes\u00a0\u00bb css=\u00a0\u00bb.vc_custom_1754506502454{background: #FDB92400 url(https:\/\/www.solargard.com\/wp-content\/uploads\/2025\/03\/wpf-hero-1920x-1.jpg?id=103878) !important;background-position: center !important;background-repeat: no-repeat !important;background-size: cover !important;}\u00a0\u00bb el_id=\u00a0\u00bbwpf-hero\u00a0\u00bb el_class=\u00a0\u00bbbg-text-sg-gold bg-gradient-rtl-sg-gold\u00a0\u00bb][vc_row equal_height=\u00a0\u00bbyes\u00a0\u00bb content_placement=\u00a0\u00bbmiddle\u00a0\u00bb disable_element=\u00a0\u00bbyes\u00a0\u00bb top_margin=\u00a0\u00bbnone\u00a0\u00bb bottom_margin=\u00a0\u00bbnone\u00a0\u00bb][vc_column width=\u00a0\u00bb1\/12&Prime; offset=\u00a0\u00bbvc_col-lg-6 vc_hidden-lg vc_col-md-6 vc_hidden-md vc_hidden-sm vc_hidden-xs\u00a0\u00bb][\/vc_column][vc_column width=\u00a0\u00bb11\/12&Prime; offset=\u00a0\u00bbvc_col-lg-6 vc_hidden-lg vc_col-md-6 vc_hidden-md vc_col-sm-offset-0 vc_hidden-sm vc_col-xs-12 vc_hidden-xs\u00a0\u00bb][vc_column_text css=\u00a0\u00bb\u00a0\u00bb]<\/p>\n<h1 class=\"heading\">FILM DE PROTECTION CLEARSHIELD\u00ae WPF WINDSHIELD<\/h1>\n<div id=\"awebChromeHelper\" data-version=\"1.24.3\"><\/div>\n<p>[\/vc_column_text][vc_column_text css=\u00a0\u00bb\u00a0\u00bb]<\/p>\n<h4>La meilleure protection que vous ne verrez jamais<\/h4>\n<p>[\/vc_column_text][vc_column_text css=\u00a0\u00bb.vc_custom_1772709712722{padding-top: 20px !important;padding-bottom: 20px !important;}\u00a0\u00bb]<span>Que vous traversiez la circulation urbaine ou partiez en escapade le week\u2011end, le film de protection de pare\u2011brise Clearshield WPF prot\u00e8ge votre pare\u2011brise contre les al\u00e9as inattendus de la route. Son film avanc\u00e9, optiquement clair, absorbe les impacts caus\u00e9s par les projections de pierres et les d\u00e9bris routiers, tout en bloquant 99<\/span>\u202f<span>% des rayons UV pour prot<\/span>\u00e9<span>ger <\/span>\u00e0<span> la fois les occupants et l<\/span>\u2019<span>int<\/span>\u00e9<span>rieur de votre v<\/span>\u00e9<span>hicule.<\/span><\/p>\n<p><span>Pour ceux qui recherchent une durabilit<\/span>\u00e9<span> maximale sans compromis sur le style, Clearshield WPF repr\u00e9sente la meilleure d\u00e9fense pour un pare\u2011brise propre et prot\u00e9g\u00e9. Ce film presque invisible absorbe les impacts des d\u00e9bris de la route, emp\u00eachant les \u00e9clats et fissures avant qu\u2019ils ne surviennent. Un petit investissement qui peut vous \u00e9viter des r\u00e9parations co\u00fbteuses.<\/span><\/p>\n<p><strong><span>IMPORTANT<\/span><\/strong><strong>\u202f<span>! Pour les installateurs et utilisateurs : veuillez v<\/span><\/strong><strong>\u00e9<span>rifier les r<\/span><\/strong><strong>\u00e9<span>glementations locales avant d<\/span><\/strong><strong>\u2019<span>appliquer ce produit.<\/span><\/strong>[\/vc_column_text][vc_row_inner css=\u00a0\u00bb.vc_custom_1741114088054{padding-top: 3% !important;padding-bottom: 3% !important;}\u00a0\u00bb][vc_column_inner width=\u00a0\u00bb1\/2&Prime; offset=\u00a0\u00bbvc_col-lg-8 vc_col-md-8 vc_col-xs-12&Prime;][vc_btn title=\u00a0\u00bbLIRE LA BROCHURE\u00a0\u00bb style=\u00a0\u00bbflat\u00a0\u00bb color=\u00a0\u00bbPrimary\u00a0\u00bb align=\u00a0\u00bbcenter\u00a0\u00bb css=\u00a0\u00bb\u00a0\u00bb button_block=\u00a0\u00bbtrue\u00a0\u00bb link=\u00a0\u00bburl:https%3A%2F%2Fwww.solargard.com%2Fwp-content%2Fuploads%2F2025%2F10%2FWPF-Windshield-Protection-Film-Brochure-SK0151WPFINT-1125.pdf|title:Find%20a%20Dealer|target:_blank\u00a0\u00bb][\/vc_column_inner][vc_column_inner width=\u00a0\u00bb1\/2&Prime;][vc_btn title=\u00a0\u00bbLIRE LA BROCHURE\u00a0\u00bb style=\u00a0\u00bbflat\u00a0\u00bb color=\u00a0\u00bbwhite\u00a0\u00bb align=\u00a0\u00bbcenter\u00a0\u00bb css=\u00a0\u00bb\u00a0\u00bb button_block=\u00a0\u00bbtrue\u00a0\u00bb link=\u00a0\u00bburl:https%3A%2F%2Fwww.youtube.com%2Fwatch%3Fv%3DwNVts830HjI|title:REGARDER%20LA%20VIDEO|target:_blank\u00a0\u00bb][\/vc_column_inner][\/vc_row_inner][\/vc_column][\/vc_row][\/vc_section][vc_row full_width=\u00a0\u00bbstretch_row_content_no_spaces\u00a0\u00bb content_placement=\u00a0\u00bbmiddle\u00a0\u00bb top_margin=\u00a0\u00bbnone\u00a0\u00bb bottom_margin=\u00a0\u00bbnone\u00a0\u00bb css=\u00a0\u00bb.vc_custom_1742913617620{background-image: url(https:\/\/www.solargard.com\/wp-content\/uploads\/2025\/03\/wpf-why-hero-mobile.jpg?id=103893) !important;}\u00a0\u00bb el_id=\u00a0\u00bbwpf-signs-mobile\u00a0\u00bb][vc_column offset=\u00a0\u00bbvc_hidden-lg\u00a0\u00bb][\/vc_column][\/vc_row][vc_section full_width=\u00a0\u00bbstretch_row\u00a0\u00bb css=\u00a0\u00bb.vc_custom_1742842977163{background-color: #006B9800 !important;}\u00a0\u00bb el_id=\u00a0\u00bbwpf-signs\u00a0\u00bb el_class=\u00a0\u00bbbg-text-primary bg-overlay bg-overlay-primary\u00a0\u00bb][vc_row equal_height=\u00a0\u00bbyes\u00a0\u00bb top_margin=\u00a0\u00bbnone\u00a0\u00bb bottom_margin=\u00a0\u00bbnone\u00a0\u00bb][vc_column offset=\u00a0\u00bbvc_col-lg-6 vc_col-md-12&Prime;][vc_column_text css=\u00a0\u00bb\u00a0\u00bb]<\/p>\n<h2 class=\"heading\">POURQUOI UN FILM DE PROTECTION DE PARE BRISE\u202f?<\/h2>\n<p>[\/vc_column_text][vc_column_text css=\u00a0\u00bb.vc_custom_1772710518631{padding-top: 20px !important;padding-bottom: 20px !important;}\u00a0\u00bb]<span>Remplacer un pare\u2011brise est co\u00fbteux et frustrant \u2014 mais avec Clearshield WPF, vous pouvez \u00e9viter ces d\u00e9sagr\u00e9ments.<\/span><\/p>\n<ul>\n<li><strong>Application sans bulles<\/strong> \u2013 Installation professionnelle pour un rendu impeccable et homog\u00e8ne.<\/li>\n<li><span><strong>Visibilit\u00e9 claire et sans obstruction<\/strong> \u2013 Conserve une vision parfaite, de jour comme de nuit.<\/span><\/li>\n<li><span><strong>R\u00e9sistance aux impacts<\/strong> \u2013 Prot\u00e8ge contre les projections de pierres, les d\u00e9bris routiers et l\u2019usure quotidienne.<\/span><\/li>\n<li><span><strong>Protection UV &amp; int\u00e9rieure<\/strong> \u2013 Bloque 99<\/span>\u202f<span>% des rayons UV pour pr<\/span>\u00e9<span>server votre tableau de bord, vos si<\/span>\u00e8<span>ges et vos <\/span>\u00e9<span>quipements <\/span>\u00e9<span>lectroniques.<\/span><\/li>\n<li><span><strong>Protection durable et \u00e9conomique<\/strong> \u2013 Aide \u00e0 \u00e9viter les r\u00e9parations et remplacements de pare\u2011brise co\u00fbteux.<\/span><\/li>\n<\/ul>\n<div id=\"awebChromeHelper\" data-version=\"1.24.3\"><\/div>\n<p>[\/vc_column_text][vc_row_inner][vc_column_inner width=\u00a0\u00bb2\/3&Prime; offset=\u00a0\u00bbvc_col-xs-12&Prime;][vc_btn title=\u00a0\u00bbENTRETIEN &amp; MAINTENANCE ET DONNEES TECHNIQUES\u00a0\u00bb style=\u00a0\u00bbflat\u00a0\u00bb color=\u00a0\u00bbSGGold\u00a0\u00bb align=\u00a0\u00bbcenter\u00a0\u00bb css=\u00a0\u00bb\u00a0\u00bb button_block=\u00a0\u00bbtrue\u00a0\u00bb link=\u00a0\u00bburl:https%3A%2F%2Fwww.solargard.com%2Fwp-content%2Fuploads%2F2025%2F11%2FCare-and-Maintenance_Windshield_Tech-Bulletin_1125_INT-1.pdf|title:Tech%20Data%20%26%20Maintenance|target:_blank\u00a0\u00bb][\/vc_column_inner][vc_column_inner width=\u00a0\u00bb1\/3&Prime; offset=\u00a0\u00bbvc_hidden-xs\u00a0\u00bb][\/vc_column_inner][\/vc_row_inner][\/vc_column][vc_column offset=\u00a0\u00bbvc_col-lg-6 vc_col-md-6 vc_hidden-md vc_hidden-sm vc_hidden-xs\u00a0\u00bb][vc_row_inner][vc_column_inner][vc_single_image image=\u00a0\u00bb104874&Prime; img_size=\u00a0\u00bbfull\u00a0\u00bb style=\u00a0\u00bbvc_box_border\u00a0\u00bb border_color=\u00a0\u00bbwhite\u00a0\u00bb css=\u00a0\u00bb\u00a0\u00bb][\/vc_column_inner][\/vc_row_inner][\/vc_column][\/vc_row][\/vc_section][vc_section full_width=\u00a0\u00bbstretch_row\u00a0\u00bb el_id=\u00a0\u00bbwpf-patterns\u00a0\u00bb el_class=\u00a0\u00bbbg-text-primary-dark bg-arrow-down bg-overlay bg-overlay-primary-dark\u00a0\u00bb][vc_row top_margin=\u00a0\u00bbnone\u00a0\u00bb bottom_margin=\u00a0\u00bbnone\u00a0\u00bb][vc_column el_class=\u00a0\u00bbtext-center\u00a0\u00bb][vc_column_text css=\u00a0\u00bb.vc_custom_1772710846633{padding-top: 10px !important;padding-bottom: 10px !important;}\u00a0\u00bb el_id=\u00a0\u00bbwsf-inner-row-text-block\u00a0\u00bb]<\/p>\n<h2 class=\"heading sg-blue-secondary\">CLEARSHIELD WPF ET LES SYST\u00c8MES AVANC\u00c9S D\u2019AIDE \u00c0 LA CONDUITE (ADAS)<\/h2>\n<div id=\"awebChromeHelper\" data-version=\"1.24.3\"><\/div>\n<p>[\/vc_column_text][vc_column_text css=\u00a0\u00bb\u00a0\u00bb]<span>Le film de protection de pare\u2011brise Clearshield WPF prot\u00e8ge l\u2019un de vos investissements les plus importants. Les syst\u00e8mes avanc\u00e9s d\u2019aide \u00e0 la conduite (ADAS) sont de plus en plus courants dans les v\u00e9hicules modernes, rendant le remplacement des pare\u2011brise plus co\u00fbteux en raison des besoins de recalibrage. Investir dans Clearshield WPF d\u00e8s le d\u00e9part se traduit par des \u00e9conomies importantes \u00e0 long terme \u2014 en \u00e9vitant des remplacements de pare\u2011brise on\u00e9reux et en pr\u00e9servant la valeur<br \/>\n<\/span><span>de votre v\u00e9hicule.<\/span><\/p>\n<div id=\"awebChromeHelper\" data-version=\"1.24.3\"><\/div>\n<p>[\/vc_column_text][\/vc_column][\/vc_row][\/vc_section][vc_section full_width=\u00a0\u00bbstretch_row\u00a0\u00bb css=\u00a0\u00bb.vc_custom_1742848064328{background-color: #006B9800 !important;}\u00a0\u00bb el_id=\u00a0\u00bbwpf-product-carousel\u00a0\u00bb][vc_row equal_height=\u00a0\u00bbyes\u00a0\u00bb top_margin=\u00a0\u00bbnone\u00a0\u00bb bottom_margin=\u00a0\u00bbnone\u00a0\u00bb][vc_column offset=\u00a0\u00bbvc_col-lg-6 vc_col-md-6&Prime;][vc_single_image image=\u00a0\u00bb103882&Prime; img_size=\u00a0\u00bbfull\u00a0\u00bb css=\u00a0\u00bb.vc_custom_1742906217724{padding-top: 20px !important;padding-bottom: 20px !important;}\u00a0\u00bb][\/vc_column][vc_column offset=\u00a0\u00bbvc_col-lg-6 vc_col-md-6&Prime;][vc_row_inner][vc_column_inner][vc_column_text css=\u00a0\u00bb\u00a0\u00bb]<\/p>\n<h2 class=\"heading text-primary\">LES AVANTAGES DU CLEARSHIELD WPF<\/h2>\n<p>[\/vc_column_text][vc_raw_html css=\u00a0\u00bb.vc_custom_1772711080562{padding-top: 30px !important;padding-bottom: 30px !important;}\u00a0\u00bb]JTIwJTIwJTIwJTIwJTNDZGl2JTIwY2xhc3MlM0QlMjJpY29uLWJ1bGxldC1saXN0JTIyJTNFJTBEJTBBJTIwJTIwJTIwJTIwJTIwJTIwJTIwJTIwJTNDZGl2JTIwY2xhc3MlM0QlMjJyb3clMjIlM0UlMEQlMEElMjAlMjAlMjAlMjAlMjAlMjAlMjAlMjAlMjAlMjAlMjAlMjAlM0NkaXYlMjBjbGFzcyUzRCUyMmljb24lMjIlM0UlM0NpbWclMjBzcmMlM0QlMjJodHRwcyUzQSUyRiUyRnd3dy5zb2xhcmdhcmQuY29tJTJGd3AtY29udGVudCUyRnVwbG9hZHMlMkYyMDI1JTJGMDMlMkZpY29uLWZhU2hpZWxkQWx0LnN2ZyUyMiUyMCUyRiUzRSUzQyUyRmRpdiUzRSUwRCUwQSUyMCUyMCUyMCUyMCUyMCUyMCUyMCUyMCUyMCUyMCUyMCUyMCUzQ2RpdiUyMGNsYXNzJTNEJTIydGV4dCUyMiUzRSUzQ3N0cm9uZyUzRVByb3RlY3Rpb24lMjBpbiVDMyVBOWdhbCVDMyVBOWUlMjAlM0ElMjAlM0MlMkZzdHJvbmclM0UlMjBVbmUlMjBiYXJyaSVDMyVBOHJlJTIwaW52aXNpYmxlJTIwcXVpJTIwYWJzb3JiZSUyMGxlcyUyMGltcGFjdHMlMjBzdXNjZXB0aWJsZXMlMjBkZSUyMHByb3ZvcXVlciUyMGRlcyUyMCVDMyVBOWNsYXRzJTIwZXQlMjBmaXNzdXJlcyUyMGNvJUMzJUJCdGV1eC4lM0MlMkZkaXYlM0UlMEQlMEElMjAlMjAlMjAlMjAlMjAlMjAlMjAlMjAlM0MlMkZkaXYlM0UlMEQlMEElMjAlMjAlMjAlMjAlMjAlMjAlMjAlMjAlM0NkaXYlMjBjbGFzcyUzRCUyMnJvdyUyMiUzRSUwRCUwQSUyMCUyMCUyMCUyMCUyMCUyMCUyMCUyMCUyMCUyMCUyMCUyMCUzQ2RpdiUyMGNsYXNzJTNEJTIyaWNvbiUyMiUzRSUzQ2ltZyUyMHNyYyUzRCUyMmh0dHBzJTNBJTJGJTJGd3d3LnNvbGFyZ2FyZC5jb20lMkZ3cC1jb250ZW50JTJGdXBsb2FkcyUyRjIwMjUlMkYwMyUyRmljb24tdXYtcHJvdGVjdGlvbi5zdmclMjIlMjAlMkYlM0UlM0MlMkZkaXYlM0UlMEQlMEElMjAlMjAlMjAlMjAlMjAlMjAlMjAlMjAlMjAlMjAlMjAlMjAlM0NkaXYlMjBjbGFzcyUzRCUyMnRleHQlMjIlM0UlM0NzdHJvbmclM0VQcm90ZWN0aW9uJTIwVVYlMjAlM0ElMjAlM0MlMkZzdHJvbmclM0UlMjBCbG9xdWUlMjA5OSUyMCUyNSUyMGRlcyUyMHJheW9ucyUyMFVWJTIwbm9jaWZzJTJDJTIwciVDMyVBOWR1aXNhbnQlMjBsZXMlMjBkb21tYWdlcyUyMGNhdXMlQzMlQTlzJTIwcGFyJTIwbGUlMjBzb2xlaWwlMjAlQzMlQTAlMjBsJUUyJTgwJTk5aW50JUMzJUE5cmlldXIlMjBkZSUyMHZvdHJlJTIwdiVDMyVBOWhpY3VsZSUyMGV0JTIwY29udHJpYnVhbnQlMjAlQzMlQTAlMjBnYXJkZXIlMjBsJUUyJTgwJTk5aGFiaXRhY2xlJTIwcGx1cyUyMGZyYWlzLiUzQyUyRmRpdiUzRSUwRCUwQSUyMCUyMCUyMCUyMCUyMCUyMCUyMCUyMCUzQyUyRmRpdiUzRSUwRCUwQSUyMCUyMCUyMCUyMCUyMCUyMCUyMCUyMCUzQ2RpdiUyMGNsYXNzJTNEJTIycm93JTIyJTNFJTBEJTBBJTIwJTIwJTIwJTIwJTIwJTIwJTIwJTIwJTIwJTIwJTIwJTIwJTNDZGl2JTIwY2xhc3MlM0QlMjJpY29uJTIyJTNFJTNDaW1nJTIwc3JjJTNEJTIyaHR0cHMlM0ElMkYlMkZ3d3cuc29sYXJnYXJkLmNvbSUyRndwLWNvbnRlbnQlMkZ1cGxvYWRzJTJGMjAyNSUyRjAzJTJGaWNvbi1mYVBpZ2d5QmFuay5zdmclMjIlMjAlMkYlM0UlM0MlMkZkaXYlM0UlMEQlMEElMjAlMjAlMjAlMjAlMjAlMjAlMjAlMjAlMjAlMjAlMjAlMjAlM0NkaXYlMjBjbGFzcyUzRCUyMnRleHQlMjIlM0UlM0NzdHJvbmclM0UlQzMlODljb25vbWllcyUyMCUzQSUyMCUzQyUyRnN0cm9uZyUzRSUyMFIlQzMlQTlkdWl0JTIwY29uc2lkJUMzJUE5cmFibGVtZW50JTIwbGVzJTIwcmlzcXVlcyUyMGRlJTIwZG9tbWFnZXMlMkMlMjBjZSUyMHF1aSUyMHNpZ25pZmllJTIwbW9pbnMlMjBkZSUyMHIlQzMlQTlwYXJhdGlvbnMlMjBldCUyMGRlJTIwcmVtcGxhY2VtZW50cyUyMGF1JTIwZmlsJTIwZHUlMjB0ZW1wcy4lM0MlMkZkaXYlM0UlMEQlMEElMjAlMjAlMjAlMjAlMjAlMjAlMjAlMjAlM0MlMkZkaXYlM0UlMEQlMEElMjAlMjAlMjAlMjAlMjAlMjAlMjAlMjAlM0NkaXYlMjBjbGFzcyUzRCUyMnJvdyUyMiUzRSUwRCUwQSUyMCUyMCUyMCUyMCUyMCUyMCUyMCUyMCUyMCUyMCUyMCUyMCUzQ2RpdiUyMGNsYXNzJTNEJTIyaWNvbiUyMiUzRSUzQ2ltZyUyMHNyYyUzRCUyMmh0dHBzJTNBJTJGJTJGd3d3LnNvbGFyZ2FyZC5jb20lMkZ3cC1jb250ZW50JTJGdXBsb2FkcyUyRjIwMjUlMkYwMyUyRmljb24tdmlzaWJpbGl0eS1vZmYuc3ZnJTIyJTIwJTJGJTNFJTNDJTJGZGl2JTNFJTBEJTBBJTIwJTIwJTIwJTIwJTIwJTIwJTIwJTIwJTIwJTIwJTIwJTIwJTNDZGl2JTIwY2xhc3MlM0QlMjJ0ZXh0JTIyJTNFJTNDc3Ryb25nJTNFQ2xhcnQlQzMlQTklMjBvcHRpcXVlJTIwJTNBJTIwJTNDJTJGc3Ryb25nJTNFJTIwVW5lJTIwcHJvdGVjdGlvbiUyMGludmlzaWJsZSUyQyUyMGRlJTIwam91ciUyMGNvbW1lJTIwZGUlMjBudWl0JTJDJTIwcG91ciUyMHVuZSUyMHZpc2liaWxpdCVDMyVBOSUyMG9wdGltYWxlLiUzQyUyRmRpdiUzRSUwRCUwQSUyMCUyMCUyMCUyMCUyMCUyMCUyMCUyMCUzQyUyRmRpdiUzRSUwRCUwQSUyMCUyMCUyMCUyMCUzQyUyRmRpdiUzRQ==[\/vc_raw_html][\/vc_column_inner][\/vc_row_inner][vc_row_inner][vc_column_inner offset=\u00a0\u00bbvc_col-lg-8 vc_col-md-8&Prime;][vc_btn title=\u00a0\u00bbTROUVER UN INSTALLATEUR DANS VOTRE REGION\u00a0\u00bb style=\u00a0\u00bbflat\u00a0\u00bb color=\u00a0\u00bbprimary\u00a0\u00bb align=\u00a0\u00bbcenter\u00a0\u00bb css=\u00a0\u00bb\u00a0\u00bb button_block=\u00a0\u00bbtrue\u00a0\u00bb link=\u00a0\u00bburl:https%3A%2F%2Fwww.solargard.com%2Ffr%2Ftrouver-un-applicateur%2F|target:_blank\u00a0\u00bb][\/vc_column_inner][vc_column_inner width=\u00a0\u00bb1\/3&Prime;][\/vc_column_inner][\/vc_row_inner][\/vc_column][\/vc_row][\/vc_section][vc_section full_width=\u00a0\u00bbstretch_row\u00a0\u00bb el_id=\u00a0\u00bbwpf-related-content\u00a0\u00bb][vc_row top_margin=\u00a0\u00bbnone\u00a0\u00bb bottom_margin=\u00a0\u00bbnone\u00a0\u00bb][vc_column][vc_column_text css=\u00a0\u00bb.vc_custom_1772715027052{padding-top: 10px !important;padding-bottom: 10px !important;}\u00a0\u00bb]<\/p>\n<h2 class=\"heading text-center\">PRODUITS ASSOCIES<\/h2>\n<p>[\/vc_column_text][\/vc_column][\/vc_row][vc_row top_margin=\u00a0\u00bbnone\u00a0\u00bb bottom_margin=\u00a0\u00bbmd\u00a0\u00bb][vc_column width=\u00a0\u00bb1\/2&Prime;]<a href=\"https:\/\/www.solargard.com\/fr\/films-pour-automobiles\/produits-auto\/\" class=\"content-link text-center\"><div class=\"content-link-image \" style=\"background-image: url(https:\/\/www.solargard.com\/wp-content\/uploads\/2025\/07\/hero-ppf-page.jpg)\"  data-wow-delay=\"1s\"><\/div><h4>Teintes de vitres automobiles<\/h4><h5><\/h5><\/a>[\/vc_column][vc_column width=\u00a0\u00bb1\/2&Prime;]<a href=\"https:\/\/www.solargard.com\/fr\/produit\/clearshield-pro-activ\/\" class=\"content-link text-center\"><div class=\"content-link-image \" style=\"background-image: url(https:\/\/www.solargard.com\/wp-content\/uploads\/2025\/08\/hero-automotive-subcategory.jpg)\"  data-wow-delay=\"1s\"><\/div><h4>Film protecteur de peinture<\/h4><h5><\/h5><\/a>[\/vc_column][\/vc_row][\/vc_section][vc_section full_width=\u00a0\u00bbstretch_row\u00a0\u00bb el_id=\u00a0\u00bbwpf-contact-form\u00a0\u00bb css=\u00a0\u00bb.vc_custom_1742845738718{background-position: 0 0 !important;background-repeat: no-repeat !important;}\u00a0\u00bb el_class=\u00a0\u00bbbg-text-primary bg-arrow-up bg-overlay bg-overlay-primary\u00a0\u00bb][vc_row top_margin=\u00a0\u00bbnone\u00a0\u00bb bottom_margin=\u00a0\u00bbnone\u00a0\u00bb][vc_column width=\u00a0\u00bb1\/6&Prime; offset=\u00a0\u00bbvc_hidden-xs\u00a0\u00bb][\/vc_column][vc_column width=\u00a0\u00bb2\/3&Prime; el_class=\u00a0\u00bbtext-center\u00a0\u00bb][vc_column_text css=\u00a0\u00bb\u00a0\u00bb]<\/p>\n<h2 class=\"heading\">BESOIN D\u2019UN DEVIS OU DE PLUS D\u2019INFORMATIONS ?<\/h2>\n<p>[\/vc_column_text][vc_empty_space height=\u00a0\u00bb15px\u00a0\u00bb][vc_btn title=\u00a0\u00bbTrouvez un installateur agr\u00e9\u00e9 ÁñÁ«¿¿±ÈÍøÕ¾ pr\u00e8s de chez vous\u202f!\u00a0\u00bb style=\u00a0\u00bbflat\u00a0\u00bb color=\u00a0\u00bbwhite\u00a0\u00bb align=\u00a0\u00bbcenter\u00a0\u00bb css=\u00a0\u00bb\u00a0\u00bb button_block=\u00a0\u00bbtrue\u00a0\u00bb link=\u00a0\u00bburl:https%3A%2F%2Fwww.solargard.com%2Ffr%2Ftrouver-un-applicateur%2F|target:_blank\u00a0\u00bb][vc_empty_space height=\u00a0\u00bb15px\u00a0\u00bb][\/vc_column][vc_column width=\u00a0\u00bb1\/6&Prime; offset=\u00a0\u00bbvc_hidden-xs\u00a0\u00bb][\/vc_column][\/vc_row][\/vc_section]<\/p>\n<\/div>","protected":false},"excerpt":{"rendered":"<p>[vc_row full_width=\u00a0\u00bbstretch_row_content_no_spaces\u00a0\u00bb top_margin=\u00a0\u00bbnone\u00a0\u00bb bottom_margin=\u00a0\u00bbnone\u00a0\u00bb css=\u00a0\u00bb.vc_custom_1754506628869{padding-top: 0px !important;padding-bottom: 0px !important;background-color: #FFC43E !important;}\u00a0\u00bb][vc_column css=\u00a0\u00bb.vc_custom_1754506619796{margin-top: 0px !important;margin-bottom: 0px !important;padding-top: 0px !important;padding-bottom: 0px !important;}\u00a0\u00bb][\/vc_column][\/vc_row][vc_row full_width=\u00a0\u00bbstretch_row_content_no_spaces\u00a0\u00bb disable_element=\u00a0\u00bbyes\u00a0\u00bb top_margin=\u00a0\u00bbnone\u00a0\u00bb bottom_margin=\u00a0\u00bbnone\u00a0\u00bb css=\u00a0\u00bb.vc_custom_1754506510255{background-image: url(https:\/\/www.solargard.com\/wp-content\/uploads\/2025\/03\/wpf-intro-hero-mobile.jpg?id=103892) !important;}\u00a0\u00bb el_id=\u00a0\u00bbwpf-hero-mobile\u00a0\u00bb][vc_column offset=\u00a0\u00bbvc_hidden-lg vc_hidden-md vc_hidden-sm vc_hidden-xs\u00a0\u00bb][\/vc_column][\/vc_row][vc_section full_width=\u00a0\u00bbstretch_row\u00a0\u00bb disable_element=\u00a0\u00bbyes\u00a0\u00bb css=\u00a0\u00bb.vc_custom_1754506502454{background: #FDB92400 url(https:\/\/www.solargard.com\/wp-content\/uploads\/2025\/03\/wpf-hero-1920x-1.jpg?id=103878) !important;background-position: center !important;background-repeat: no-repeat !important;background-size: cover !important;}\u00a0\u00bb el_id=\u00a0\u00bbwpf-hero\u00a0\u00bb el_class=\u00a0\u00bbbg-text-sg-gold bg-gradient-rtl-sg-gold\u00a0\u00bb][vc_row equal_height=\u00a0\u00bbyes\u00a0\u00bb content_placement=\u00a0\u00bbmiddle\u00a0\u00bb disable_element=\u00a0\u00bbyes\u00a0\u00bb top_margin=\u00a0\u00bbnone\u00a0\u00bb bottom_margin=\u00a0\u00bbnone\u00a0\u00bb][vc_column width=\u00a0\u00bb1\/12&Prime; offset=\u00a0\u00bbvc_col-lg-6 vc_hidden-lg &hellip; <a href=\"https:\/\/www.solargard.com\/fr\/windshield-protection-film\/\">Continued<\/a><\/p>\n","protected":false},"author":27,"featured_media":0,"parent":0,"menu_order":0,"comment_status":"closed","ping_status":"closed","template":"","meta":{"_acf_changed":false,"footnotes":""},"class_list":["post-105505","page","type-page","status-publish","hentry"],"acf":[],"_links":{"self":[{"href":"https:\/\/www.solargard.com\/fr\/wp-json\/wp\/v2\/pages\/105505","targetHints":{"allow":["GET"]}}],"collection":[{"href":"https:\/\/www.solargard.com\/fr\/wp-json\/wp\/v2\/pages"}],"about":[{"href":"https:\/\/www.solargard.com\/fr\/wp-json\/wp\/v2\/types\/page"}],"author":[{"embeddable":true,"href":"https:\/\/www.solargard.com\/fr\/wp-json\/wp\/v2\/users\/27"}],"replies":[{"embeddable":true,"href":"https:\/\/www.solargard.com\/fr\/wp-json\/wp\/v2\/comments?post=105505"}],"version-history":[{"count":0,"href":"https:\/\/www.solargard.com\/fr\/wp-json\/wp\/v2\/pages\/105505\/revisions"}],"wp:attachment":[{"href":"https:\/\/www.solargard.com\/fr\/wp-json\/wp\/v2\/media?parent=105505"}],"curies":[{"name":"wp","href":"https:\/\/api.w.org\/{rel}","templated":true}]}}