  {"id":15584,"date":"2016-01-14T20:28:30","date_gmt":"2016-01-14T20:28:30","guid":{"rendered":"https:\/\/www.solargard.com\/fr\/home-and-business\/"},"modified":"2022-02-07T02:01:37","modified_gmt":"2022-02-07T10:01:37","slug":"produits-films-batiments-domicile-entreprise","status":"publish","type":"page","link":"https:\/\/www.solargard.com\/fr\/films-batiments-domicile-entreprise\/produits-films-batiments-domicile-entreprise\/","title":{"rendered":"Produits b\u00e2timent"},"content":{"rendered":"<div class=\"wpb-content-wrapper\"><p>[vc_row top_margin=\u00a0\u00bb2x\u00a0\u00bb bottom_margin=\u00a0\u00bbmd\u00a0\u00bb][vc_column]<div class=\"section-title sg-section-title text-center\"><div class=\"copy-content\"><h4 class=\" normal-title\">D\u00e9couvrez nos produits b\u00e2timent<\/h4><\/div><div class=\"border-bg\"><\/div><\/div>[\/vc_column][\/vc_row][vc_row top_margin=\u00a0\u00bbnone\u00a0\u00bb bottom_margin=\u00a0\u00bbmd\u00a0\u00bb][vc_column][vc_column_text]<\/p>\n<h2 style=\"text-align: center;\">Contr\u00f4le solaire<\/h2>\n<p style=\"text-align: center;\">Con\u00e7u pour offrir la meilleure exp\u00e9rience en termes de confort, d&rsquo;\u00e9conomie d&rsquo;\u00e9nergie et d&rsquo;esth\u00e9tique.<br \/>\nLes films Solar Control sont personnalis\u00e9s pour r\u00e9pondre \u00e0 vos besoins.<br \/>\n* Les films pour vitrages QX sont vendus exclusivement via notre r\u00e9seau de <a href=\"https:\/\/www.solargard.com\/fr\/premium-partners\/\">Premium Partners.<\/a><\/p>\n<p>[\/vc_column_text][\/vc_column][\/vc_row][vc_row top_margin=\u00a0\u00bbnone\u00a0\u00bb bottom_margin=\u00a0\u00bbmd\u00a0\u00bb][vc_column]<div class=\"product-list vc_txt_align_center \"><a href=\"https:\/\/www.solargard.com\/fr\/produit\/sentinel\/\" class=\"product-link text-center\"><div class=\"product-image\" style=\"background-image: url(https:\/\/www.solargard.com\/wp-content\/uploads\/2014\/11\/ALL-FR-SENTINEL-PLUS10year-web-product-300x225.jpg)\"><\/div><h4>Ext\u00e9rieur | Sentinel Plus (Tous)<\/h4><\/a><a href=\"https:\/\/www.solargard.com\/fr\/produit\/sentinel-plus-dx\/\" class=\"product-link text-center\"><div class=\"product-image\" style=\"background-image: url(https:\/\/www.solargard.com\/wp-content\/uploads\/2020\/06\/DX-FR-SENTINEL-PLUS10year-web-product-300x225.jpg)\"><\/div><h4>Ext\u00e9rieur | Sentinel Plus DX<\/h4><\/a><a href=\"https:\/\/www.solargard.com\/fr\/produit\/sentinel-plus-qx-series\/\" class=\"product-link text-center\"><div class=\"product-image\" style=\"background-image: url(https:\/\/www.solargard.com\/wp-content\/uploads\/2020\/06\/1-QX-40-Clarion-Hotel-Arlanda-Airport-Malarfilm-SWlr-300x225.jpg)\"><\/div><h4>Ext\u00e9rieur | Sentinel Plus QX<\/h4><\/a><a href=\"https:\/\/www.solargard.com\/fr\/produit\/sentinel-plus-qxn-75\/\" class=\"product-link text-center\"><div class=\"product-image\" style=\"background-image: url(https:\/\/www.solargard.com\/wp-content\/uploads\/2024\/05\/QXN-FR-cat-SENTINEL-PLUS10year-web-product-300x225.jpg)\"><\/div><h4>Ext\u00e9rieur | Sentinel Plus QXN<\/h4><\/a><a href=\"https:\/\/www.solargard.com\/fr\/produit\/sterling\/\" class=\"product-link text-center\"><div class=\"product-image\" style=\"background-image: url(https:\/\/www.solargard.com\/wp-content\/uploads\/2016\/03\/AyersPhoto-300x225.jpg)\"><\/div><h4>Film anti UV et chaleur | Sterling<\/h4><\/a><a href=\"https:\/\/www.solargard.com\/fr\/produit\/silver\/\" class=\"product-link text-center\"><div class=\"product-image\" style=\"background-image: url(https:\/\/www.solargard.com\/wp-content\/uploads\/2014\/11\/DOE2-300x272.jpg)\"><\/div><h4>Film d\u2019intimit\u00e9 vitrage | Silver<\/h4><\/a><a href=\"https:\/\/www.solargard.com\/fr\/produit\/solar-bronze\/\" class=\"product-link text-center\"><div class=\"product-image\" style=\"background-image: url(https:\/\/www.solargard.com\/wp-content\/uploads\/2014\/11\/Nat_GEO-300x222.jpg)\"><\/div><h4>Film pour vitrage protection de l\u2019intimit\u00e9 | Solar Bronze<\/h4><\/a><a href=\"https:\/\/www.solargard.com\/fr\/produit\/truevue\/\" class=\"product-link text-center\"><div class=\"product-image\" style=\"background-image: url(https:\/\/www.solargard.com\/wp-content\/uploads\/2016\/03\/shutterstock_270840203_edited_warm-300x200.jpg)\"><\/div><h4>Film r\u00e9fl\u00e9chissant pour vitre | TrueVue<\/h4><\/a><a href=\"https:\/\/www.solargard.com\/fr\/produit\/stainless-steel\/\" class=\"product-link text-center\"><div class=\"product-image\" style=\"background-image: url(https:\/\/www.solargard.com\/wp-content\/uploads\/2016\/05\/StainlessSteel-300x200.jpg)\"><\/div><h4>Film solaire gris | Stainless Steel<\/h4><\/a><a href=\"https:\/\/www.solargard.com\/fr\/produit\/lx\/\" class=\"product-link text-center\"><div class=\"product-image\" style=\"background-image: url(https:\/\/www.solargard.com\/wp-content\/uploads\/2016\/05\/LX-Hilite_alt-300x200.jpg)\"><\/div><h4>Film solaire pour domicile | LX 70<\/h4><\/a><\/div>[\/vc_column][\/vc_row][vc_row top_margin=\u00a0\u00bbnone\u00a0\u00bb bottom_margin=\u00a0\u00bbmd\u00a0\u00bb][vc_column][vc_row_inner css=\u00a0\u00bb.vc_custom_1530051465732{padding-top: 2% !important;padding-bottom: 2% !important;}\u00a0\u00bb][vc_column_inner width=\u00a0\u00bb1\/2&Prime;][vc_column_text css=\u00a0\u00bb.vc_custom_1530053577969{padding-top: 2% !important;padding-bottom: 4% !important;}\u00a0\u00bb]<\/p>\n<h2 style=\"text-align: center;\">Dual-Climate<\/h2>\n<p style=\"text-align: center;\">Just like Low-E glass, these multi-climate films are designed to keep the heat out in summer and keep the warmth in during winter.<\/p>\n<p>[\/vc_column_text]<div class=\"product-list vc_txt_align_center \"><a href=\"https:\/\/www.solargard.com\/fr\/produit\/silver-ag\/\" class=\"product-link text-center\"><div class=\"product-image\" style=\"background-image: url(https:\/\/www.solargard.com\/wp-content\/uploads\/2014\/12\/solargard-silver-ag22-2-300x200.jpg)\"><\/div><h4>Film basse \u00e9missivit\u00e9 pour b\u00e2timents | Silver AG<\/h4><\/a><a href=\"https:\/\/www.solargard.com\/fr\/produit\/ecolux\/\" class=\"product-link text-center\"><div class=\"product-image\" style=\"background-image: url(https:\/\/www.solargard.com\/wp-content\/uploads\/2014\/11\/ecolux-300x300.jpg)\"><\/div><h4>Film d\u2019isolation thermique basse \u00e9missivit\u00e9 Ecolux\u2122<\/h4><\/a><\/div>[\/vc_column_inner][vc_column_inner width=\u00a0\u00bb1\/2&Prime;][vc_column_text css=\u00a0\u00bb.vc_custom_1530053586224{padding-top: 2% !important;padding-bottom: 4% !important;}\u00a0\u00bb]<\/p>\n<h2 style=\"text-align: center;\">Safety and Security<\/h2>\n<p style=\"text-align: center;\">Help protect yourself, your family, and your employees from intrusion, severe weather , shattered glass, and human impact.<\/p>\n<p>[\/vc_column_text]<div class=\"product-list vc_txt_align_center \"><a href=\"https:\/\/www.solargard.com\/fr\/produit\/films-de-securite-transparents\/\" class=\"product-link text-center\"><div class=\"product-image\" style=\"background-image: url(https:\/\/www.solargard.com\/wp-content\/uploads\/2016\/05\/Safety-alt-300x200.jpg)\"><\/div><h4>Film de s\u00e9curit\u00e9 transparent pour vitrages de b\u00e2timent<\/h4><\/a><a href=\"https:\/\/www.solargard.com\/fr\/produit\/films-de-securite\/\" class=\"product-link text-center\"><div class=\"product-image\" style=\"background-image: url(https:\/\/www.solargard.com\/wp-content\/uploads\/2016\/05\/Safety-300x179.jpg)\"><\/div><h4>Films protection solaire pour vitres Armorcoat<\/h4><\/a><\/div>[\/vc_column_inner][\/vc_row_inner][\/vc_column][\/vc_row][vc_row top_margin=\u00a0\u00bbnone\u00a0\u00bb bottom_margin=\u00a0\u00bbsm\u00a0\u00bb][vc_column]<div class=\"section-title sg-section-title text-center\"><div class=\"copy-content\"><h4 class=\" normal-title\">MORE THAN SOLAR CONTROL<\/h4><\/div><div class=\"border-bg\"><\/div><\/div>[\/vc_column][\/vc_row][vc_row][vc_column width=\u00a0\u00bb1\/2&Prime; offset=\u00a0\u00bbvc_col-xs-6&Prime;]<a href=\"https:\/\/www.solargard.com\/fr\/product-category\/decorative-fr\/\" class=\"product-category-link\">\n    <div class=\"content-link-image\" style=\"background-image:url('https:\/\/www.solargard.com\/wp-content\/uploads\/2016\/05\/Decorative-film-1024x620.jpg')\">\n      \n    <\/div>\n    <h4>\n      D\u00e9coratif\n    <\/h4>\n    <p>\n      Modernisez votre apparence avec des couleurs, motifs et concepts personnalis\u00e9s afin de faire ressortir votre domicile ou votre entreprise.\n    <\/p>\n  <\/a>[\/vc_column][vc_column width=\u00a0\u00bb1\/2&Prime; offset=\u00a0\u00bbvc_col-xs-6&Prime;]<a href=\"https:\/\/www.solargard.com\/fr\/product-category\/batiment\/anti-graffiti-fr\/\" class=\"product-category-link\">\n    <div class=\"content-link-image\" style=\"background-image:url('https:\/\/www.solargard.com\/wp-content\/uploads\/2016\/05\/Anti-Grafitti-1024x768.jpg')\">\n      \n    <\/div>\n    <h4>\n      Anti-graffiti\n    <\/h4>\n    <p>\n      Le film de protection ÁñÁ«¿¿±ÈÍøÕ¾ Graffitigard est un produit durable, transparent et amovible qui agit comme une barri\u00e8re entre les vandales et les surfaces qu'ils couvrent.\n    <\/p>\n  <\/a>[\/vc_column][\/vc_row][vc_row top_margin=\u00a0\u00bbmd\u00a0\u00bb][vc_column]<div class=\"section-title sep-bottom-md text-center\"><h3 class=\" normal-title\">RESOURCES<\/h3><\/div>[vc_row_inner el_class=\u00a0\u00bbsame-height-row\u00a0\u00bb][vc_column_inner width=\u00a0\u00bb1\/6&Prime;][\/vc_column_inner][vc_column_inner width=\u00a0\u00bb1\/3&Prime;][vc_btn title=\u00a0\u00bbHOME AND BUSINESS WARRANTIES\u00a0\u00bb style=\u00a0\u00bbflat\u00a0\u00bb shape=\u00a0\u00bbsquare\u00a0\u00bb color=\u00a0\u00bbprimary\u00a0\u00bb size=\u00a0\u00bblg\u00a0\u00bb align=\u00a0\u00bbcenter\u00a0\u00bb button_block=\u00a0\u00bbtrue\u00a0\u00bb el_class=\u00a0\u00bbsame-height-item\u00a0\u00bb link=\u00a0\u00bburl:http%3A%2F%2Fwww.solargard.com%2Fhome-and-business%2Fhome-and-business-warranties%2F||\u00a0\u00bb][\/vc_column_inner][vc_column_inner width=\u00a0\u00bb1\/3&Prime;][vc_btn title=\u00a0\u00bbCALCULATE YOUR ENERGY SAVINGS\u00a0\u00bb style=\u00a0\u00bbflat\u00a0\u00bb shape=\u00a0\u00bbsquare\u00a0\u00bb color=\u00a0\u00bbprimary\u00a0\u00bb size=\u00a0\u00bblg\u00a0\u00bb align=\u00a0\u00bbcenter\u00a0\u00bb button_block=\u00a0\u00bbtrue\u00a0\u00bb el_class=\u00a0\u00bbsame-height-item\u00a0\u00bb link=\u00a0\u00bburl:http%3A%2F%2Fwww.solargard.com%2Fsolar-comfort%2F||\u00a0\u00bb][\/vc_column_inner][vc_column_inner width=\u00a0\u00bb1\/6&Prime;][\/vc_column_inner][\/vc_row_inner][\/vc_column][\/vc_row][vc_row full_width=\u00a0\u00bbstretch_row\u00a0\u00bb bottom_margin=\u00a0\u00bbxs\u00a0\u00bb css=\u00a0\u00bb.vc_custom_1456356450604{background-color: #e5f5fc !important;}\u00a0\u00bb][vc_column width=\u00a0\u00bb2\/12&Prime;][\/vc_column][vc_column width=\u00a0\u00bb4\/12&Prime;]<div class=\"section-title text-center\"><h3 class=\"upper normal-title\">Ready to install?<\/h3><\/div>[\/vc_column][vc_column width=\u00a0\u00bb4\/12&Prime;][vc_btn title=\u00a0\u00bbFIND A PRO\u00a0\u00bb style=\u00a0\u00bbflat\u00a0\u00bb shape=\u00a0\u00bbsquare\u00a0\u00bb color=\u00a0\u00bbprimary\u00a0\u00bb link=\u00a0\u00bburl:http%3A%2F%2Fwww.solargard.com%2Ffind-a-dealer%2F||\u00a0\u00bb][\/vc_column][vc_column width=\u00a0\u00bb2\/12&Prime;][\/vc_column][\/vc_row]<\/p>\n<\/div>","protected":false},"excerpt":{"rendered":"<p>[vc_row top_margin=\u00a0\u00bb2x\u00a0\u00bb bottom_margin=\u00a0\u00bbmd\u00a0\u00bb][vc_column][\/vc_column][\/vc_row][vc_row top_margin=\u00a0\u00bbnone\u00a0\u00bb bottom_margin=\u00a0\u00bbmd\u00a0\u00bb][vc_column][vc_column_text] Contr\u00f4le solaire Con\u00e7u pour offrir la meilleure exp\u00e9rience en termes de confort, d&rsquo;\u00e9conomie d&rsquo;\u00e9nergie et d&rsquo;esth\u00e9tique. Les films Solar Control sont personnalis\u00e9s pour r\u00e9pondre \u00e0 vos besoins. * Les films pour vitrages QX sont vendus exclusivement via notre r\u00e9seau de Premium Partners. [\/vc_column_text][\/vc_column][\/vc_row][vc_row top_margin=\u00a0\u00bbnone\u00a0\u00bb bottom_margin=\u00a0\u00bbmd\u00a0\u00bb][vc_column][\/vc_column][\/vc_row][vc_row top_margin=\u00a0\u00bbnone\u00a0\u00bb bottom_margin=\u00a0\u00bbmd\u00a0\u00bb][vc_column][vc_row_inner css=\u00a0\u00bb.vc_custom_1530051465732{padding-top: 2% !important;padding-bottom: &hellip; <a href=\"https:\/\/www.solargard.com\/fr\/produit\/films-de-securite\/\">Continued<\/a><\/p>\n","protected":false},"author":1,"featured_media":21227,"parent":34649,"menu_order":0,"comment_status":"closed","ping_status":"closed","template":"","meta":{"_acf_changed":false,"footnotes":""},"class_list":["post-15584","page","type-page","status-publish","has-post-thumbnail","hentry"],"acf":[],"_links":{"self":[{"href":"https:\/\/www.solargard.com\/fr\/wp-json\/wp\/v2\/pages\/15584","targetHints":{"allow":["GET"]}}],"collection":[{"href":"https:\/\/www.solargard.com\/fr\/wp-json\/wp\/v2\/pages"}],"about":[{"href":"https:\/\/www.solargard.com\/fr\/wp-json\/wp\/v2\/types\/page"}],"author":[{"embeddable":true,"href":"https:\/\/www.solargard.com\/fr\/wp-json\/wp\/v2\/users\/1"}],"replies":[{"embeddable":true,"href":"https:\/\/www.solargard.com\/fr\/wp-json\/wp\/v2\/comments?post=15584"}],"version-history":[{"count":0,"href":"https:\/\/www.solargard.com\/fr\/wp-json\/wp\/v2\/pages\/15584\/revisions"}],"up":[{"embeddable":true,"href":"https:\/\/www.solargard.com\/fr\/wp-json\/wp\/v2\/pages\/34649"}],"wp:featuredmedia":[{"embeddable":true,"href":"https:\/\/www.solargard.com\/fr\/wp-json\/wp\/v2\/media\/21227"}],"wp:attachment":[{"href":"https:\/\/www.solargard.com\/fr\/wp-json\/wp\/v2\/media?parent=15584"}],"curies":[{"name":"wp","href":"https:\/\/api.w.org\/{rel}","templated":true}]}}