  {"id":93570,"date":"2020-11-25T11:30:22","date_gmt":"2020-11-25T19:30:22","guid":{"rendered":"https:\/\/www.solargard.com\/films-batiments-domicile-entreprise\/produits-films-batiments-domicile-entreprise\/antimicrobial-films\/"},"modified":"2024-10-02T03:09:50","modified_gmt":"2024-10-02T11:09:50","slug":"antimicrobial-films","status":"publish","type":"page","link":"https:\/\/www.solargard.com\/fr\/films-batiments-domicile-entreprise\/produits-films-batiments-domicile-entreprise\/antimicrobial-films\/","title":{"rendered":"ÁñÁ«¿¿±ÈÍøÕ¾ Film antimicrobien"},"content":{"rendered":"<div class=\"wpb-content-wrapper\"><p>[vc_section full_width=\u00a0\u00bbstretch_row\u00a0\u00bb el_id=\u00a0\u00bbintro-copy\u00a0\u00bb][vc_row top_margin=\u00a0\u00bbmd\u00a0\u00bb][vc_column width=\u00a0\u00bb1\/2&Prime;][vc_single_image image=\u00a0\u00bb91811&Prime; img_size=\u00a0\u00bbfull\u00a0\u00bb css=\u00a0\u00bb.vc_custom_1610350675067{padding-top: 25px !important;}\u00a0\u00bb][vc_column_text]<strong>Remarque:<\/strong> la superposition hexagonale montre le positionnement du film.<br \/>\nLe film lui-m\u00eame est parfaitement clair.[\/vc_column_text][\/vc_column][vc_column width=\u00a0\u00bb1\/2&Prime;][vc_column_text]<\/p>\n<h2>ÁñÁ«¿¿±ÈÍøÕ¾<sup>\u00ae<\/sup> Film antimicrobien<\/h2>\n<p class=\"p1\">Con\u00e7us pour \u00eatre facilement remplac\u00e9s, les films antimicrobiens ÁñÁ«¿¿±ÈÍøÕ¾ fournissent une barri\u00e8re pratiquement\u00a0invisible qui prot\u00e8ge les surfaces planes contre de dommages permanents. Ils sont \u00e9galement dot\u00e9s de la technologie brevet\u00e9e aux ions d\u2019argent <a href=\"https:\/\/www.biocote.com\/how-antimicrobial-technology-works\/\" target=\"_blank\" rel=\"noopener\">BioCote<sup>\u00ae<\/sup><\/a>. Le composant actif BioCote<span class=\"s1\"><sup>\u00ae<\/sup> <\/span>est infus\u00e9 dans la couche anti-rayures\u00a0durant le processus de fabrication de ces films. Les propri\u00e9t\u00e9s antimicrobiennes\u00a0des iones d\u2019argent prouv\u00e9es scientifiquement prot\u00e8gent ces films des\u00a0effets n\u00e9gatifs des microbes en inhibant leur croissance sur la surface.<\/p>\n<p class=\"p1\">Gr\u00e2ce \u00e0 sa grande histoire couronn\u00e9e de succ\u00e8s comme antimicrobien, l\u2019argent est l\u2019une des technologies les plus utilis\u00e9es au monde.<\/p>\n<p><span>&gt;\u00a0<\/span><a href=\"https:\/\/www.biocote.com\/how-antimicrobial-technology-works\/\" target=\"_blank\" rel=\"noopener\">Biocote\u00ae : En savoir plus<\/a>[\/vc_column_text][vc_row_inner content_placement=\u00a0\u00bbtop\u00a0\u00bb css=\u00a0\u00bb.vc_custom_1610350890823{margin-top: 25px !important;border-top-width: 0px !important;border-bottom-width: 2% !important;padding-top: 0% !important;}\u00a0\u00bb][vc_column_inner css=\u00a0\u00bb.vc_custom_1610350733579{padding-top: 0px !important;}\u00a0\u00bb][vc_message color=\u00a0\u00bbinfo\u00a0\u00bb style=\u00a0\u00bbsquare\u00a0\u00bb css=\u00a0\u00bb.vc_custom_1613551273508{margin-top: 0px !important;}\u00a0\u00bb]<\/p>\n<h4>Le saviez vous ?<\/h4>\n<p class=\"p1\">Chaque jour, nous entrons en contact avec des millions de micro-organismes\u00a0invisibles, notamment des bact\u00e9ries, des moisissures et des champignons.\u00a0Ces microbes peuvent avoir des effets n\u00e9gatifs sur les produits, y compris les\u00a0odeurs, les t\u00e2ches et la d\u00e9gradation des mat\u00e9riaux. Cela peut \u00e9galement\u00a0conduire \u00e0 une d\u00e9faillance pr\u00e9coce du produit.<\/p>\n<p>[\/vc_message][\/vc_column_inner][\/vc_row_inner][\/vc_column][\/vc_row][\/vc_section][vc_section full_width=\u00a0\u00bbstretch_row\u00a0\u00bb el_id=\u00a0\u00bbwhat-is-amf\u00a0\u00bb css=\u00a0\u00bb.vc_custom_1606347709214{background: #f7f7f7 url(https:\/\/www.solargard.com\/wp-content\/uploads\/2020\/11\/bg-oct-wave-gry.png?id=91828) !important;background-position: center !important;background-repeat: no-repeat !important;background-size: contain !important;}\u00a0\u00bb][vc_row top_margin=\u00a0\u00bbsm\u00a0\u00bb bottom_margin=\u00a0\u00bbsm\u00a0\u00bb][vc_column][vc_row_inner][vc_column_inner][vc_column_text]<\/p>\n<h2 style=\"text-align: center;\">Que sont les antimicrobiens et comment fonctionnent-ils?<\/h2>\n<p>[\/vc_column_text][\/vc_column_inner][\/vc_row_inner][\/vc_column][\/vc_row][vc_row top_margin=\u00a0\u00bbnone\u00a0\u00bb bottom_margin=\u00a0\u00bbnone\u00a0\u00bb el_id=\u00a0\u00bbwhat-is-am-video\u00a0\u00bb][vc_column][vc_row_inner][vc_column_inner][vc_column_text]<\/p>\n<p style=\"text-align: center;\">Les antimicrobiens, comme ceux contenus dans <strong>ÁñÁ«¿¿±ÈÍøÕ¾ 4 Mil AM avec la technologie BioCote<\/strong>, affectent n\u00e9gativement la croissance des micro-organismes de diverses mani\u00e8res. Ils peuvent endommager les prot\u00e9ines essentielles, entra\u00eenant un \u00e9chec de la production d&rsquo;\u00e9nergie ou perturber la membrane microbienne, alt\u00e9rant l&rsquo;int\u00e9grit\u00e9 structurelle. Ils peuvent \u00e9galement causer des dommages oxydatifs, entra\u00eenant des dommages aux syst\u00e8mes internes du microbe et interf\u00e9rer avec l&rsquo;ADN pour emp\u00eacher la r\u00e9plication du microbe.<\/p>\n<p>[\/vc_column_text][vc_column_text]<\/p>\n<h5 id=\"#AMVIDEO\"><span style=\"color: #ffffff;\">AMVIDEO<\/span><\/h5>\n<p>[\/vc_column_text][\/vc_column_inner][\/vc_row_inner][\/vc_column][\/vc_row][vc_row el_id=\u00a0\u00bbam-video\u00a0\u00bb][vc_column][vc_row_inner][vc_column_inner][vc_video link=\u00a0\u00bbhttps:\/\/www.youtube.com\/watch?v=frjihwjuL2k\u00a0\u00bb][\/vc_column_inner][\/vc_row_inner][\/vc_column][\/vc_row][\/vc_section][vc_section full_width=\u00a0\u00bbstretch_row\u00a0\u00bb el_id=\u00a0\u00bbamf-benefits\u00a0\u00bb css=\u00a0\u00bb.vc_custom_1606333984029{background: #14264e url(https:\/\/www.solargard.com\/wp-content\/uploads\/2020\/11\/bg-oct-wave-blu.png?id=91790) !important;background-position: 0 0 !important;background-repeat: no-repeat !important;}\u00a0\u00bb el_class=\u00a0\u00bbbg-dark\u00a0\u00bb][vc_row bottom_margin=\u00a0\u00bbsm\u00a0\u00bb][vc_column][vc_column_text]<\/p>\n<h2 style=\"text-align: center;\">ÁñÁ«¿¿±ÈÍøÕ¾<sup>\u00ae<\/sup> 4 Mil AM &#8211; Caractr\u00e9ristiques et avantages :<\/h2>\n<p>[\/vc_column_text][\/vc_column][\/vc_row][vc_row top_margin=\u00a0\u00bbsm\u00a0\u00bb bottom_margin=\u00a0\u00bbsm\u00a0\u00bb][vc_column][vc_row_inner][vc_column_inner width=\u00a0\u00bb1\/4&Prime; offset=\u00a0\u00bbvc_col-md-3 vc_col-xs-6&Prime; css=\u00a0\u00bb.vc_custom_1606336164378{padding-top: 2% !important;padding-bottom: 2% !important;}\u00a0\u00bb][vc_single_image image=\u00a0\u00bb91683&Prime; alignment=\u00a0\u00bbcenter\u00a0\u00bb][vc_column_text]<\/p>\n<p style=\"text-align: center;\"><strong>Protection antimicrobienne<br \/>\ninvisible<\/strong><\/p>\n<p>[\/vc_column_text][\/vc_column_inner][vc_column_inner width=\u00a0\u00bb1\/4&Prime; offset=\u00a0\u00bbvc_col-md-3 vc_col-xs-6&Prime; css=\u00a0\u00bb.vc_custom_1606336174857{padding-top: 2% !important;padding-bottom: 2% !important;}\u00a0\u00bb][vc_single_image image=\u00a0\u00bb91731&Prime; alignment=\u00a0\u00bbcenter\u00a0\u00bb][vc_column_text]<\/p>\n<p style=\"text-align: center;\"><strong>R\u00e9sistant aux rayures<\/strong><\/p>\n<p>[\/vc_column_text][\/vc_column_inner][vc_column_inner width=\u00a0\u00bb1\/4&Prime; offset=\u00a0\u00bbvc_col-md-offset-0 vc_col-md-3 vc_col-sm-offset-0 vc_col-xs-6&Prime; css=\u00a0\u00bb.vc_custom_1606336249309{padding-top: 2% !important;padding-bottom: 2% !important;}\u00a0\u00bb][vc_single_image image=\u00a0\u00bb91716&Prime; alignment=\u00a0\u00bbcenter\u00a0\u00bb][vc_column_text]<\/p>\n<p style=\"text-align: center;\"><strong>Adh\u00e9sif amovible<br \/>\nFacile \u00e0 installer<br \/>\nSe laisse enlever sans traces<\/strong><\/p>\n<p>[\/vc_column_text][\/vc_column_inner][vc_column_inner width=\u00a0\u00bb1\/4&Prime; offset=\u00a0\u00bbvc_col-md-3 vc_col-xs-6&Prime; css=\u00a0\u00bb.vc_custom_1606336254749{padding-top: 2% !important;padding-bottom: 2% !important;}\u00a0\u00bb][vc_single_image image=\u00a0\u00bb91776&Prime; alignment=\u00a0\u00bbcenter\u00a0\u00bb][vc_column_text]<\/p>\n<p style=\"text-align: center;\"><strong>Optiquement clair<\/strong><\/p>\n<p>[\/vc_column_text][\/vc_column_inner][\/vc_row_inner][\/vc_column][\/vc_row][vc_row top_margin=\u00a0\u00bbsm\u00a0\u00bb bottom_margin=\u00a0\u00bbsm\u00a0\u00bb][vc_column][vc_row_inner][vc_column_inner width=\u00a0\u00bb1\/4&Prime; offset=\u00a0\u00bbvc_col-md-3 vc_col-xs-6&Prime; css=\u00a0\u00bb.vc_custom_1606336164378{padding-top: 2% !important;padding-bottom: 2% !important;}\u00a0\u00bb][vc_single_image image=\u00a0\u00bb91746&Prime; alignment=\u00a0\u00bbcenter\u00a0\u00bb][vc_column_text]<\/p>\n<p style=\"text-align: center;\"><strong>Inhibiteurs UV int\u00e9gr\u00e9s<\/strong><\/p>\n<p>[\/vc_column_text][\/vc_column_inner][vc_column_inner width=\u00a0\u00bb1\/4&Prime; offset=\u00a0\u00bbvc_col-md-3 vc_col-xs-6&Prime; css=\u00a0\u00bb.vc_custom_1606336174857{padding-top: 2% !important;padding-bottom: 2% !important;}\u00a0\u00bb][vc_single_image image=\u00a0\u00bb91761&Prime; alignment=\u00a0\u00bbcenter\u00a0\u00bb][vc_column_text]<\/p>\n<p style=\"text-align: center;\"><strong>Emp\u00eache le remplacement<br \/>\non\u00e9reux de surface<\/strong><\/p>\n<p>[\/vc_column_text][\/vc_column_inner][vc_column_inner width=\u00a0\u00bb1\/4&Prime; offset=\u00a0\u00bbvc_col-md-offset-0 vc_col-md-3 vc_col-sm-offset-0 vc_col-xs-6&Prime; css=\u00a0\u00bb.vc_custom_1606336249309{padding-top: 2% !important;padding-bottom: 2% !important;}\u00a0\u00bb][vc_single_image image=\u00a0\u00bb91701&Prime; alignment=\u00a0\u00bbcenter\u00a0\u00bb][vc_column_text]<\/p>\n<p style=\"text-align: center;\"><strong>Protection antimicrobienne<br \/>\n\u00e0 long terme<\/strong><\/p>\n<p>[\/vc_column_text][\/vc_column_inner][vc_column_inner width=\u00a0\u00bb1\/4&Prime; offset=\u00a0\u00bbvc_col-md-3 vc_col-xs-6&Prime; css=\u00a0\u00bb.vc_custom_1606336254749{padding-top: 2% !important;padding-bottom: 2% !important;}\u00a0\u00bb][vc_single_image image=\u00a0\u00bb93367&Prime; alignment=\u00a0\u00bbcenter\u00a0\u00bb][vc_column_text]<\/p>\n<p style=\"text-align: center;\"><strong>Test\u00e9 selon<br \/>\nEN 45545<\/strong><\/p>\n<p>[\/vc_column_text][\/vc_column_inner][\/vc_row_inner][\/vc_column][vc_column][vc_empty_space][\/vc_column][\/vc_row][\/vc_section][vc_section full_width=\u00a0\u00bbstretch_row\u00a0\u00bb el_id=\u00a0\u00bbamf-product-makeup\u00a0\u00bb css=\u00a0\u00bb.vc_custom_1606337538310{background-image: url(https:\/\/www.solargard.com\/wp-content\/uploads\/2020\/11\/bg-oct-lt-blu.png?id=91845) !important;background-position: center !important;background-repeat: no-repeat !important;background-size: cover !important;}\u00a0\u00bb][vc_row top_margin=\u00a0\u00bbsm\u00a0\u00bb bottom_margin=\u00a0\u00bbsm\u00a0\u00bb][vc_column][vc_column_text]<\/p>\n<h2 style=\"text-align: center;\">ÁñÁ«¿¿±ÈÍøÕ¾<sup>\u00ae<\/sup> 4 Mil AM &#8211; Composition du produit \/ Ressources<\/h2>\n<p>[\/vc_column_text][\/vc_column][\/vc_row][vc_row top_margin=\u00a0\u00bbsm\u00a0\u00bb][vc_column width=\u00a0\u00bb1\/2&Prime;][vc_single_image image=\u00a0\u00bb93627&Prime; img_size=\u00a0\u00bbfull\u00a0\u00bb alignment=\u00a0\u00bbcenter\u00a0\u00bb][\/vc_column][vc_column width=\u00a0\u00bb1\/2&Prime;][vc_column_text]<\/p>\n<h3>Ressources:<\/h3>\n<p>Cliquez sur les liens ci-dessous pour t\u00e9l\u00e9charger des ressources au format PDF :<\/p>\n<ul>\n<li><a href=\"https:\/\/adobeindd.com\/view\/publications\/513c8803-22f0-4766-9d94-45075f61d10e\/1\/publication-web-resources\/pdf\/Intertek_Test_Report_12-16-20.pdf\" target=\"_blank\" rel=\"noopener noreferrer\"><strong>Certificat d\u2019analyse<\/strong> (Selon ISO 22196:2011)<\/a><\/li>\n<li><a href=\"https:\/\/indd.adobe.com\/view\/eb5c16dc-f8d8-43c4-a9aa-e45aadc5dcfb\" target=\"_blank\" rel=\"noopener noreferrer\"><strong>Rapport antimicrobien<\/strong><\/a><\/li>\n<li><a href=\"https:\/\/indd.adobe.com\/view\/2a4bdfab-6681-4b05-a410-409229e48e44\" target=\"_blank\" rel=\"noopener noreferrer\"><strong>Brochure<\/strong><\/a><\/li>\n<\/ul>\n<p>[\/vc_column_text][\/vc_column][\/vc_row][vc_row top_margin=\u00a0\u00bbxs\u00a0\u00bb bottom_margin=\u00a0\u00bbsm\u00a0\u00bb el_id=\u00a0\u00bb2-min\u00a0\u00bb css=\u00a0\u00bb.vc_custom_1614766777122{background-image: url(https:\/\/www.solargard.com\/wp-content\/uploads\/2020\/11\/bg-oct-lt-blu.png?id=91849) !important;}\u00a0\u00bb][vc_column][\/vc_column][\/vc_row][\/vc_section][vc_section full_width=\u00a0\u00bbstretch_row\u00a0\u00bb el_id=\u00a0\u00bb2-min-fr\u00a0\u00bb css=\u00a0\u00bb.vc_custom_1614766732340{background-image: url(https:\/\/www.solargard.com\/wp-content\/uploads\/2021\/03\/web_cover_antimicrobial_INT_20_bg.jpg?id=93828) !important;background-position: center !important;background-repeat: no-repeat !important;background-size: cover !important;}\u00a0\u00bb][vc_row top_margin=\u00a0\u00bbsm\u00a0\u00bb][vc_column width=\u00a0\u00bb1\/2&Prime;][vc_column_text]<\/p>\n<h2 style=\"text-align: left;\"><span style=\"color: #ffffff;\">Des chiffres qui parlent:<br \/>\n<\/span><span style=\"color: #00ccff;\"><strong>Jusqu&rsquo;\u00e0 9<span class=\"s2\">6% <\/span>r\u00e9duction apr\u00e8s 2 min<\/strong><\/span><\/h2>\n<p>[\/vc_column_text][vc_column_text css_animation=\u00a0\u00bbbounceIn\u00a0\u00bb]<span style=\"color: #33cccc;\"><strong><img loading=\"lazy\" decoding=\"async\" class=\"aligncenter wp-image-93832\" src=\"https:\/\/www.solargard.com\/wp-content\/uploads\/2021\/03\/intertek-test-2min-21-e1614763488411.png\" alt=\"\" width=\"791\" height=\"570\" \/><\/strong><span class=\"Apple-converted-space\"><\/span><\/span><span style=\"color: #ffffff;\"><span style=\"color: #33cccc;\"><\/span><strong><span style=\"color: #ffcc00;\"><a style=\"color: #ffcc00;\" href=\"https:\/\/indd.adobe.com\/view\/eb5c16dc-f8d8-43c4-a9aa-e45aadc5dcfb\" target=\"_blank\" rel=\"noopener noreferrer\"> \u00bb<\/a><\/span> <a href=\"https:\/\/indd.adobe.com\/view\/eb5c16dc-f8d8-43c4-a9aa-e45aadc5dcfb\" target=\"_blank\" rel=\"noopener noreferrer\"><span style=\"color: #ffffff;\">Rapport INTERTEK<\/span><\/a><\/strong><\/span>[\/vc_column_text][\/vc_column][vc_column width=\u00a0\u00bb1\/2&Prime;][vc_single_image image=\u00a0\u00bb93819&Prime; img_size=\u00a0\u00bbfull\u00a0\u00bb alignment=\u00a0\u00bbcenter\u00a0\u00bb css=\u00a0\u00bb.vc_custom_1614761422106{margin-top: 0px !important;border-top-width: 0px !important;padding-top: 0px !important;}\u00a0\u00bb][vc_column_text]<\/p>\n<p style=\"text-align: center;\"><span style=\"color: #ffffff;\">La r\u00e9duction de bact\u00e9ries sur ÁñÁ«¿¿±ÈÍøÕ¾<br \/>\n4 mil AM est un processus rapide.<span class=\"Apple-converted-space\"><br \/>\n<\/span><\/span><\/p>\n<p>[\/vc_column_text][\/vc_column][\/vc_row][\/vc_section][vc_section full_width=\u00a0\u00bbstretch_row\u00a0\u00bb el_id=\u00a0\u00bbamf-where-installed\u00a0\u00bb css=\u00a0\u00bb.vc_custom_1606340010900{background-color: #f7f7f7 !important;}\u00a0\u00bb][vc_row top_margin=\u00a0\u00bbsm\u00a0\u00bb bottom_margin=\u00a0\u00bbxs\u00a0\u00bb][vc_column][vc_column_text]<\/p>\n<h2 style=\"text-align: center;\">Applications<\/h2>\n<p>[\/vc_column_text][\/vc_column][\/vc_row][vc_row top_margin=\u00a0\u00bbnone\u00a0\u00bb bottom_margin=\u00a0\u00bbsm\u00a0\u00bb][vc_column][vc_column_text]<\/p>\n<p style=\"text-align: center;\">Les films ÁñÁ«¿¿±ÈÍøÕ¾ 4 mil AM sont la solution id\u00e9ale pour une grande vari\u00e9t\u00e9 de surfaces en verre et composites plats et \u00e0 texture minimale.<br \/>\nCommencez imm\u00e9diatement \u00e0 prot\u00e9ger les points de contact haute fr\u00e9quence avec une seule installation.<\/p>\n<p>[\/vc_column_text][\/vc_column][\/vc_row][vc_row top_margin=\u00a0\u00bbnone\u00a0\u00bb bottom_margin=\u00a0\u00bbsm\u00a0\u00bb][vc_column width=\u00a0\u00bb1\/4&Prime;][vc_column_text]<\/p>\n<ul>\n<li><strong>Verre &amp; autres<br \/>\nsurfaces lisses<\/strong><\/li>\n<li><strong>Entr\u00e9es<\/strong><\/li>\n<\/ul>\n<p>[\/vc_column_text][\/vc_column][vc_column width=\u00a0\u00bb1\/4&Prime;][vc_column_text css=\u00a0\u00bb.vc_custom_1613551429753{margin-right: 0px !important;margin-left: 0px !important;border-right-width: 0px !important;border-left-width: 0px !important;padding-right: 0px !important;padding-left: 0px !important;}\u00a0\u00bb]<\/p>\n<ul>\n<li><strong>\u00c9crans du moniteur<br \/>\n&amp; des appareils<\/strong><\/li>\n<li><strong>Plans de travail<\/strong><\/li>\n<\/ul>\n<p>[\/vc_column_text][\/vc_column][vc_column width=\u00a0\u00bb1\/4&Prime;][vc_column_text]<\/p>\n<ul>\n<li><strong>Vitrines &amp; surfaces<br \/>\nde vente au d\u00e9tail<\/strong><\/li>\n<li><strong>Murs &amp; cloisons<\/strong><\/li>\n<\/ul>\n<p>[\/vc_column_text][\/vc_column][vc_column width=\u00a0\u00bb1\/4&Prime;][vc_column_text]<\/p>\n<ul>\n<li><strong>Ascenseurs &amp;<br \/>\nescaliers m\u00e9caniques<\/strong><\/li>\n<li><strong>Les transports en commun<\/strong><\/li>\n<\/ul>\n<p>[\/vc_column_text][\/vc_column][\/vc_row][vc_row top_margin=\u00a0\u00bbsm\u00a0\u00bb bottom_margin=\u00a0\u00bbxs\u00a0\u00bb][vc_column width=\u00a0\u00bb1\/3&Prime;][vc_single_image image=\u00a0\u00bb91955&Prime; img_size=\u00a0\u00bbfull\u00a0\u00bb alignment=\u00a0\u00bbcenter\u00a0\u00bb][\/vc_column][vc_column width=\u00a0\u00bb1\/3&Prime;][vc_single_image image=\u00a0\u00bb91925&Prime; img_size=\u00a0\u00bbfull\u00a0\u00bb alignment=\u00a0\u00bbcenter\u00a0\u00bb][\/vc_column][vc_column width=\u00a0\u00bb1\/3&Prime;][vc_single_image image=\u00a0\u00bb91940&Prime; img_size=\u00a0\u00bbfull\u00a0\u00bb alignment=\u00a0\u00bbcenter\u00a0\u00bb][\/vc_column][\/vc_row][vc_row top_margin=\u00a0\u00bbxs\u00a0\u00bb][vc_column width=\u00a0\u00bb1\/3&Prime;][vc_single_image image=\u00a0\u00bb91880&Prime; img_size=\u00a0\u00bbfull\u00a0\u00bb alignment=\u00a0\u00bbcenter\u00a0\u00bb][\/vc_column][vc_column width=\u00a0\u00bb1\/3&Prime;][vc_single_image image=\u00a0\u00bb91895&Prime; img_size=\u00a0\u00bbfull\u00a0\u00bb alignment=\u00a0\u00bbcenter\u00a0\u00bb][\/vc_column][vc_column width=\u00a0\u00bb1\/3&Prime;][vc_single_image image=\u00a0\u00bb91910&Prime; img_size=\u00a0\u00bbfull\u00a0\u00bb alignment=\u00a0\u00bbcenter\u00a0\u00bb][\/vc_column][\/vc_row][\/vc_section][vc_section el_id=\u00a0\u00bbamf-cta-contact\u00a0\u00bb][vc_row top_margin=\u00a0\u00bbsm\u00a0\u00bb bottom_margin=\u00a0\u00bbxs\u00a0\u00bb][vc_column][vc_column_text]<\/p>\n<h2 style=\"text-align: center;\">EN SAVOIR PLUS ?<\/h2>\n<p style=\"text-align: center;\"><span>POUR EN SAVOIR PLUS SUR SOLAR GARD FILMS ANTIMICROBIENS,<br \/>\nCONTACTZ-NOUS\u00a0PAR COURRIEL\u00a0 <a href=\"mailto:ANTIMICROBIAL@SAINT-GOBAIN.COM\" target=\"_blank\" rel=\"noopener noreferrer\"><strong>ANTIMICROBIAL@SAINT-GOBAIN.COM<\/strong><\/a><br \/>\nOU REMPLISSEZ LE FORMULAIRE CI-DESSOUS.<\/span><\/p>\n<p>[\/vc_column_text][\/vc_column][\/vc_row][vc_row top_margin=\u00a0\u00bbnone\u00a0\u00bb bottom_margin=\u00a0\u00bbsm\u00a0\u00bb][vc_column][vc_column_text]<\/p>\n<p style=\"text-align: center;\">Pr\u00eat \u00e0 utiliser ÁñÁ«¿¿±ÈÍøÕ¾ 4 Mil AM pour votre prochain projet? Nous serons heureux de r\u00e9pondre \u00e0 toutes vos questions.<br \/>\nVeuillez remplir les informations ci-dessous, un expert ÁñÁ«¿¿±ÈÍøÕ¾ vous r\u00e9pondra imm\u00e9diatement!<\/p>\n<p>[\/vc_column_text][\/vc_column][\/vc_row][vc_row top_margin=\u00a0\u00bbsm\u00a0\u00bb bottom_margin=\u00a0\u00bbnone\u00a0\u00bb][vc_column][\/vc_column][\/vc_row][\/vc_section][vc_section full_width=\u00a0\u00bbstretch_row\u00a0\u00bb content_placement=\u00a0\u00bbtop\u00a0\u00bb el_id=\u00a0\u00bbamf-footer\u00a0\u00bb css=\u00a0\u00bb.vc_custom_1606340881316{padding-bottom: 15% !important;background-image: url(https:\/\/www.solargard.com\/wp-content\/uploads\/2020\/11\/bg-oct-wht-3.png?id=92032) !important;background-position: center !important;background-repeat: no-repeat !important;background-size: cover !important;}\u00a0\u00bb][vc_row top_margin=\u00a0\u00bbnone\u00a0\u00bb css=\u00a0\u00bb.vc_custom_1606340916390{padding-top: 10% !important;}\u00a0\u00bb][vc_column width=\u00a0\u00bb1\/6&Prime;][vc_column_text]<img loading=\"lazy\" decoding=\"async\" class=\"wp-image-93063 alignleft\" src=\"https:\/\/www.solargard.com\/wp-content\/uploads\/2021\/01\/solargard-logo-s.png\" alt=\"\" width=\"118\" height=\"75\" srcset=\"https:\/\/www.solargard.com\/wp-content\/uploads\/2021\/01\/solargard-logo-s.png 246w, https:\/\/www.solargard.com\/wp-content\/uploads\/2021\/01\/solargard-logo-s-150x95.png 150w\" sizes=\"auto, (max-width: 118px) 100vw, 118px\" \/>[\/vc_column_text][\/vc_column][vc_column width=\u00a0\u00bb2\/3&Prime;][vc_column_text css=\u00a0\u00bb.vc_custom_1613551068803{padding-top: 10px !important;}\u00a0\u00bb]<\/p>\n<p style=\"text-align: center;\"><small><span>BioCote\u00ae est une marque d\u00e9pos\u00e9e de BioCote Limited. La technologie BioCote\u00ae est enregistr\u00e9e aupr\u00e8s de l&rsquo;EPA. Chaque film ÁñÁ«¿¿±ÈÍøÕ¾ prot\u00e9g\u00e9 avec BioCote\u00ae est test\u00e9 ind\u00e9pendamment pour garantir son efficacit\u00e9 continue dans la r\u00e9duction des niveaux de microbes et de bact\u00e9ries tels que le SARM, E. coli jusqu&rsquo;\u00e0 99,99%.<br \/>\nLa technologie ne remplace pas de bonnes pratiques d&rsquo;hygi\u00e8ne et \/ ou de nettoyage.<br \/>\n<\/span><\/small><\/p>\n<p>[\/vc_column_text][\/vc_column][vc_column width=\u00a0\u00bb1\/6&Prime; css=\u00a0\u00bb.vc_custom_1610465095154{margin-top: 0px !important;border-top-width: 0px !important;padding-top: 0px !important;}\u00a0\u00bb][vc_column_text]<img loading=\"lazy\" decoding=\"async\" class=\"wp-image-93048 aligncenter\" src=\"https:\/\/www.solargard.com\/wp-content\/uploads\/2021\/01\/biocote-logo.png\" alt=\"\" width=\"72\" height=\"61\" srcset=\"https:\/\/www.solargard.com\/wp-content\/uploads\/2021\/01\/biocote-logo.png 146w, https:\/\/www.solargard.com\/wp-content\/uploads\/2021\/01\/biocote-logo-112x95.png 112w\" sizes=\"auto, (max-width: 72px) 100vw, 72px\" \/>[\/vc_column_text][\/vc_column][\/vc_row][\/vc_section]<\/p>\n<\/div>","protected":false},"excerpt":{"rendered":"<p>[vc_section full_width=\u00a0\u00bbstretch_row\u00a0\u00bb el_id=\u00a0\u00bbintro-copy\u00a0\u00bb][vc_row top_margin=\u00a0\u00bbmd\u00a0\u00bb][vc_column width=\u00a0\u00bb1\/2&Prime;][vc_single_image image=\u00a0\u00bb91811&Prime; img_size=\u00a0\u00bbfull\u00a0\u00bb css=\u00a0\u00bb.vc_custom_1610350675067{padding-top: 25px !important;}\u00a0\u00bb][vc_column_text]Remarque: la superposition hexagonale montre le positionnement du film. Le film lui-m\u00eame est parfaitement clair.[\/vc_column_text][\/vc_column][vc_column width=\u00a0\u00bb1\/2&Prime;][vc_column_text] ÁñÁ«¿¿±ÈÍøÕ¾\u00ae Film antimicrobien Con\u00e7us pour \u00eatre facilement remplac\u00e9s, les films antimicrobiens ÁñÁ«¿¿±ÈÍøÕ¾ fournissent une barri\u00e8re pratiquement\u00a0invisible qui prot\u00e8ge les surfaces planes contre de dommages permanents. Ils sont \u00e9galement &hellip; <a href=\"https:\/\/www.solargard.com\/fr\/films-batiments-domicile-entreprise\/produits-films-batiments-domicile-entreprise\/antimicrobial-films\/\">Continued<\/a><\/p>\n","protected":false},"author":27,"featured_media":0,"parent":15584,"menu_order":0,"comment_status":"closed","ping_status":"closed","template":"","meta":{"_acf_changed":false,"footnotes":""},"class_list":["post-93570","page","type-page","status-publish","hentry"],"acf":[],"_links":{"self":[{"href":"https:\/\/www.solargard.com\/fr\/wp-json\/wp\/v2\/pages\/93570","targetHints":{"allow":["GET"]}}],"collection":[{"href":"https:\/\/www.solargard.com\/fr\/wp-json\/wp\/v2\/pages"}],"about":[{"href":"https:\/\/www.solargard.com\/fr\/wp-json\/wp\/v2\/types\/page"}],"author":[{"embeddable":true,"href":"https:\/\/www.solargard.com\/fr\/wp-json\/wp\/v2\/users\/27"}],"replies":[{"embeddable":true,"href":"https:\/\/www.solargard.com\/fr\/wp-json\/wp\/v2\/comments?post=93570"}],"version-history":[{"count":0,"href":"https:\/\/www.solargard.com\/fr\/wp-json\/wp\/v2\/pages\/93570\/revisions"}],"up":[{"embeddable":true,"href":"https:\/\/www.solargard.com\/fr\/wp-json\/wp\/v2\/pages\/15584"}],"wp:attachment":[{"href":"https:\/\/www.solargard.com\/fr\/wp-json\/wp\/v2\/media?parent=93570"}],"curies":[{"name":"wp","href":"https:\/\/api.w.org\/{rel}","templated":true}]}}