  {"id":105501,"date":"2023-01-16T13:43:39","date_gmt":"2023-01-16T21:43:39","guid":{"rendered":"https:\/\/www.solargard.com\/product\/solstice\/"},"modified":"2026-03-10T22:54:12","modified_gmt":"2026-03-11T06:54:12","slug":"solstice","status":"publish","type":"product","link":"https:\/\/www.solargard.com\/fr\/produit\/solstice\/","title":{"rendered":"Solstice\u2122"},"content":{"rendered":"<p>D\u00e9couvrez la sensation et l\u2019allure que vous offre ÁñÁ«¿¿±ÈÍøÕ¾\u00ae Solstice. Con\u00e7ue pour am\u00e9liorer votre exp\u00e9rience de conduite tout en vous prot\u00e9geant vous et l\u2019int\u00e9rieur de votre v\u00e9hicule contre les rayons UV nocifs, la gamme Solstice offre une clart\u00e9 optique exceptionnelle ainsi qu\u2019une technologie compatible avec vos signaux \u00e9lectroniques, pour pr\u00e9server \u00e0 la fois votre visibilit\u00e9 et votre connectivit\u00e9.<\/p>\n<h2>POINTS CL\u00c9S :<\/h2>\n<ul>\n<li>Coloration noire profonde<\/li>\n<li>Aspect non r\u00e9fl\u00e9chissant<\/li>\n<li>Clart\u00e9 optique pour une vision intacte<\/li>\n<li>Compatible avec les signaux \u00e9lectroniques : GPS, satellite, radio AM, t\u00e9l\u00e9phonie mobile et syst\u00e8mes TPM<\/li>\n<li>Rejet de la chaleur solaire et de l\u2019\u00e9blouissement pour un meilleur confort<\/li>\n<\/ul>\n<p><a class=\"btn btn-primary\" title=\"Brochure\" href=\"https:\/\/www.solargard.com\/wp-content\/uploads\/2026\/03\/SOLSTICE-Auto-Films-BROCHURE-3-FOLD.pdf\" target=\"_blank\" rel=\"noopener\">Brochure<\/a>\u00a0 \u00a0\u00a0<a class=\"btn btn-primary\" href=\"https:\/\/www.solargard.com\/fr\/trouver-un-applicateur\/\">Trouver un applicateur<\/a><\/p>\n","protected":false},"excerpt":{"rendered":"<p>D\u00e9couvrez la sensation et l\u2019allure que vous offre ÁñÁ«¿¿±ÈÍøÕ¾\u00ae Solstice. Con\u00e7ue pour am\u00e9liorer votre exp\u00e9rience de conduite tout en vous prot\u00e9geant vous et l\u2019int\u00e9rieur de votre v\u00e9hicule contre les rayons UV nocifs, la gamme Solstice offre une clart\u00e9 optique exceptionnelle ainsi qu\u2019une technologie compatible avec vos signaux \u00e9lectroniques, pour pr\u00e9server \u00e0 la fois votre &hellip; <a href=\"https:\/\/www.solargard.com\/fr\/produit\/solstice\/\">Continued<\/a><\/p>\n","protected":false},"featured_media":105502,"comment_status":"closed","ping_status":"closed","template":"","meta":{"_acf_changed":false},"product_brand":[],"product_cat":[834,837],"product_tag":[],"class_list":{"0":"post-105501","1":"product","2":"type-product","3":"status-publish","4":"has-post-thumbnail","6":"product_cat-automobile","7":"product_cat-not-reflective","9":"first","10":"instock","11":"shipping-taxable","12":"product-type-simple"},"acf":[],"_links":{"self":[{"href":"https:\/\/www.solargard.com\/fr\/wp-json\/wp\/v2\/product\/105501","targetHints":{"allow":["GET"]}}],"collection":[{"href":"https:\/\/www.solargard.com\/fr\/wp-json\/wp\/v2\/product"}],"about":[{"href":"https:\/\/www.solargard.com\/fr\/wp-json\/wp\/v2\/types\/product"}],"replies":[{"embeddable":true,"href":"https:\/\/www.solargard.com\/fr\/wp-json\/wp\/v2\/comments?post=105501"}],"wp:featuredmedia":[{"embeddable":true,"href":"https:\/\/www.solargard.com\/fr\/wp-json\/wp\/v2\/media\/105502"}],"wp:attachment":[{"href":"https:\/\/www.solargard.com\/fr\/wp-json\/wp\/v2\/media?parent=105501"}],"wp:term":[{"taxonomy":"product_brand","embeddable":true,"href":"https:\/\/www.solargard.com\/fr\/wp-json\/wp\/v2\/product_brand?post=105501"},{"taxonomy":"product_cat","embeddable":true,"href":"https:\/\/www.solargard.com\/fr\/wp-json\/wp\/v2\/product_cat?post=105501"},{"taxonomy":"product_tag","embeddable":true,"href":"https:\/\/www.solargard.com\/fr\/wp-json\/wp\/v2\/product_tag?post=105501"}],"curies":[{"name":"wp","href":"https:\/\/api.w.org\/{rel}","templated":true}]}}