  {"id":23551,"date":"2014-11-03T19:58:19","date_gmt":"2014-11-03T19:58:19","guid":{"rendered":"https:\/\/www.solargard.com\/fr\/?post_type=product&#038;p=23551"},"modified":"2018-11-13T18:31:22","modified_gmt":"2018-11-14T01:31:22","slug":"solar-bronze","status":"publish","type":"product","link":"https:\/\/www.solargard.com\/fr\/produit\/solar-bronze\/","title":{"rendered":"Film pour vitrage protection de l\u2019intimit\u00e9 | Solar Bronze"},"content":{"rendered":"<h1><span data-sheets-value=\"{&quot;1&quot;:2,&quot;2&quot;:&quot;Film pour vitrage protection de l\u2019intimit\u00e9 Solar Bronze&quot;}\" data-sheets-userformat=\"{&quot;2&quot;:33585214,&quot;4&quot;:[null,2,15397341],&quot;5&quot;:{&quot;1&quot;:[{&quot;1&quot;:2,&quot;2&quot;:0,&quot;5&quot;:{&quot;1&quot;:0}},{&quot;1&quot;:0,&quot;2&quot;:0,&quot;3&quot;:3},{&quot;1&quot;:1,&quot;2&quot;:0,&quot;4&quot;:1}]},&quot;6&quot;:{&quot;1&quot;:[{&quot;1&quot;:2,&quot;2&quot;:0,&quot;5&quot;:{&quot;1&quot;:0}},{&quot;1&quot;:0,&quot;2&quot;:0,&quot;3&quot;:3},{&quot;1&quot;:1,&quot;2&quot;:0,&quot;4&quot;:1}]},&quot;7&quot;:{&quot;1&quot;:[{&quot;1&quot;:2,&quot;2&quot;:0,&quot;5&quot;:{&quot;1&quot;:0}},{&quot;1&quot;:0,&quot;2&quot;:0,&quot;3&quot;:3},{&quot;1&quot;:1,&quot;2&quot;:0,&quot;4&quot;:1}]},&quot;8&quot;:{&quot;1&quot;:[{&quot;1&quot;:2,&quot;2&quot;:0,&quot;5&quot;:{&quot;1&quot;:0}},{&quot;1&quot;:0,&quot;2&quot;:0,&quot;3&quot;:3},{&quot;1&quot;:1,&quot;2&quot;:0,&quot;4&quot;:1}]},&quot;14&quot;:[null,2,0],&quot;15&quot;:&quot;Calibri&quot;,&quot;16&quot;:8,&quot;17&quot;:1,&quot;28&quot;:1}\">Film pour vitrage protection de l\u2019intimit\u00e9 Solar Bronze<\/span><\/h1>\n<p><span>La s\u00e9rie ÁñÁ«¿¿±ÈÍøÕ¾ Solar Bronze ajoute une finition cuivr\u00e9e chaleureuse aux ouvertures architecturales, qui s&rsquo;harmonise \u00e0 merveille avec les coloris naturels. Ces films offrent un rejet \u00e9lev\u00e9 de chaleur et une excellente protection de l&rsquo;intimit\u00e9, tout en maintenant une intensit\u00e9 agr\u00e9able de lumi\u00e8re naturelle. Ajoutez de la sophistication et de la beaut\u00e9 \u00e0 votre demeure gr\u00e2ce aux films Solar Bronze.<\/span><\/p>\n","protected":false},"excerpt":{"rendered":"<p>Film pour vitrage protection de l\u2019intimit\u00e9 Solar Bronze La s\u00e9rie ÁñÁ«¿¿±ÈÍøÕ¾ Solar Bronze ajoute une finition cuivr\u00e9e chaleureuse aux ouvertures architecturales, qui s&rsquo;harmonise \u00e0 merveille avec les coloris naturels. Ces films offrent un rejet \u00e9lev\u00e9 de chaleur et une excellente protection de l&rsquo;intimit\u00e9, tout en maintenant une intensit\u00e9 agr\u00e9able de lumi\u00e8re naturelle. Ajoutez de &hellip; <a href=\"https:\/\/www.solargard.com\/fr\/produit\/solar-bronze\/\">Continued<\/a><\/p>\n","protected":false},"featured_media":28410,"comment_status":"open","ping_status":"closed","template":"","meta":{"_acf_changed":false},"product_brand":[],"product_cat":[828,833],"product_tag":[1451,1481,1496,1526],"class_list":{"0":"post-23551","1":"product","2":"type-product","3":"status-publish","4":"has-post-thumbnail","6":"product_cat-batiment","7":"product_cat-controle-solaire","8":"product_tag-commercial-fr","9":"product_tag-heat-fr","10":"product_tag-privacy-fr","11":"product_tag-reflective-fr","13":"first","14":"outofstock","15":"shipping-taxable","16":"product-type-simple"},"acf":[],"_links":{"self":[{"href":"https:\/\/www.solargard.com\/fr\/wp-json\/wp\/v2\/product\/23551","targetHints":{"allow":["GET"]}}],"collection":[{"href":"https:\/\/www.solargard.com\/fr\/wp-json\/wp\/v2\/product"}],"about":[{"href":"https:\/\/www.solargard.com\/fr\/wp-json\/wp\/v2\/types\/product"}],"replies":[{"embeddable":true,"href":"https:\/\/www.solargard.com\/fr\/wp-json\/wp\/v2\/comments?post=23551"}],"wp:featuredmedia":[{"embeddable":true,"href":"https:\/\/www.solargard.com\/fr\/wp-json\/wp\/v2\/media\/28410"}],"wp:attachment":[{"href":"https:\/\/www.solargard.com\/fr\/wp-json\/wp\/v2\/media?parent=23551"}],"wp:term":[{"taxonomy":"product_brand","embeddable":true,"href":"https:\/\/www.solargard.com\/fr\/wp-json\/wp\/v2\/product_brand?post=23551"},{"taxonomy":"product_cat","embeddable":true,"href":"https:\/\/www.solargard.com\/fr\/wp-json\/wp\/v2\/product_cat?post=23551"},{"taxonomy":"product_tag","embeddable":true,"href":"https:\/\/www.solargard.com\/fr\/wp-json\/wp\/v2\/product_tag?post=23551"}],"curies":[{"name":"wp","href":"https:\/\/api.w.org\/{rel}","templated":true}]}}