  {"id":23563,"date":"2014-11-03T12:55:30","date_gmt":"2014-11-03T19:55:30","guid":{"rendered":"https:\/\/www.solargard.com\/fr\/?post_type=product&#038;p=23563"},"modified":"2022-09-21T10:59:08","modified_gmt":"2022-09-21T18:59:08","slug":"supreme","status":"publish","type":"product","link":"https:\/\/www.solargard.com\/fr\/produit\/supreme\/","title":{"rendered":"NR Supreme"},"content":{"rendered":"<h1><span data-sheets-value=\"{&quot;1&quot;:2,&quot;2&quot;:&quot;Film anti UV transparent voiture NR Supreme&quot;}\" data-sheets-userformat=\"{&quot;2&quot;:33585342,&quot;4&quot;:[null,2,15397341],&quot;5&quot;:{&quot;1&quot;:[{&quot;1&quot;:2,&quot;2&quot;:0,&quot;5&quot;:{&quot;1&quot;:0}},{&quot;1&quot;:0,&quot;2&quot;:0,&quot;3&quot;:3},{&quot;1&quot;:1,&quot;2&quot;:0,&quot;4&quot;:1}]},&quot;6&quot;:{&quot;1&quot;:[{&quot;1&quot;:2,&quot;2&quot;:0,&quot;5&quot;:{&quot;1&quot;:0}},{&quot;1&quot;:0,&quot;2&quot;:0,&quot;3&quot;:3},{&quot;1&quot;:1,&quot;2&quot;:0,&quot;4&quot;:1}]},&quot;7&quot;:{&quot;1&quot;:[{&quot;1&quot;:2,&quot;2&quot;:0,&quot;5&quot;:{&quot;1&quot;:0}},{&quot;1&quot;:0,&quot;2&quot;:0,&quot;3&quot;:3},{&quot;1&quot;:1,&quot;2&quot;:0,&quot;4&quot;:1}]},&quot;8&quot;:{&quot;1&quot;:[{&quot;1&quot;:2,&quot;2&quot;:0,&quot;5&quot;:{&quot;1&quot;:0}},{&quot;1&quot;:0,&quot;2&quot;:0,&quot;3&quot;:3},{&quot;1&quot;:1,&quot;2&quot;:0,&quot;4&quot;:1}]},&quot;10&quot;:1,&quot;14&quot;:[null,2,0],&quot;15&quot;:&quot;Calibri&quot;,&quot;16&quot;:8,&quot;17&quot;:1,&quot;28&quot;:1}\">NR Supreme<\/span><\/h1>\n<p>Fid\u00e8le \u00e0 la tradition de qualit\u00e9 sup\u00e9rieure et de valeur inestimable des produits ÁñÁ«¿¿±ÈÍøÕ¾, le nouveau film de la s\u00e9rie Supreme vous offre un confort de conduite accru et le choix parmi de plus nombreuses nuances que jamais en vue de personnaliser votre v\u00e9hicule. En bloquant plus de 99% de la lumi\u00e8re ultraviolette, ce film vous assurera une protection maximale contre les rayons UV nocifs. Vous serez en outre heureux d&rsquo;apprendre que la gamme Supreme offre aussi une transparence in\u00e9gal\u00e9e vous permettant de jouir d&rsquo;une visibilit\u00e9 inalt\u00e9r\u00e9e et d&rsquo;une s\u00e9curit\u00e9 de conduite sans pr\u00e9c\u00e9dent.<\/p>\n<p><strong>Fonctions et avantages:<\/strong><\/p>\n<ul>\n<li>Transparence sans pr\u00e9c\u00e9dent<\/li>\n<li>Stabilit\u00e9 exceptionnelle des couleurs<\/li>\n<li>R\u00e9duction efficace des \u00e9blouissements<\/li>\n<li>D\u00e9lais de s\u00e9chage exceptionnellement rapides<\/li>\n<li>Aucune entrave des satellites, du GPS, du TPM* et des t\u00e9l\u00e9phones cellulaires<\/li>\n<li>Compl\u00e9mente les vitres teint\u00e9es d&rsquo;usine<\/li>\n<li>Propri\u00e9t\u00e9s thermor\u00e9tractiles optimales<\/li>\n<li>Disponibles en six nuances<\/li>\n<\/ul>\n<p>* Syst\u00e8me de contr\u00f4le de pression des pneus (Tire Pressure Monitor)<\/p>\n","protected":false},"excerpt":{"rendered":"<p>NR Supreme Fid\u00e8le \u00e0 la tradition de qualit\u00e9 sup\u00e9rieure et de valeur inestimable des produits ÁñÁ«¿¿±ÈÍøÕ¾, le nouveau film de la s\u00e9rie Supreme vous offre un confort de conduite accru et le choix parmi de plus nombreuses nuances que jamais en vue de personnaliser votre v\u00e9hicule. En bloquant plus de 99% de la lumi\u00e8re &hellip; <a href=\"https:\/\/www.solargard.com\/fr\/produit\/supreme\/\">Continued<\/a><\/p>\n","protected":false},"featured_media":98855,"comment_status":"open","ping_status":"closed","template":"","meta":{"_acf_changed":false},"product_brand":[],"product_cat":[834,837],"product_tag":[1599,1654,1640,1526,1585],"class_list":{"0":"post-23563","1":"product","2":"type-product","3":"status-publish","4":"has-post-thumbnail","6":"product_cat-automobile","7":"product_cat-not-reflective","8":"product_tag-color-stability-fr","9":"product_tag-dark-tint-fr","10":"product_tag-medium-tint-fr","11":"product_tag-reflective-fr","12":"product_tag-signal-friendly-fr","14":"first","15":"outofstock","16":"shipping-taxable","17":"product-type-simple"},"acf":[],"_links":{"self":[{"href":"https:\/\/www.solargard.com\/fr\/wp-json\/wp\/v2\/product\/23563","targetHints":{"allow":["GET"]}}],"collection":[{"href":"https:\/\/www.solargard.com\/fr\/wp-json\/wp\/v2\/product"}],"about":[{"href":"https:\/\/www.solargard.com\/fr\/wp-json\/wp\/v2\/types\/product"}],"replies":[{"embeddable":true,"href":"https:\/\/www.solargard.com\/fr\/wp-json\/wp\/v2\/comments?post=23563"}],"wp:featuredmedia":[{"embeddable":true,"href":"https:\/\/www.solargard.com\/fr\/wp-json\/wp\/v2\/media\/98855"}],"wp:attachment":[{"href":"https:\/\/www.solargard.com\/fr\/wp-json\/wp\/v2\/media?parent=23563"}],"wp:term":[{"taxonomy":"product_brand","embeddable":true,"href":"https:\/\/www.solargard.com\/fr\/wp-json\/wp\/v2\/product_brand?post=23563"},{"taxonomy":"product_cat","embeddable":true,"href":"https:\/\/www.solargard.com\/fr\/wp-json\/wp\/v2\/product_cat?post=23563"},{"taxonomy":"product_tag","embeddable":true,"href":"https:\/\/www.solargard.com\/fr\/wp-json\/wp\/v2\/product_tag?post=23563"}],"curies":[{"name":"wp","href":"https:\/\/api.w.org\/{rel}","templated":true}]}}