  {"id":23564,"date":"2014-11-03T19:55:45","date_gmt":"2014-11-03T19:55:45","guid":{"rendered":"https:\/\/www.solargard.com\/fr\/?post_type=product&#038;p=23564"},"modified":"2022-09-21T10:59:07","modified_gmt":"2022-09-21T18:59:07","slug":"nr-smoke-plus","status":"publish","type":"product","link":"https:\/\/www.solargard.com\/fr\/produit\/nr-smoke-plus\/","title":{"rendered":"NR Smoke Plus"},"content":{"rendered":"<h1><span data-sheets-value=\"{&quot;1&quot;:2,&quot;2&quot;:&quot;Film voiture non r\u00e9fl\u00e9chissant NR Smoke Plus&quot;}\" data-sheets-userformat=\"{&quot;2&quot;:33568830,&quot;4&quot;:[null,2,15397341],&quot;5&quot;:{&quot;1&quot;:[{&quot;1&quot;:2,&quot;2&quot;:0,&quot;5&quot;:{&quot;1&quot;:0}},{&quot;1&quot;:0,&quot;2&quot;:0,&quot;3&quot;:3},{&quot;1&quot;:1,&quot;2&quot;:0,&quot;4&quot;:1}]},&quot;6&quot;:{&quot;1&quot;:[{&quot;1&quot;:2,&quot;2&quot;:0,&quot;5&quot;:{&quot;1&quot;:0}},{&quot;1&quot;:0,&quot;2&quot;:0,&quot;3&quot;:3},{&quot;1&quot;:1,&quot;2&quot;:0,&quot;4&quot;:1}]},&quot;7&quot;:{&quot;1&quot;:[{&quot;1&quot;:2,&quot;2&quot;:0,&quot;5&quot;:{&quot;1&quot;:0}},{&quot;1&quot;:0,&quot;2&quot;:0,&quot;3&quot;:3},{&quot;1&quot;:1,&quot;2&quot;:0,&quot;4&quot;:1}]},&quot;8&quot;:{&quot;1&quot;:[{&quot;1&quot;:2,&quot;2&quot;:0,&quot;5&quot;:{&quot;1&quot;:0}},{&quot;1&quot;:0,&quot;2&quot;:0,&quot;3&quot;:3},{&quot;1&quot;:1,&quot;2&quot;:0,&quot;4&quot;:1}]},&quot;14&quot;:[null,2,0],&quot;15&quot;:&quot;Calibri&quot;,&quot;16&quot;:8,&quot;28&quot;:1}\">NR Smoke Plus<\/span><\/h1>\n<p>La s\u00e9rie ÁñÁ«¿¿±ÈÍøÕ¾ Smoke se compose de films pour vitrages \u00e0 usage automobile propos\u00e9s \u00e0 des conditions \u00e9conomiques, s\u00e9rie qui inclut tant les versions non r\u00e9flectives (NR) que la gamme haute performance (HP). Ces films offrent un look classique \u00e0 des prix fantastiques ainsi qu&rsquo;une protection UV contre la d\u00e9coloration.<\/p>\n<p><strong>Fonctions et avantages:<\/strong><\/p>\n<ul>\n<li>Tons classiques de fum\u00e9e<\/li>\n<li>Le choix parmi quatre nuances, tant en version HP que NR<\/li>\n<li>Bloquent jusqu&rsquo;\u00e0 98% des rayons ultraviolets<\/li>\n<li>Cinq ans garantie limit\u00e9e au NR <span>smoke\u00a0<\/span>Plus et garantie \u00e0 vie limit\u00e9e pour HP <span>smoke\u00a0<\/span>Plus<\/li>\n<\/ul>\n","protected":false},"excerpt":{"rendered":"<p>NR Smoke Plus La s\u00e9rie ÁñÁ«¿¿±ÈÍøÕ¾ Smoke se compose de films pour vitrages \u00e0 usage automobile propos\u00e9s \u00e0 des conditions \u00e9conomiques, s\u00e9rie qui inclut tant les versions non r\u00e9flectives (NR) que la gamme haute performance (HP). Ces films offrent un look classique \u00e0 des prix fantastiques ainsi qu&rsquo;une protection UV contre la d\u00e9coloration. Fonctions &hellip; <a href=\"https:\/\/www.solargard.com\/fr\/produit\/nr-smoke-plus\/\">Continued<\/a><\/p>\n","protected":false},"featured_media":98843,"comment_status":"open","ping_status":"closed","template":"","meta":{"_acf_changed":false},"product_brand":[],"product_cat":[834,837],"product_tag":[1654,1640,1526,1585],"class_list":{"0":"post-23564","1":"product","2":"type-product","3":"status-publish","4":"has-post-thumbnail","6":"product_cat-automobile","7":"product_cat-not-reflective","8":"product_tag-dark-tint-fr","9":"product_tag-medium-tint-fr","10":"product_tag-reflective-fr","11":"product_tag-signal-friendly-fr","13":"first","14":"outofstock","15":"shipping-taxable","16":"product-type-simple"},"acf":[],"_links":{"self":[{"href":"https:\/\/www.solargard.com\/fr\/wp-json\/wp\/v2\/product\/23564","targetHints":{"allow":["GET"]}}],"collection":[{"href":"https:\/\/www.solargard.com\/fr\/wp-json\/wp\/v2\/product"}],"about":[{"href":"https:\/\/www.solargard.com\/fr\/wp-json\/wp\/v2\/types\/product"}],"replies":[{"embeddable":true,"href":"https:\/\/www.solargard.com\/fr\/wp-json\/wp\/v2\/comments?post=23564"}],"wp:featuredmedia":[{"embeddable":true,"href":"https:\/\/www.solargard.com\/fr\/wp-json\/wp\/v2\/media\/98843"}],"wp:attachment":[{"href":"https:\/\/www.solargard.com\/fr\/wp-json\/wp\/v2\/media?parent=23564"}],"wp:term":[{"taxonomy":"product_brand","embeddable":true,"href":"https:\/\/www.solargard.com\/fr\/wp-json\/wp\/v2\/product_brand?post=23564"},{"taxonomy":"product_cat","embeddable":true,"href":"https:\/\/www.solargard.com\/fr\/wp-json\/wp\/v2\/product_cat?post=23564"},{"taxonomy":"product_tag","embeddable":true,"href":"https:\/\/www.solargard.com\/fr\/wp-json\/wp\/v2\/product_tag?post=23564"}],"curies":[{"name":"wp","href":"https:\/\/api.w.org\/{rel}","templated":true}]}}