  {"id":23566,"date":"2015-03-17T16:50:31","date_gmt":"2015-03-17T16:50:31","guid":{"rendered":"https:\/\/www.solargard.com\/fr\/?post_type=product&#038;p=23566"},"modified":"2018-11-13T18:01:36","modified_gmt":"2018-11-14T01:01:36","slug":"graffitigard","status":"publish","type":"product","link":"https:\/\/www.solargard.com\/fr\/produit\/graffitigard\/","title":{"rendered":"Film anti graffiti"},"content":{"rendered":"<h1><span data-sheets-value=\"{&quot;1&quot;:2,&quot;2&quot;:&quot;Film anti graffiti Graffitigard&quot;}\" data-sheets-userformat=\"{&quot;2&quot;:33585598,&quot;4&quot;:[null,2,15397341],&quot;5&quot;:{&quot;1&quot;:[{&quot;1&quot;:2,&quot;2&quot;:0,&quot;5&quot;:{&quot;1&quot;:0}},{&quot;1&quot;:0,&quot;2&quot;:0,&quot;3&quot;:3},{&quot;1&quot;:1,&quot;2&quot;:0,&quot;4&quot;:1}]},&quot;6&quot;:{&quot;1&quot;:[{&quot;1&quot;:2,&quot;2&quot;:0,&quot;5&quot;:{&quot;1&quot;:0}},{&quot;1&quot;:0,&quot;2&quot;:0,&quot;3&quot;:3},{&quot;1&quot;:1,&quot;2&quot;:0,&quot;4&quot;:1}]},&quot;7&quot;:{&quot;1&quot;:[{&quot;1&quot;:2,&quot;2&quot;:0,&quot;5&quot;:{&quot;1&quot;:0}},{&quot;1&quot;:0,&quot;2&quot;:0,&quot;3&quot;:3},{&quot;1&quot;:1,&quot;2&quot;:0,&quot;4&quot;:1}]},&quot;8&quot;:{&quot;1&quot;:[{&quot;1&quot;:2,&quot;2&quot;:0,&quot;5&quot;:{&quot;1&quot;:0}},{&quot;1&quot;:0,&quot;2&quot;:0,&quot;3&quot;:3},{&quot;1&quot;:1,&quot;2&quot;:0,&quot;4&quot;:1}]},&quot;10&quot;:1,&quot;11&quot;:4,&quot;14&quot;:[null,2,0],&quot;15&quot;:&quot;Calibri&quot;,&quot;16&quot;:8,&quot;17&quot;:1,&quot;28&quot;:1}\">Film anti graffiti Graffitigard<\/span><\/h1>\n<p>Le film de protection ÁñÁ«¿¿±ÈÍøÕ¾ Graffitigard\u2122 est un produit durable, transparent et amovible qui agit comme une barri\u00e8re entre les vandales et les surfaces qu&rsquo;ils couvrent de graffitis, y compris l&rsquo;int\u00e9rieur et l&rsquo;ext\u00e9rieur des fen\u00eatres, ainsi que les miroirs, tout comme d&rsquo;autres surfaces non poreuses, comme l&rsquo;acier inoxydable (lisse) ou le marbre. Le film ind\u00e9tectable prot\u00e8ge les surfaces contre la peinture, les rayures creus\u00e9es au moyen d&rsquo;une cl\u00e9, le marquage et m\u00eame la gravure \u00e0 base d&rsquo;acide. Lorsqu&rsquo;il a fait l&rsquo;objet d&rsquo;un acte de vandalisme, le film s&rsquo;enl\u00e8ve facilement pour \u00eatre remplac\u00e9 par une nouvelle pellicule, r\u00e9duisant ainsi les d\u00e9g\u00e2ts aux biens et conservant leur aspect esth\u00e9tique.<\/p>\n<p>Des fa\u00e7ades de magasins aux viaducs, le film Graffitigard\u2122 gagne constamment en popularit\u00e9, car il est plus facile et moins co\u00fbteux de remplacer le film par une nouvelle couche que de remplacer l&rsquo;objet qu&rsquo;il prot\u00e8ge. Prot\u00e9gez vos surfaces publiques des d\u00e9g\u00e2ts tant d\u00e9lib\u00e9r\u00e9s que non intentionnels gr\u00e2ce aux films de protection ÁñÁ«¿¿±ÈÍøÕ¾ Graffitigard\u2122!<\/p>\n","protected":false},"excerpt":{"rendered":"<p>Film anti graffiti Graffitigard Le film de protection ÁñÁ«¿¿±ÈÍøÕ¾ Graffitigard\u2122 est un produit durable, transparent et amovible qui agit comme une barri\u00e8re entre les vandales et les surfaces qu&rsquo;ils couvrent de graffitis, y compris l&rsquo;int\u00e9rieur et l&rsquo;ext\u00e9rieur des fen\u00eatres, ainsi que les miroirs, tout comme d&rsquo;autres surfaces non poreuses, comme l&rsquo;acier inoxydable (lisse) ou &hellip; <a href=\"https:\/\/www.solargard.com\/fr\/produit\/graffitigard\/\">Continued<\/a><\/p>\n","protected":false},"featured_media":28269,"comment_status":"open","ping_status":"closed","template":"","meta":{"_acf_changed":false},"product_brand":[],"product_cat":[1103],"product_tag":[1556,1451],"class_list":{"0":"post-23566","1":"product","2":"type-product","3":"status-publish","4":"has-post-thumbnail","6":"product_cat-anti-graffiti-fr","7":"product_tag-clear-fr","8":"product_tag-commercial-fr","10":"first","11":"instock","12":"shipping-taxable","13":"product-type-simple"},"acf":[],"_links":{"self":[{"href":"https:\/\/www.solargard.com\/fr\/wp-json\/wp\/v2\/product\/23566","targetHints":{"allow":["GET"]}}],"collection":[{"href":"https:\/\/www.solargard.com\/fr\/wp-json\/wp\/v2\/product"}],"about":[{"href":"https:\/\/www.solargard.com\/fr\/wp-json\/wp\/v2\/types\/product"}],"replies":[{"embeddable":true,"href":"https:\/\/www.solargard.com\/fr\/wp-json\/wp\/v2\/comments?post=23566"}],"wp:featuredmedia":[{"embeddable":true,"href":"https:\/\/www.solargard.com\/fr\/wp-json\/wp\/v2\/media\/28269"}],"wp:attachment":[{"href":"https:\/\/www.solargard.com\/fr\/wp-json\/wp\/v2\/media?parent=23566"}],"wp:term":[{"taxonomy":"product_brand","embeddable":true,"href":"https:\/\/www.solargard.com\/fr\/wp-json\/wp\/v2\/product_brand?post=23566"},{"taxonomy":"product_cat","embeddable":true,"href":"https:\/\/www.solargard.com\/fr\/wp-json\/wp\/v2\/product_cat?post=23566"},{"taxonomy":"product_tag","embeddable":true,"href":"https:\/\/www.solargard.com\/fr\/wp-json\/wp\/v2\/product_tag?post=23566"}],"curies":[{"name":"wp","href":"https:\/\/api.w.org\/{rel}","templated":true}]}}