  {"id":30586,"date":"2014-11-03T19:55:01","date_gmt":"2014-11-03T19:55:01","guid":{"rendered":"https:\/\/www.solargard.com\/fr\/?post_type=product&#038;p=30586"},"modified":"2022-09-21T10:59:06","modified_gmt":"2022-09-21T18:59:06","slug":"hp-supreme","status":"publish","type":"product","link":"https:\/\/www.solargard.com\/fr\/produit\/hp-supreme\/","title":{"rendered":"HP Supreme"},"content":{"rendered":"<h1><span data-sheets-value=\"{&quot;1&quot;:2,&quot;2&quot;:&quot;Film teint\u00e9 voiture HP Supreme&quot;}\" data-sheets-userformat=\"{&quot;2&quot;:33585342,&quot;4&quot;:[null,2,15397341],&quot;5&quot;:{&quot;1&quot;:[{&quot;1&quot;:2,&quot;2&quot;:0,&quot;5&quot;:{&quot;1&quot;:0}},{&quot;1&quot;:0,&quot;2&quot;:0,&quot;3&quot;:3},{&quot;1&quot;:1,&quot;2&quot;:0,&quot;4&quot;:1}]},&quot;6&quot;:{&quot;1&quot;:[{&quot;1&quot;:2,&quot;2&quot;:0,&quot;5&quot;:{&quot;1&quot;:0}},{&quot;1&quot;:0,&quot;2&quot;:0,&quot;3&quot;:3},{&quot;1&quot;:1,&quot;2&quot;:0,&quot;4&quot;:1}]},&quot;7&quot;:{&quot;1&quot;:[{&quot;1&quot;:2,&quot;2&quot;:0,&quot;5&quot;:{&quot;1&quot;:0}},{&quot;1&quot;:0,&quot;2&quot;:0,&quot;3&quot;:3},{&quot;1&quot;:1,&quot;2&quot;:0,&quot;4&quot;:1}]},&quot;8&quot;:{&quot;1&quot;:[{&quot;1&quot;:2,&quot;2&quot;:0,&quot;5&quot;:{&quot;1&quot;:0}},{&quot;1&quot;:0,&quot;2&quot;:0,&quot;3&quot;:3},{&quot;1&quot;:1,&quot;2&quot;:0,&quot;4&quot;:1}]},&quot;10&quot;:1,&quot;14&quot;:[null,2,0],&quot;15&quot;:&quot;Calibri&quot;,&quot;16&quot;:8,&quot;17&quot;:1,&quot;28&quot;:1}\">HP Supreme<\/span><\/h1>\n<p>La s\u00e9rie HP Supreme offre une apparence styl\u00e9e et une nouvelle dimension dans le domaine de la protection solaire, qui se conjuguent en vue d&rsquo;assurer un confort de conduite accru. L&rsquo;exp\u00e9rience in\u00e9gal\u00e9e qu&rsquo;offre cette gamme est le r\u00e9sultat de sa capacit\u00e9 \u00e0 bloquer jusqu&rsquo;\u00e0 58% de l&rsquo;\u00e9nergie solaire totale et plus de 99% de la lumi\u00e8re ultraviolette. La s\u00e9rie HP Supreme propose une vaste gamme de nuances, y compris le film le plus fonc\u00e9 du march\u00e9 qui limite la transmission visuelle de lumi\u00e8re \u00e0 seulement 4%. Vous serez en outre heureux d&rsquo;apprendre que la gamme HP Supreme offre aussi une transparence in\u00e9gal\u00e9e vous permettant de jouir d&rsquo;une visibilit\u00e9 inalt\u00e9r\u00e9e et d&rsquo;une s\u00e9curit\u00e9 de conduite sans pr\u00e9c\u00e9dent.<\/p>\n<p><strong>Fonctions et avantages:<\/strong><\/p>\n<ul>\n<li>Performances solaires extraordinaires<\/li>\n<li>Faible r\u00e9flectivit\u00e9<\/li>\n<li>Transparence sans pr\u00e9c\u00e9dent<\/li>\n<li>Stabilit\u00e9 in\u00e9gal\u00e9e des couleurs<\/li>\n<li>D\u00e9lai de s\u00e9chage exceptionnel<\/li>\n<li>Harmonie parfaite des couleurs avec la gamme Supreme pour toutes les valeurs de transmission de lumi\u00e8re visible<\/li>\n<li>Propri\u00e9t\u00e9s thermor\u00e9tractiles optimales<\/li>\n<li>Disponibles en sept nuances<\/li>\n<\/ul>\n","protected":false},"excerpt":{"rendered":"<p>HP Supreme La s\u00e9rie HP Supreme offre une apparence styl\u00e9e et une nouvelle dimension dans le domaine de la protection solaire, qui se conjuguent en vue d&rsquo;assurer un confort de conduite accru. L&rsquo;exp\u00e9rience in\u00e9gal\u00e9e qu&rsquo;offre cette gamme est le r\u00e9sultat de sa capacit\u00e9 \u00e0 bloquer jusqu&rsquo;\u00e0 58% de l&rsquo;\u00e9nergie solaire totale et plus de 99% &hellip; <a href=\"https:\/\/www.solargard.com\/fr\/produit\/hp-supreme\/\">Continued<\/a><\/p>\n","protected":false},"featured_media":98830,"comment_status":"open","ping_status":"closed","template":"","meta":{"_acf_changed":false},"product_brand":[],"product_cat":[834,836],"product_tag":[1599,1654,1640,1526,1571],"class_list":{"0":"post-30586","1":"product","2":"type-product","3":"status-publish","4":"has-post-thumbnail","6":"product_cat-automobile","7":"product_cat-haute-performance","8":"product_tag-color-stability-fr","9":"product_tag-dark-tint-fr","10":"product_tag-medium-tint-fr","11":"product_tag-reflective-fr","12":"product_tag-staying-cool-fr","14":"first","15":"outofstock","16":"shipping-taxable","17":"product-type-simple"},"acf":[],"_links":{"self":[{"href":"https:\/\/www.solargard.com\/fr\/wp-json\/wp\/v2\/product\/30586","targetHints":{"allow":["GET"]}}],"collection":[{"href":"https:\/\/www.solargard.com\/fr\/wp-json\/wp\/v2\/product"}],"about":[{"href":"https:\/\/www.solargard.com\/fr\/wp-json\/wp\/v2\/types\/product"}],"replies":[{"embeddable":true,"href":"https:\/\/www.solargard.com\/fr\/wp-json\/wp\/v2\/comments?post=30586"}],"wp:featuredmedia":[{"embeddable":true,"href":"https:\/\/www.solargard.com\/fr\/wp-json\/wp\/v2\/media\/98830"}],"wp:attachment":[{"href":"https:\/\/www.solargard.com\/fr\/wp-json\/wp\/v2\/media?parent=30586"}],"wp:term":[{"taxonomy":"product_brand","embeddable":true,"href":"https:\/\/www.solargard.com\/fr\/wp-json\/wp\/v2\/product_brand?post=30586"},{"taxonomy":"product_cat","embeddable":true,"href":"https:\/\/www.solargard.com\/fr\/wp-json\/wp\/v2\/product_cat?post=30586"},{"taxonomy":"product_tag","embeddable":true,"href":"https:\/\/www.solargard.com\/fr\/wp-json\/wp\/v2\/product_tag?post=30586"}],"curies":[{"name":"wp","href":"https:\/\/api.w.org\/{rel}","templated":true}]}}