  {"id":20836,"date":"2016-02-11T22:31:53","date_gmt":"2016-02-11T22:31:53","guid":{"rendered":"https:\/\/www.solargard.com\/nl\/?page_id=20836"},"modified":"2017-04-25T09:54:41","modified_gmt":"2017-04-25T09:54:41","slug":"glossary","status":"publish","type":"page","link":"https:\/\/www.solargard.com\/nl\/glossary\/","title":{"rendered":"Woordenlijst"},"content":{"rendered":"<div class=\"wpb-content-wrapper\"><p>[vc_row top_margin=&#8221;none&#8221; bottom_margin=&#8221;sm&#8221; gmbt_prlx_bg_type=&#8221;parallax&#8221; gmbt_prlx_break_parents=&#8221;0&#8243; gmbt_prlx_smooth_scrolling=&#8221;&#8221; gmbt_prlx_video_mute=&#8221;&#8221; gmbt_prlx_video_force_hd=&#8221;&#8221; gmbt_prlx_opacity=&#8221;100&#8243; gmbt_prlx_video_aspect_ratio=&#8221;16:9&#8243; gmbt_prlx_parallax=&#8221;none&#8221; gmbt_prlx_speed=&#8221;0.3&#8243; gmbt_prlx_enable_mobile=&#8221;&#8221;][vc_column]<div class=\"section-title sep-bottom-lg text-left wow bounceInRight\" data-wow-delay=\"0.25s\"><h3 class=\"upper normal-title\">Woordenlijst<\/h3><\/div>[vc_tta_accordion style=&#8221;flat&#8221; shape=&#8221;square&#8221; color=&#8221;white&#8221; active_section=&#8221;1&#8243; collapsible_all=&#8221;true&#8221;][vc_tta_section title=&#8221;Bevestigingssystemen&#8221; tab_id=&#8221;1458075142605-072f0d0f-ca07&#8243;][vc_column_text]<span>Bevestigingssystemen worden bij de installatie van veiligheidsfolies gebruikt met het oog op een betere fragmentretentie. De folie wordt hierbij bevestigd aan de raamlijst. Veiligheidsfolie wordt aangebracht op de binnenzijde van de beglazing en vervolgens vastgemaakt aan de raamlijst met de mechanische of met de &#8216;wet glazed&#8217;-methode (natte afdichting). Het gewenste beschermingsniveau bepaalt of er al dan niet een bevestigingssysteem vereist is, alsook het type methode dat gebruikt wordt.<\/span>[\/vc_column_text][\/vc_tta_section][vc_tta_section title=&#8221;Bomb Blast folie&#8221; tab_id=&#8221;1458075142750-00af4391-4019&#8243;][vc_column_text]Een veel gebruikte naam voor Armorcoat\u00ae veiligheidsfolie, die verwijst naar het vermogen van het product om glas intact te houden bij een ontploffing en de hoeveelheid dodelijke, rondvliegende glasscherven beperkt.[\/vc_column_text][\/vc_tta_section][vc_tta_section title=&#8221;Clear Dry Adhesive (CDA)&#8221; tab_id=&#8221;1458075281206-e7924dc4-844d&#8221;][vc_column_text]Een bevestigingslijm die gebruik maakt van water om een chemische verbinding te activeren en te vormen tussen het glas en de folie en waarmee de folie tijdens de installatie op het glas gekleefd wordt. Deze lijm geeft een sterke hechting en garandeert de helderheid en lange levensduur van de folie.[\/vc_column_text][\/vc_tta_section][vc_tta_section title=&#8221;Daylight Installation&#8221; tab_id=&#8221;1458075279872-97029484-2975&#8243;][vc_column_text]<span>Een veel gebruikte methode om zonwerende en veiligheidsglasfolie te installeren. De glasfolie wordt iets groter voorgesneden dan de lijst van de ruit waar hij op komt en vervolgens bijgesneden tot op enkele milimeters van de glasrand.<\/span>[\/vc_column_text][\/vc_tta_section][vc_tta_section title=&#8221;Emissiviteit (E)&#8221; tab_id=&#8221;1458075278741-186be886-91ec&#8221;][vc_column_text]<span>Meting van het vermogen van een oppervlak om stralingsenergie te absorberen of reflecteren. Hoe lager de emissiviteit, hoe beter de isolerende eigenschappen van het beglazingssysteem op het vlak van warmteverlies. Voor ramen met folie verwijst emissiviteit naar de warmte die terug de kamer in gekaatst wordt. Wat de prestatiegegevens van een folie betreft, verdienen lagere emissitiveitsniveaus de voorkeur om warmteverlies in het gebouw te beperken.<\/span>[\/vc_column_text][\/vc_tta_section][vc_tta_section title=&#8221;Veiligheidsfolie&#8221; tab_id=&#8221;1458075277194-658e58d1-148c&#8221;][vc_column_text]<\/p>\n<div class=\"wpb_accordion_section group\">\n<div id=\"ui-id-12\" class=\"wpb_accordion_content ui-accordion-content vc_clearfix ui-helper-reset ui-widget-content ui-corner-bottom ui-accordion-content-active\">\n<div class=\"wpb_text_column wpb_content_element \">\n<div class=\"wpb_wrapper\">\n<p>Een veel gebruikte naam voor Armorcoat\u00ae veiligheidsfolie, die verwijst naar het voornaamste voordeel van veiligheidsfolie: glas intact helpen houden in geval van glasbreuk.<\/p>\n<p><strong>Lage emissiviteit<\/strong><\/p>\n<p>Lage emissiviteit of Low-E verwijst naar een coating op glas of glasfolie, die het warmteverlies door de glasfolie vermindert. Hoe lager de emissiviteit, hoe beter de isolerende eigenschappen van het beglazingssysteem op het vlak van warmteverlies. ÁñÁ«¿¿±ÈÍøÕ¾ Silver Ag 25 is een uitstekende low-E folie.<\/p>\n<\/div>\n<\/div>\n<\/div>\n<\/div>\n<p>[\/vc_column_text][\/vc_tta_section][vc_tta_section title=&#8221;Gemetalliseerd&#8221; tab_id=&#8221;1458080996935-030e5adc-f696&#8243;][vc_column_text]<span>Een proces waarbij metalen in een gelijkmatige laag aangebracht worden op een heldere, polyester folie. Verschillende metalen geven verschillende tinten en hebben verschillende prestatiespecificaties om te beantwoorden aan de uiteenlopende behoeften van de consument.<\/span>[\/vc_column_text][\/vc_tta_section][vc_tta_section title=&#8221;Mechanisch bevestigingssysteem&#8221; tab_id=&#8221;1458075274509-710cea9d-8af4&#8243;][vc_column_text]<span>Deze methode wordt gebruikt met het oog op een verhoogde glasretentie. 8 MIL of dikkere veiligheidsfolie wordt verankerd op de raamlijst met een systeem met metalen hechtlatten. De veiligheidsfolie wordt op het glas aangebracht en overlapt de raamlijst met ongeveer 2 cm. Over de overlapte folie wordt een systeem met metalen hechtlatten aangebracht en in de bestaande raamlijst geschroefd. Zo wordt de glasfolie stevig op de lijst bevestigd. Afhankelijk van het gewenste type glasretentie kan het mechanische systeem langs \u00e9\u00e9n zijde (bovenaan), twee zijden of vier zijden aangebracht worden.<\/span>[\/vc_column_text][\/vc_tta_section][vc_tta_section title=&#8221;MIL&#8221; tab_id=&#8221;1458080996474-ad9f7759-b6cf&#8221;][vc_column_text]<span>Lengtemaat voor om de dikte van de folies weer te geven. 1 MIL = 25 micron.<\/span>[\/vc_column_text][\/vc_tta_section][vc_tta_section title=&#8221;Mylar&#8221; tab_id=&#8221;1458080995937-c02d94c8-d865&#8243;][vc_column_text]Een handelsmerknaam voor polyesterfolie geproduceerd door DuPont. Mylar, glasretentie, antibreuk, breuk- en splinterbestendig, fragmentretentie en blast mitigation zijn veel voorkomende begrippen wanneer we spreken over Armorcoat\u00ae veiligheids- en beveiligingsglasfolie.[\/vc_column_text][\/vc_tta_section][vc_tta_section title=&#8221;Pressure Sensitive Adhesive (PSA)&#8221; tab_id=&#8221;1458080995442-aced60ac-78ad&#8221;][vc_column_text]<span>Een bevestigingslijm die gebruik maakt van druk om een mechanische verbinding te vormen tussen het glas en de folie en waarmee de folie tijdens de installatie op het glas gekleefd wordt. Drukgevoelige lijm voelt heel kleverig aan. Alle autoglasfolies en veiligheidsglasfolies bevatten PSA.<\/span>[\/vc_column_text][\/vc_tta_section][vc_tta_section title=&#8221;Veiligheidsfolie&#8221; tab_id=&#8221;1458080984128-d393c41f-67eb&#8221;][vc_column_text]<span>Veiligheidsfolie bestaat uit ongelofelijk sterke, doorzichtige of gemetalliseerde polyester, hoogwaardige ultraviolet remmers, speciale lamineer- en bevestigingslijmen en een krasbestendige coating. Het product wordt aangebracht op het binnenoppervlak van glas ter bescherming tegen glasbreuk. Wanneer gebeurtenissen als natuurrampen, vandalisme of schokgolven bij ontploffingen glasbreuk veroorzaken, helpen de flexibele constructie van de folie en de drukgevoelige bevestigingslijm de scherven op de folie te houden. Dat beperkt het risico op persoonlijk letsel en schade aan eigendom. Veiligheidsfolie wordt ook antibreukfolie, glasfragmentretentiefolie, blast mitigation folie en Mylar genoemd.<\/span><\/p>\n<p><span>De veiligheidsfolie van ÁñÁ«¿¿±ÈÍøÕ¾ is verkrijgbaar in diktes van 4 MIL tot 14 MIL &#8211; hoe dikker de folie, hoe meer bescherming ze biedt. ÁñÁ«¿¿±ÈÍøÕ¾ Armorcoat\u00ae is verkrijgbaar in alle diktes en wordt verkocht als heldere of gemetalliseerde veiligheidsfolie.<\/span>[\/vc_column_text][\/vc_tta_section][vc_tta_section title=&#8221;Schaduwwerkingsco\u00ebffici\u00ebnt (SC)&#8221; tab_id=&#8221;1458080983495-176926e8-7fbc&#8221;][vc_column_text]<span>Schaduwwerkingsco\u00ebffici\u00ebnt: de verhouding van de warmteopname door zoninstraling die door een beglazingssysteem gaat ten opzichte van de warmteopname door zoninstraling die optreedt onder dezelfde omstandigheden als het venster gemaakt is van doorzichtig, dubbel, niet-getint glas. Hoe lager de SC, hoe beter de zonwerende effici\u00ebntie van de beglazing.<\/span>[\/vc_column_text][\/vc_tta_section][vc_tta_section title=&#8221;Absorptie van Zonne-Energie (A)&#8221; tab_id=&#8221;1458080982799-19efce99-57b3&#8243;][vc_column_text]De hoeveelheid zonne-energie (zichtbaar, infrarood en ultraviolet) die geabsorbeerd wordt door het beglazingssysteem, uitgedrukt in procent.<\/p>\n<p>Als zonlicht op de ramen valt, wordt de zonne-energie ofwel overgedragen via het glas, door het glas geabsorbeerd of op het glas weerkaatst. De resultaten van de absorptie vari\u00ebren naargelang het type glas en de aangebrachte glasfolie en worden uitgedrukt in procent. Dat is de hoeveelheid zonne-energie die door het glas en de folie geabsorbeerd wordt. Raadpleeg steeds de aanbevelingen van de producent voor bevestiging van folie op glas.[\/vc_column_text][\/vc_tta_section][vc_tta_section title=&#8221;Zonne-energie&#8221; tab_id=&#8221;1458080982012-3aa9f86b-24f0&#8243;][vc_column_text]<\/p>\n<div class=\"wpb_accordion_section group\">\n<div id=\"ui-id-30\" class=\"wpb_accordion_content ui-accordion-content vc_clearfix ui-helper-reset ui-widget-content ui-corner-bottom ui-accordion-content-active\">\n<div class=\"wpb_text_column wpb_content_element \">\n<div class=\"wpb_wrapper\">\n<p>Energie van de zon, gevormd door zichtbaar licht (verblinding), infraroodstraling (warmte) en ultraviolet straling (verkleuring en risico&#8217;s voor de gezondheid). De verschillende energievormen worden onderscheiden op basis van hun golflengte.<\/p>\n<\/div>\n<\/div>\n<\/div>\n<\/div>\n<p>[\/vc_column_text][\/vc_tta_section][vc_tta_section title=&#8221;Solar Heat Gain Coefficient (SHGC) &#8211; Zontoetredingsfactor (ZTA)&#8221; tab_id=&#8221;1458080981415-f9556cba-86e9&#8243;][vc_column_text]<\/p>\n<div class=\"wpb_accordion_section group\">\n<div id=\"ui-id-32\" class=\"wpb_accordion_content ui-accordion-content vc_clearfix ui-helper-reset ui-widget-content ui-corner-bottom ui-accordion-content-active\">\n<div class=\"wpb_text_column wpb_content_element \">\n<div class=\"wpb_wrapper\">\n<p><span>Het percentage zonne-energie dat rechtstreeks overgedragen of geabsorbeerd en teruggestraald wordt in het gebouw. Hoe lager de SHGC, hoe beter de zonwerende eigenschappen van de folie.<\/span><\/p>\n<\/div>\n<\/div>\n<\/div>\n<\/div>\n<p>[\/vc_column_text][\/vc_tta_section][vc_tta_section title=&#8221;Solar Reflectance (R) &#8211; Reflectie van Zonne-energie (R)&#8221; tab_id=&#8221;1458080980783-06b15bf4-ffe6&#8243;][vc_column_text]<\/p>\n<div class=\"wpb_accordion_section group\">\n<div id=\"ui-id-34\" class=\"wpb_accordion_content ui-accordion-content vc_clearfix ui-helper-reset ui-widget-content ui-corner-bottom ui-accordion-content-active\">\n<div class=\"wpb_text_column wpb_content_element \">\n<div class=\"wpb_wrapper\">\n<p>De hoeveelheid zonne-energie (zichtbaar, infrarood en ultraviolet) die gereflecteerd wordt door het beglazingssysteem, uitgedrukt in procent.<\/p>\n<p>Als zonlicht op de ramen valt, wordt de zonne-energie ofwel overgedragen via de ruit, door het glas geabsorbeerd of op het glas weerkaatst. De reflectieresultaten vari\u00ebren naargelang het type glas en de aangebrachte glasfolie en worden uitgedrukt in procent. Dat is de hoeveelheid zonne-energie die door het glas en de folie gereflecteerd wordt.<\/p>\n<p>Voor maximale warmtereflectie kiest u best folies met een hoge zonne-energiereflectiefactor. Raadpleeg steeds de aanbevelingen van de producent voor bevestiging van folie op glas.<\/p>\n<\/div>\n<\/div>\n<\/div>\n<\/div>\n<p>[\/vc_column_text][\/vc_tta_section][vc_tta_section title=&#8221;Solar Transmittance (T) &#8211; Transmissie van Zonne-Energie (T)&#8221; tab_id=&#8221;1458080979941-de410844-6b2b&#8221;][vc_column_text]De hoeveelheid zonne-energie (zichtbaar, infrarood en ultraviolet) die door het beglazingssysteem gaat, uitgedrukt in procent.<\/p>\n<p>Als zonlicht op de ramen valt, wordt de zonne-energie ofwel overgedragen via de ruit, door het glas geabsorbeerd of op het glas weerkaatst. De resultaten voor transmissie (doorlaatbaarheid) vari\u00ebren naargelang het type glas en de aangebrachte glasfolie en worden uitgedrukt in procent. Dat is de hoeveelheid zonne-energie die door het glas en de folie gaat. Raadpleeg steeds de aanbevelingen van de producent voor bevestiging van folie op glas.[\/vc_column_text][\/vc_tta_section][vc_tta_section title=&#8221;Sputtering&#8221; tab_id=&#8221;1458080978954-333d3ad0-8aab&#8221;][vc_column_text]<span>Een proces waarbij metalen deeltjes zoals zilver, koper, goud, titanium en chroom aangebracht worden op polyesterfolie. Tijdens dat proces worden atomen gelijkmatig op het folieoppervlak afgezet via beschieting met ionen. Dat garandeert een kleur die lang houdt en voortreffelijke zonwerende eigenschappen. SGSG was de eerste in de sector om glasfolie te sputteren.<\/span>[\/vc_column_text][\/vc_tta_section][vc_tta_section title=&#8221;Total Solar Energy Rejected (TSER) &#8211; Totaal geweerde zonne-energie&#8221; tab_id=&#8221;1458080978104-3bc65546-8153&#8243;][vc_column_text]Maat voor het vermogen van een glasfolie om zonne-energie in de vorm van zichtbaar licht, infraroodstraling en ultraviolet licht tegen te houden. Hoe hoger de TSER, hoe meer zonne-energie wordt weggekaatst van het raam.[\/vc_column_text][\/vc_tta_section][vc_tta_section title=&#8221;U-waarde of K-waarde&#8221; tab_id=&#8221;1458081378046-06e0383f-c6f6&#8243;][vc_column_text]<span>Maat voor de warmteoverdracht door folie als gevolg van temperatuurverschillen tussen binnen en buiten. Hoe lager de U-waarde, hoe minder warmteoverdracht. Wat de prestatiespecificaties betreft, is een lage U-waarde voor warmtebeheersing gewenst. K-waarde wordt ook wel isolatiewaarde genoemd.<\/span>[\/vc_column_text][\/vc_tta_section][vc_tta_section title=&#8221;Ultraviolet licht (UV)&#8221; tab_id=&#8221;1458081376730-d40a9563-680d&#8221;][vc_column_text]<span>Onzichtbare, krachtige golflengtes (korter dan licht maar langer dan r\u00f6ntgenstralen) uitgezonden door de zon en verdeeld in drie types: UV-A, UV-B en UV-C. UV-B veroorzaakt zonnebrand; langdurige blootstelling kan huidkanker veroorzaken. Glasfolies blokkeren bijna 100 % van het ultraviolette licht. De Panorama glasfolies zijn producten goedgekeurd door de Skin Cancer Foundation (Stichting Huidkanker).<\/span>[\/vc_column_text][\/vc_tta_section][vc_tta_section title=&#8221;Visible Light Absorptance (VLA) &#8211; Zichtbaar licht Absorptie&#8221; tab_id=&#8221;1458081374972-920b0feb-2f8c&#8221;][vc_column_text]<span>De hoeveelheid zichtbaar licht die geabsorbeerd wordt door het beglazingssysteem, uitgedrukt in procent.<\/span>[\/vc_column_text][\/vc_tta_section][vc_tta_section title=&#8221;Visible Light Reflectance (VLR) &#8211; Zichtbaar licht Reflectie&#8221; tab_id=&#8221;1458081373534-56b41973-9944&#8243;][vc_column_text]<span>De hoeveelheid zichtbaar licht die gereflecteerd wordt door het beglazingssysteem, uitgedrukt in procent. Hoe hoger de VLR, hoe beter de controle van ongewenste lichtinval (verblinding). Folies met een hoge VLR-score zijn doorgaans reflecterender en\/of donkerder.<\/span>[\/vc_column_text][\/vc_tta_section][vc_tta_section title=&#8221;Visible Light Transmittance (VLT) &#8211; Zichtbaar licht Transmissie&#8221; tab_id=&#8221;1458081372184-d2be3388-cb33&#8243;][vc_column_text]<span>De hoeveelheid zichtbaar licht die door het beglazingssysteem gaat, uitgedrukt in procent. Een lage VLT-waarde is doorgaans beter om verblinding te vermijden; een hoge VLT-waarde verdient de voorkeur om zoveel mogelijk natuurlijk licht te bewaren.<\/span>[\/vc_column_text][\/vc_tta_section][vc_tta_section title=&#8221;Wet Glaze bevestigingssysteem&#8221; tab_id=&#8221;1458080977032-8f931c3a-2135&#8243;][vc_column_text]<span>Met deze methode, die gebruikt wordt om de glasretentie te verhogen, wordt de veiligheidsfolie op de raamlijst aangebracht met een structureel silicone dichtingsmiddel (vergelijkbaar met kalfatering). De veiligheidsfolie wordt eerst als een daylight installation op het glas aangebracht en vervolgens op de lijst bevestigd met een structureel dichtingsmiddel &#8211; een product dat vaak gebruikt wordt, is Dow 995. Het dichtingsmiddel wordt aangebracht op de vier randen van de folie, waarbij de folie overlapt wordt en in contact staat met de lijst om een verbinding te maken tussen de folie en de lijst. Deze methode wordt ook een chemisch bevestigingssysteem genoemd.<\/span>[\/vc_column_text][\/vc_tta_section][\/vc_tta_accordion][\/vc_column][\/vc_row]<\/p>\n<\/div>","protected":false},"excerpt":{"rendered":"<p>[vc_row top_margin=&#8221;none&#8221; bottom_margin=&#8221;sm&#8221; gmbt_prlx_bg_type=&#8221;parallax&#8221; gmbt_prlx_break_parents=&#8221;0&#8243; gmbt_prlx_smooth_scrolling=&#8221;&#8221; gmbt_prlx_video_mute=&#8221;&#8221; gmbt_prlx_video_force_hd=&#8221;&#8221; gmbt_prlx_opacity=&#8221;100&#8243; gmbt_prlx_video_aspect_ratio=&#8221;16:9&#8243; gmbt_prlx_parallax=&#8221;none&#8221; gmbt_prlx_speed=&#8221;0.3&#8243; gmbt_prlx_enable_mobile=&#8221;&#8221;][vc_column][vc_tta_accordion style=&#8221;flat&#8221; shape=&#8221;square&#8221; color=&#8221;white&#8221; active_section=&#8221;1&#8243; collapsible_all=&#8221;true&#8221;][vc_tta_section title=&#8221;Bevestigingssystemen&#8221; tab_id=&#8221;1458075142605-072f0d0f-ca07&#8243;][vc_column_text]Bevestigingssystemen worden bij de installatie van veiligheidsfolies gebruikt met het oog op een betere fragmentretentie. De folie wordt hierbij bevestigd aan de raamlijst. Veiligheidsfolie wordt aangebracht op de binnenzijde van de beglazing en vervolgens vastgemaakt aan &hellip; <a href=\"https:\/\/www.solargard.com\/nl\/glossary\/\">Continued<\/a><\/p>\n","protected":false},"author":1,"featured_media":15446,"parent":0,"menu_order":0,"comment_status":"closed","ping_status":"closed","template":"templates\/resources.php","meta":{"_acf_changed":false,"footnotes":""},"class_list":["post-20836","page","type-page","status-publish","has-post-thumbnail","hentry"],"acf":[],"_links":{"self":[{"href":"https:\/\/www.solargard.com\/nl\/wp-json\/wp\/v2\/pages\/20836","targetHints":{"allow":["GET"]}}],"collection":[{"href":"https:\/\/www.solargard.com\/nl\/wp-json\/wp\/v2\/pages"}],"about":[{"href":"https:\/\/www.solargard.com\/nl\/wp-json\/wp\/v2\/types\/page"}],"author":[{"embeddable":true,"href":"https:\/\/www.solargard.com\/nl\/wp-json\/wp\/v2\/users\/1"}],"replies":[{"embeddable":true,"href":"https:\/\/www.solargard.com\/nl\/wp-json\/wp\/v2\/comments?post=20836"}],"version-history":[{"count":0,"href":"https:\/\/www.solargard.com\/nl\/wp-json\/wp\/v2\/pages\/20836\/revisions"}],"wp:featuredmedia":[{"embeddable":true,"href":"https:\/\/www.solargard.com\/nl\/wp-json\/wp\/v2\/media\/15446"}],"wp:attachment":[{"href":"https:\/\/www.solargard.com\/nl\/wp-json\/wp\/v2\/media?parent=20836"}],"curies":[{"name":"wp","href":"https:\/\/api.w.org\/{rel}","templated":true}]}}