  {"id":27874,"date":"2016-03-26T15:27:58","date_gmt":"2016-03-26T15:27:58","guid":{"rendered":"https:\/\/www.solargard.com\/sv\/?page_id=27874"},"modified":"2026-01-07T00:24:39","modified_gmt":"2026-01-07T08:24:39","slug":"solar-gard-solskyddsfilm-energisparfilm-sakerhetsfilm","status":"publish","type":"page","link":"https:\/\/www.solargard.com\/sv\/","title":{"rendered":"ÁñÁ«¿¿±ÈÍøÕ¾\u00ae &#8211; F\u00f6nsterfilm"},"content":{"rendered":"<div class=\"wpb-content-wrapper\"><p>[vc_row top_margin=&#8221;sm&#8221; bottom_margin=&#8221;none&#8221;][vc_column][\/vc_column][\/vc_row][vc_row bottom_margin=&#8221;none&#8221; gmbt_prlx_bg_type=&#8221;parallax&#8221; gmbt_prlx_break_parents=&#8221;0&#8243; gmbt_prlx_smooth_scrolling=&#8221;&#8221; gmbt_prlx_video_mute=&#8221;&#8221; gmbt_prlx_video_force_hd=&#8221;&#8221; gmbt_prlx_opacity=&#8221;100&#8243; gmbt_prlx_video_aspect_ratio=&#8221;16:9&#8243; gmbt_prlx_parallax=&#8221;none&#8221; gmbt_prlx_speed=&#8221;0.3&#8243; gmbt_prlx_enable_mobile=&#8221;&#8221;][vc_column]<div class=\"section-title sg-section-title text-center\"><div class=\"copy-content\"><h4 class=\" normal-title\">Det som betyder mest f\u00f6r dig...<\/h4><p class=\"lead x2 x2\">We're On It!<\/p><\/div><div class=\"border-bg\"><\/div><\/div>[\/vc_column][\/vc_row][vc_row top_margin=&#8221;xs&#8221; bottom_margin=&#8221;2x&#8221; gmbt_prlx_bg_type=&#8221;parallax&#8221; gmbt_prlx_break_parents=&#8221;0&#8243; gmbt_prlx_smooth_scrolling=&#8221;&#8221; gmbt_prlx_video=&#8221;&#8221; gmbt_prlx_video_mute=&#8221;&#8221; gmbt_prlx_video_force_hd=&#8221;&#8221; gmbt_prlx_opacity=&#8221;100&#8243; gmbt_prlx_video_aspect_ratio=&#8221;16:9&#8243; gmbt_prlx_parallax=&#8221;none&#8221; gmbt_background_repeat=&#8221;&#8221; gmbt_background_position=&#8221;&#8221; gmbt_prlx_speed=&#8221;0.3&#8243; gmbt_prlx_enable_mobile=&#8221;&#8221;][vc_column width=&#8221;1\/4&#8243; offset=&#8221;vc_col-xs-6&#8243;]<div class=\"icon-box icon-horizontal icon-lg icon-gradient\"><a class=\"vc_icon_element-link\" href=\"https:\/\/www.solargard.com\/sv\/komfort-i-hus-och-hem\/\" title=\"\" target=\"_self\"><div style=\"background-color:#fdb824;\" class=\"icon-content img-circle\" data-wow-delay=\"0.25s\"><i class=\"fa fa-home\"><\/i><\/div><div class=\"icon-box-content\"><h5 style=\"color:#fdb824;\" class=\"upper\">F\u00f6r ditt hem<\/h5><p>Ditt hem \u00e4r din borg. ÁñÁ«¿¿±ÈÍøÕ¾s f\u00f6nsterfilm g\u00f6r ditt hem till en sk\u00f6nare och tryggare plats. Inomhus f\u00f6rb\u00e4ttras komforten, du slipper blekning av inredningen. Fasaden f\u00e5r ett enhetligare och snyggare utseende.<\/p><\/div><\/div><\/a>[\/vc_column][vc_column width=&#8221;1\/4&#8243; offset=&#8221;vc_col-xs-6&#8243;]<div class=\"icon-box icon-horizontal icon-lg icon-gradient\"><a class=\"vc_icon_element-link\" href=\"https:\/\/www.solargard.com\/sv\/komfort-i-bilen\/\" title=\"\" target=\"_self\"><div style=\"background-color:#fdb824;\" class=\"icon-content img-circle\" data-wow-delay=\"0.25s\"><i class=\"fa fa-car\"><\/i><\/div><div class=\"icon-box-content\"><h5 style=\"color:#fdb824;\" class=\"upper\">F\u00f6r din bil<\/h5><p>ÁñÁ«¿¿±ÈÍøÕ¾s bilfilm h\u00e5ller din sval och sk\u00f6n. Den blockerar mer \u00e4n 99% av skadlig UV-str\u00e5lning och reducerar v\u00e4rmen med upp till 79%. Det finns garanterat en solfilm som passar i v\u00e5rt breda sortiment.<\/p><\/div><\/div><\/a>[\/vc_column][vc_column width=&#8221;1\/4&#8243; offset=&#8221;vc_col-xs-6&#8243;]<div class=\"icon-box icon-horizontal icon-lg icon-gradient\"><a class=\"vc_icon_element-link\" href=\"https:\/\/www.solargard.com\/sv\/komfort-i-hus-och-hem\/\" title=\"\" target=\"_self\"><div style=\"background-color:#fdb824;\" class=\"icon-content img-circle\" data-wow-delay=\"0.25s\"><i class=\"fa fa-building\"><\/i><\/div><div class=\"icon-box-content\"><h5 style=\"color:#fdb824;\" class=\"upper\">F\u00f6r ditt f\u00f6retag<\/h5><p>ÁñÁ«¿¿±ÈÍøÕ¾s f\u00f6nsterfilm kan dramatiskt minska dina energikostnader, \u00f6ka produktiviteten och ge ett fantastiskt utseende p\u00e5 fastigheten - allt i samma produkt!<\/p><\/div><\/div><\/a>[\/vc_column][vc_column width=&#8221;1\/4&#8243; offset=&#8221;vc_col-xs-6&#8243;]<div class=\"icon-box icon-horizontal icon-lg icon-gradient\"><a class=\"vc_icon_element-link\" href=\"https:\/\/www.solargard.com\/sv\/product\/sol-och-sakerhetsfilm\/\" title=\"\" target=\"_self\"><div style=\"background-color:#fdb824;\" class=\"icon-content img-circle\" data-wow-delay=\"1s\"><i class=\"fa fa-shield\"><\/i><\/div><div class=\"icon-box-content\"><h5 style=\"color:#fdb824;\" class=\"upper\">F\u00f6r din s\u00e4kerhet<\/h5><p>ÁñÁ«¿¿±ÈÍøÕ¾ erbjuder ett osynlig skydd till dina f\u00f6nster och glasytor. ÁñÁ«¿¿±ÈÍøÕ¾ Armorcoat\u00ae skyddar dina n\u00e4ra och k\u00e4ra samt dina \u00e4godelar fr\u00e5n h\u00e5rt v\u00e4der, intr\u00e5ng, olyckor och \u00e4ven vid attentat.<\/p><\/div><\/div><\/a>[\/vc_column][\/vc_row][vc_row full_width=&#8221;stretch_row&#8221; gmbt_prlx_bg_type=&#8221;parallax&#8221; gmbt_prlx_break_parents=&#8221;0&#8243; gmbt_prlx_smooth_scrolling=&#8221;&#8221; gmbt_prlx_video_mute=&#8221;&#8221; gmbt_prlx_video_force_hd=&#8221;&#8221; gmbt_prlx_opacity=&#8221;100&#8243; gmbt_prlx_video_aspect_ratio=&#8221;16:9&#8243; gmbt_prlx_parallax=&#8221;none&#8221; gmbt_prlx_speed=&#8221;0.3&#8243; gmbt_prlx_enable_mobile=&#8221;&#8221; gmbt_prlx_image=&#8221;2254&#8243; el_class=&#8221;light-blue-row&#8221;][vc_column]<div class=\"section-title text-center wow fadeInDown\" data-wow-delay=\"0.25s\"><h3 class=\"upper normal-title\">ENERGISMARTA L\u00d6SNINGAR SOM F\u00d6RB\u00c4TTRAR TILLVARON.<\/h3><\/div>[vc_row_inner][vc_column_inner el_class=&#8221;chart-container&#8221; width=&#8221;1\/4&#8243;]  <div class=\"text-center sep-top-lg\" data-wow-delay=\"0s\">\n    <div class=\"chart dark\" data-percent=\"84\">\n      <span class=\"chart-item\" data-color=\"#efc321\">\n        <b data-from=\"0\" data-to=\"84\" class=\"counter\">0<\/b><em>%<\/em>\n      <\/span>\n    <\/div>\n    <p class=\"lead x2\">V\u00e4rmereduktion<\/p>\n    <p class=\"\">ÁñÁ«¿¿±ÈÍøÕ¾ minskar solens v\u00e4rme med upp till 84%<\/p>\n  <\/div>[\/vc_column_inner][vc_column_inner el_class=&#8221;chart-container&#8221; width=&#8221;1\/4&#8243;]  <div class=\"text-center sep-top-lg\" data-wow-delay=\"0s\">\n    <div class=\"chart dark\" data-percent=\"30\">\n      <span class=\"chart-item\" data-color=\"#ff2323\">\n        <b data-from=\"0\" data-to=\"30\" class=\"counter\">0<\/b><em>%<\/em>\n      <\/span>\n    <\/div>\n    <p class=\"lead x2\">Energibesparingar<\/p>\n    <p class=\"\">Spara upp till 30% p\u00e5 dina energikostnader \u00e5rligen<\/p>\n  <\/div>[\/vc_column_inner][vc_column_inner el_class=&#8221;chart-container&#8221; width=&#8221;1\/4&#8243;]  <div class=\"text-center sep-top-lg\" data-wow-delay=\"0s\">\n    <div class=\"chart dark\" data-percent=\"99\">\n      <span class=\"chart-item\" data-color=\"#e5ce20\">\n        <b data-from=\"0\" data-to=\"99\" class=\"counter\">0<\/b><em>%<\/em>\n      <\/span>\n    <\/div>\n    <p class=\"lead x2\">UV-skydd<\/p>\n    <p class=\"\">ÁñÁ«¿¿±ÈÍøÕ¾ blockerar \u00f6ver 99% av skadlig UV-str\u00e5lning<\/p>\n  <\/div>[\/vc_column_inner][vc_column_inner el_class=&#8221;chart-container&#8221; width=&#8221;1\/4&#8243;]  <div class=\"text-center sep-top-lg\" data-wow-delay=\"0s\">\n    <div class=\"chart dark\" data-percent=\"94\">\n      <span class=\"chart-item\" data-color=\"#e5ce20\">\n        <b data-from=\"0\" data-to=\"94\" class=\"counter\">0<\/b><em>%<\/em>\n      <\/span>\n    <\/div>\n    <p class=\"lead x2\">MINSKA BL\u00c4NDNING<\/p>\n    <p class=\"\">ÁñÁ«¿¿±ÈÍøÕ¾ reducerar besv\u00e4rande bl\u00e4nding med upp till 94%<\/p>\n  <\/div>[vc_empty_space height=&#8221;2px&#8221; el_id=&#8221;senaste-nytt&#8221;][\/vc_column_inner][\/vc_row_inner][\/vc_column][\/vc_row][vc_row el_class=&#8221;hidden&#8221;][vc_column]<div class=\"section-title text-center\"><h3 class=\"upper normal-title\">SOLAR GARDS FILMTEKNOLOGIER<\/h3><\/div>[image_map image=&#8221;51279&#8243; mobile_image=&#8221;34547&#8243;]<div class=\"image-map-section\" data-shape=\"poly\" data-coords=\"0,0,700,0,280,438,0,438\" data-coords-mobile=\"0,0,270,0,25,250,0,250\"><h3>Tonad<\/h3><p style=\"font-size: 20px;\">Den tonade polyesterfilmen \u00e4r inf\u00e4rgad f\u00f6r att skapa olika nyanser.<\/p>\n<\/div><div class=\"image-map-section\" data-shape=\"poly\" data-coords=\"710,0,1215,0,787,438,365,438\" data-coords-mobile=\"275,0,440,0,200,250,30,250\"><h3>Metalliserad<\/h3><p style=\"font-size: 20px;\">Metalliserade filmer ger b\u00e4ttre komfort genom sina v\u00e4rmereducerande metaller som reflekterar solenergin.<\/p>\n<\/div><div class=\"image-map-section\" data-shape=\"poly\" data-coords=\"1235,0,1710,0,1290,438,790,438\" data-coords-mobile=\"450,0,610,0,370,250,205,250\"><h3>Nanoteknologi<\/h3><p style=\"font-size: 20px;\">Nanofilmerna tillverkas med nanopartiklar som l\u00e4ggs ovanp\u00e5 ett lager av polyester f\u00f6r att absorbera IR-str\u00e5lning.<\/p>\n<\/div><div class=\"image-map-section\" data-shape=\"poly\" data-coords=\"1750,0,2048,0,2048,438,1300,438\" data-coords-mobile=\"620,0,650,0,650,250,380,250\"><h3>SolMox<\/h3><p style=\"font-size: 20px;\">ÁñÁ«¿¿±ÈÍøÕ¾s patenterade teknologi, SolMox, anv\u00e4nder avancerad sputtringsteknik f\u00f6r att f\u00e5 fram flera olika komplexa lager av \u00e4delmetaller p\u00e5 filmen i vacuumkammare. Resultatet \u00e4r enast\u00e5ende.<\/p>\n<\/div>[\/image_map][\/vc_column][\/vc_row][vc_row full_width=&#8221;stretch_row&#8221; top_margin=&#8221;2x&#8221; bottom_margin=&#8221;md&#8221; gmbt_prlx_bg_type=&#8221;parallax&#8221; gmbt_prlx_break_parents=&#8221;0&#8243; gmbt_prlx_smooth_scrolling=&#8221;&#8221; gmbt_prlx_video=&#8221;&#8221; gmbt_prlx_video_mute=&#8221;&#8221; gmbt_prlx_video_force_hd=&#8221;&#8221; gmbt_prlx_opacity=&#8221;100&#8243; gmbt_prlx_video_aspect_ratio=&#8221;16:9&#8243; gmbt_prlx_parallax=&#8221;none&#8221; gmbt_background_repeat=&#8221;&#8221; gmbt_background_position=&#8221;&#8221; gmbt_prlx_speed=&#8221;0.3&#8243; gmbt_prlx_enable_mobile=&#8221;&#8221; el_class=&#8221;light-blue-row&#8221;][vc_column]<div class=\"section-title sep-bottom-md text-center wow fadeIn\" data-wow-delay=\"0.5s\"><h3 class=\"upper normal-title\">SOLAR GARDS SENASTE NYTT<\/h3><\/div>[vc_basic_grid post_type=&#8221;post&#8221; max_items=&#8221;6&#8243; show_filter=&#8221;yes&#8221; filter_style=&#8221;filled&#8221; filter_color=&#8221;peacoc&#8221; filter_size=&#8221;lg&#8221; item=&#8221;71016&#8243; grid_id=&#8221;vc_gid:1767773448066-312a21a9-9ed9-9&#8243; filter_source=&#8221;category&#8221; taxonomies=&#8221;86&#8243;][\/vc_column][\/vc_row][vc_row gmbt_prlx_bg_type=&#8221;parallax&#8221; gmbt_prlx_break_parents=&#8221;0&#8243; gmbt_prlx_smooth_scrolling=&#8221;&#8221; gmbt_prlx_video=&#8221;&#8221; gmbt_prlx_video_mute=&#8221;&#8221; gmbt_prlx_video_force_hd=&#8221;&#8221; gmbt_prlx_opacity=&#8221;100&#8243; gmbt_prlx_video_aspect_ratio=&#8221;16:9&#8243; gmbt_prlx_parallax=&#8221;none&#8221; gmbt_background_repeat=&#8221;&#8221; gmbt_background_position=&#8221;&#8221; gmbt_prlx_speed=&#8221;0.3&#8243; gmbt_prlx_enable_mobile=&#8221;&#8221;][vc_column]<div class=\"section-title sep-bottom-lg text-center wow fadeInRightBig\" data-wow-delay=\"0.25s\"><h3 class=\"upper normal-title\">F\u00d6RENINGAR &amp; MEDLEMSKAP<\/h3><\/div>    <div class=\"\">\n      <div dir=\"ltr\" data-auto-play=\"3000\" data-items=\"8\" data-auto-height=\"false\" class=\"client-list owl-carousel owl-theme\">\n        <div class=\"item\"> <a href=\"http:\/\/www.aimcal.org\/\" target=\"_blank\" rel=\"noopener\"><img decoding=\"async\" class=\"img-responsive\" alt=\"AIMCAL\" src=\"https:\/\/www.solargard.com\/wp-content\/uploads\/2016\/03\/0009_bwlogo_aimcal.jpg\"><\/a> <\/div><div class=\"item\"> <a href=\"http:\/\/www.thenbs.com\/PublicationIndex\/documents?Pub=AIS\" target=\"_blank\" rel=\"noopener\"><img decoding=\"async\" class=\"img-responsive\" alt=\"AIS\" src=\"https:\/\/www.solargard.com\/wp-content\/uploads\/2016\/03\/ais.jpg\"><\/a> <\/div><div class=\"item\"> <a href=\"http:\/\/www.asid.org\" target=\"_blank\" rel=\"noopener\"><img decoding=\"async\" class=\"img-responsive\" alt=\"ASID\" src=\"https:\/\/www.solargard.com\/wp-content\/uploads\/2016\/03\/0008_bwlogo_asid.jpg\"><\/a> <\/div><div class=\"item\"> <a href=\"http:\/\/www.boma.org\" target=\"_blank\" rel=\"noopener\"><img decoding=\"async\" class=\"img-responsive\" alt=\"BOMA\" src=\"https:\/\/www.solargard.com\/wp-content\/uploads\/2016\/03\/0007_bwlogo_boma.jpg\"><\/a> <\/div><div class=\"item\"> <a href=\"https:\/\/www.energystar.gov\/\" target=\"_blank\" rel=\"noopener\"><img decoding=\"async\" class=\"img-responsive\" alt=\"Energy Star\" src=\"https:\/\/www.solargard.com\/wp-content\/uploads\/2016\/03\/0005_bwlogo_energystar.jpg\"><\/a> <\/div><div class=\"item\"> <a href=\"http:\/\/www.ggf.org.uk\" target=\"_blank\" rel=\"noopener\"><img decoding=\"async\" class=\"img-responsive\" alt=\"GGF\" src=\"https:\/\/www.solargard.com\/wp-content\/uploads\/2016\/03\/ggf.jpg\"><\/a> <\/div><div class=\"item\"> <a href=\"http:\/\/www.iwfa.com\" target=\"_blank\" rel=\"noopener\"><img decoding=\"async\" class=\"img-responsive\" alt=\"IWFA\" src=\"https:\/\/www.solargard.com\/wp-content\/uploads\/2016\/03\/iwfa.jpg\"><\/a> <\/div><div class=\"item\"> <a href=\"http:\/\/www.glass.org\" target=\"_blank\" rel=\"noopener\"><img decoding=\"async\" class=\"img-responsive\" alt=\"NGA\" src=\"https:\/\/www.solargard.com\/wp-content\/uploads\/2016\/03\/0002_bwlogo_nga.jpg\"><\/a> <\/div><div class=\"item\"> <a href=\"http:\/\/protectiveglazing.com\/\" target=\"_blank\" rel=\"noopener\"><img decoding=\"async\" class=\"img-responsive\" alt=\"PGC\" src=\"https:\/\/www.solargard.com\/wp-content\/uploads\/2016\/03\/0001_bwlogo_pgc.jpg\"><\/a> <\/div><div class=\"item\"> <a href=\"http:\/\/www.usgbc.org\/\" target=\"_blank\" rel=\"noopener\"><img decoding=\"async\" class=\"img-responsive\" alt=\"USGBC\" src=\"https:\/\/www.solargard.com\/wp-content\/uploads\/2016\/03\/0000_leaves-e1455834545243.jpg\"><\/a> <\/div><div class=\"item\"> <a href=\"http:\/\/www.wers.net\/wers-home\" target=\"_blank\" rel=\"noopener\"><img decoding=\"async\" class=\"img-responsive\" alt=\"Window Energy Rating Scheme\" src=\"https:\/\/www.solargard.com\/wp-content\/uploads\/2016\/06\/WER.png\"><\/a> <\/div><div class=\"item\"> <a href=\"http:\/\/www.wfaanz.org.au\/\" target=\"_blank\" rel=\"noopener\"><img decoding=\"async\" class=\"img-responsive\" alt=\"Window Film Association of Australia and New Zealand\" src=\"https:\/\/www.solargard.com\/wp-content\/uploads\/2016\/06\/WFAANZ-2.png\"><\/a> <\/div>\n      <\/div>\n    <\/div>[\/vc_column][\/vc_row][vc_row full_width=&#8221;stretch_row&#8221; top_margin=&#8221;md&#8221; bottom_margin=&#8221;md&#8221; gmbt_prlx_bg_type=&#8221;parallax&#8221; gmbt_prlx_break_parents=&#8221;0&#8243; gmbt_prlx_smooth_scrolling=&#8221;&#8221; gmbt_prlx_video_mute=&#8221;&#8221; gmbt_prlx_video_force_hd=&#8221;&#8221; gmbt_prlx_opacity=&#8221;100&#8243; gmbt_prlx_video_aspect_ratio=&#8221;16:9&#8243; gmbt_prlx_parallax=&#8221;none&#8221; gmbt_prlx_speed=&#8221;0.3&#8243; gmbt_prlx_enable_mobile=&#8221;&#8221; el_class=&#8221;light-blue-row&#8221;][vc_column width=&#8221;2\/12&#8243;][\/vc_column][vc_column width=&#8221;4\/12&#8243;]<div class=\"section-title text-center\"><h3 class=\"upper normal-title\">REDO F\u00d6R F\u00d6NSTERFILM?<\/h3><\/div>[\/vc_column][vc_column width=&#8221;4\/12&#8243;][vc_btn title=&#8221;N\u00c4RMASTE \u00c5TERF\u00d6RS\u00c4LJARE&#8221; style=&#8221;flat&#8221; shape=&#8221;square&#8221; color=&#8221;primary&#8221; link=&#8221;url:https%3A%2F%2Fwww.solargard.com%2Fsv%2Fnarmaste-aterforsaljare%2F|||&#8221;][\/vc_column][vc_column width=&#8221;2\/12&#8243;][\/vc_column][\/vc_row]<\/p>\n<\/div>","protected":false},"excerpt":{"rendered":"<p>[vc_row top_margin=&#8221;sm&#8221; bottom_margin=&#8221;none&#8221;][vc_column][\/vc_column][\/vc_row][vc_row bottom_margin=&#8221;none&#8221; gmbt_prlx_bg_type=&#8221;parallax&#8221; gmbt_prlx_break_parents=&#8221;0&#8243; gmbt_prlx_smooth_scrolling=&#8221;&#8221; gmbt_prlx_video_mute=&#8221;&#8221; gmbt_prlx_video_force_hd=&#8221;&#8221; gmbt_prlx_opacity=&#8221;100&#8243; gmbt_prlx_video_aspect_ratio=&#8221;16:9&#8243; gmbt_prlx_parallax=&#8221;none&#8221; gmbt_prlx_speed=&#8221;0.3&#8243; gmbt_prlx_enable_mobile=&#8221;&#8221;][vc_column][\/vc_column][\/vc_row][vc_row top_margin=&#8221;xs&#8221; bottom_margin=&#8221;2x&#8221; gmbt_prlx_bg_type=&#8221;parallax&#8221; gmbt_prlx_break_parents=&#8221;0&#8243; gmbt_prlx_smooth_scrolling=&#8221;&#8221; gmbt_prlx_video=&#8221;&#8221; gmbt_prlx_video_mute=&#8221;&#8221; gmbt_prlx_video_force_hd=&#8221;&#8221; gmbt_prlx_opacity=&#8221;100&#8243; gmbt_prlx_video_aspect_ratio=&#8221;16:9&#8243; gmbt_prlx_parallax=&#8221;none&#8221; gmbt_background_repeat=&#8221;&#8221; gmbt_background_position=&#8221;&#8221; gmbt_prlx_speed=&#8221;0.3&#8243; gmbt_prlx_enable_mobile=&#8221;&#8221;][vc_column width=&#8221;1\/4&#8243; offset=&#8221;vc_col-xs-6&#8243;][\/vc_column][vc_column width=&#8221;1\/4&#8243; offset=&#8221;vc_col-xs-6&#8243;][\/vc_column][vc_column width=&#8221;1\/4&#8243; offset=&#8221;vc_col-xs-6&#8243;][\/vc_column][vc_column width=&#8221;1\/4&#8243; offset=&#8221;vc_col-xs-6&#8243;][\/vc_column][\/vc_row][vc_row full_width=&#8221;stretch_row&#8221; gmbt_prlx_bg_type=&#8221;parallax&#8221; gmbt_prlx_break_parents=&#8221;0&#8243; gmbt_prlx_smooth_scrolling=&#8221;&#8221; gmbt_prlx_video_mute=&#8221;&#8221; gmbt_prlx_video_force_hd=&#8221;&#8221; gmbt_prlx_opacity=&#8221;100&#8243; gmbt_prlx_video_aspect_ratio=&#8221;16:9&#8243; gmbt_prlx_parallax=&#8221;none&#8221; gmbt_prlx_speed=&#8221;0.3&#8243; gmbt_prlx_enable_mobile=&#8221;&#8221; gmbt_prlx_image=&#8221;2254&#8243; el_class=&#8221;light-blue-row&#8221;][vc_column][vc_row_inner][vc_column_inner el_class=&#8221;chart-container&#8221; width=&#8221;1\/4&#8243;][\/vc_column_inner][vc_column_inner el_class=&#8221;chart-container&#8221; width=&#8221;1\/4&#8243;][\/vc_column_inner][vc_column_inner el_class=&#8221;chart-container&#8221; &hellip; <a href=\"https:\/\/www.solargard.com\/sv\/client\/window-film-association-australia-new-zealand-2\/\">Continued<\/a><\/p>\n","protected":false},"author":3,"featured_media":0,"parent":0,"menu_order":0,"comment_status":"closed","ping_status":"closed","template":"","meta":{"_acf_changed":false,"footnotes":""},"class_list":["post-27874","page","type-page","status-publish","hentry"],"acf":[],"_links":{"self":[{"href":"https:\/\/www.solargard.com\/sv\/wp-json\/wp\/v2\/pages\/27874","targetHints":{"allow":["GET"]}}],"collection":[{"href":"https:\/\/www.solargard.com\/sv\/wp-json\/wp\/v2\/pages"}],"about":[{"href":"https:\/\/www.solargard.com\/sv\/wp-json\/wp\/v2\/types\/page"}],"author":[{"embeddable":true,"href":"https:\/\/www.solargard.com\/sv\/wp-json\/wp\/v2\/users\/3"}],"replies":[{"embeddable":true,"href":"https:\/\/www.solargard.com\/sv\/wp-json\/wp\/v2\/comments?post=27874"}],"version-history":[{"count":0,"href":"https:\/\/www.solargard.com\/sv\/wp-json\/wp\/v2\/pages\/27874\/revisions"}],"wp:attachment":[{"href":"https:\/\/www.solargard.com\/sv\/wp-json\/wp\/v2\/media?parent=27874"}],"curies":[{"name":"wp","href":"https:\/\/api.w.org\/{rel}","templated":true}]}}