  {"id":27958,"date":"2016-03-27T11:33:29","date_gmt":"2016-03-27T11:33:29","guid":{"rendered":"https:\/\/www.solargard.com\/sv\/?page_id=27958"},"modified":"2025-06-09T10:05:54","modified_gmt":"2025-06-09T18:05:54","slug":"sakerhetsfilm","status":"publish","type":"page","link":"https:\/\/www.solargard.com\/sv\/komfort-i-hus-och-hem\/hem-och-foretag\/sakerhetsfilm\/","title":{"rendered":"ÁñÁ«¿¿±ÈÍøÕ¾ Armorcoat s\u00e4krar dina glas"},"content":{"rendered":"<div class=\"wpb-content-wrapper\"><p>[vc_row top_margin=&#8221;md&#8221; bottom_margin=&#8221;xs&#8221;][vc_column]<div class=\"section-title sg-section-title text-center\"><div class=\"copy-content\"><h1 class=\" normal-title\">ÁñÁ«¿¿±ÈÍøÕ¾ Armorcoat s\u00e4krar dina glas<\/h1><\/div><div class=\"border-bg\"><\/div><\/div>[\/vc_column][\/vc_row][vc_row top_margin=&#8221;xs&#8221; bottom_margin=&#8221;md&#8221;][vc_column el_class=&#8221;left-gray-title&#8221;][vc_column_text css=&#8221;&#8221;]<\/p>\n<p style=\"text-align: center;\"><img loading=\"lazy\" decoding=\"async\" class=\"wp-image-103784\" src=\"https:\/\/www.solargard.com\/wp-content\/uploads\/2025\/03\/armorcoat-logo-red-bl-shield120094-262x300.png\" alt=\"\" width=\"101\" height=\"116\" srcset=\"https:\/\/www.solargard.com\/wp-content\/uploads\/2025\/03\/armorcoat-logo-red-bl-shield120094-262x300.png 262w, https:\/\/www.solargard.com\/wp-content\/uploads\/2025\/03\/armorcoat-logo-red-bl-shield120094-893x1024.png 893w, https:\/\/www.solargard.com\/wp-content\/uploads\/2025\/03\/armorcoat-logo-red-bl-shield120094-768x881.png 768w, https:\/\/www.solargard.com\/wp-content\/uploads\/2025\/03\/armorcoat-logo-red-bl-shield120094-83x95.png 83w, https:\/\/www.solargard.com\/wp-content\/uploads\/2025\/03\/armorcoat-logo-red-bl-shield120094-600x688.png 600w, https:\/\/www.solargard.com\/wp-content\/uploads\/2025\/03\/armorcoat-logo-red-bl-shield120094.png 1000w\" sizes=\"auto, (max-width: 101px) 100vw, 101px\" \/><\/p>\n<p>[\/vc_column_text][vc_column_text css=&#8221;&#8221;]<\/p>\n<h4 style=\"text-align: center;\">ÁñÁ«¿¿±ÈÍøÕ¾s s\u00e4kerhetsfilmserie ARMORCOAT\u00ae erbjuder ett kraftfullt skydd f\u00f6r dina befintliga f\u00f6nster och glasytor.<br \/>\nFilmen skyddar n\u00e4ra och k\u00e4ra samt dina \u00e4godelar och skapar en &#8221;osynlig barri\u00e4r&#8221; mot h\u00e5rt v\u00e4der, intr\u00e5ng, olyckor och attentat. Uppgradera dina glas med v\u00e5ra s\u00e4kerhetsklassificerade s\u00e4kerhetsfilmer!<\/h4>\n<p>[\/vc_column_text][\/vc_column][\/vc_row][vc_row top_margin=&#8221;none&#8221; bottom_margin=&#8221;none&#8221;][vc_column][vc_row_inner][vc_column_inner width=&#8221;1\/4&#8243;][vc_column_text css=&#8221;&#8221;]<\/p>\n<h5 style=\"text-align: center;\"><span style=\"color: #333333;\"><strong>S\u00c4KERHETSFILM<\/strong><\/span><\/h5>\n<p>[\/vc_column_text][vc_empty_space height=&#8221;15px&#8221;][vc_single_image image=&#8221;33260&#8243; img_size=&#8221;320x200px&#8221; alignment=&#8221;center&#8221; onclick=&#8221;custom_link&#8221; img_link_target=&#8221;_blank&#8221; css=&#8221;&#8221; link=&#8221;https:\/\/www.solargard.com\/sv\/product\/klar-sakerhetsfilm\/&#8221;][\/vc_column_inner][vc_column_inner width=&#8221;1\/4&#8243;][vc_column_text css=&#8221;&#8221;]<\/p>\n<h5 style=\"text-align: center;\"><strong>SOL &amp; S\u00c4KERHETSFILM<\/strong><\/h5>\n<p>[\/vc_column_text][vc_empty_space height=&#8221;15px&#8221;][vc_single_image image=&#8221;33244&#8243; img_size=&#8221;320x200px&#8221; alignment=&#8221;center&#8221; onclick=&#8221;custom_link&#8221; img_link_target=&#8221;_blank&#8221; css=&#8221;&#8221; link=&#8221;https:\/\/www.solargard.com\/sv\/product\/sol-och-sakerhetsfilm\/&#8221;][\/vc_column_inner][vc_column_inner width=&#8221;1\/4&#8243;][vc_column_text css=&#8221;&#8221;]<\/p>\n<h5 style=\"text-align: center;\"><strong>EXPLOSIONSSKYDD<\/strong><\/h5>\n<p>[\/vc_column_text][vc_empty_space height=&#8221;15px&#8221;][vc_single_image image=&#8221;103694&#8243; img_size=&#8221;320x200px&#8221; alignment=&#8221;center&#8221; onclick=&#8221;custom_link&#8221; img_link_target=&#8221;_blank&#8221; css=&#8221;&#8221; link=&#8221;https:\/\/www.solargard.com\/sv\/explosions-skydd\/&#8221;][\/vc_column_inner][vc_column_inner width=&#8221;1\/4&#8243;][vc_column_text css=&#8221;&#8221;]<\/p>\n<h5 style=\"text-align: center;\"><strong>S\u00c4KERHET I SKOLOR<\/strong><\/h5>\n<p>[\/vc_column_text][vc_empty_space height=&#8221;15px&#8221;][vc_single_image image=&#8221;76668&#8243; img_size=&#8221;320x200px&#8221; alignment=&#8221;center&#8221; onclick=&#8221;custom_link&#8221; img_link_target=&#8221;_blank&#8221; css=&#8221;&#8221; link=&#8221;https:\/\/www.solargard.com\/sv\/sakerhet-skolor\/&#8221;][\/vc_column_inner][\/vc_row_inner][\/vc_column][\/vc_row][vc_row][vc_column]<div class=\"section-title sep-bottom-md text-center\"><h3 class=\" normal-title\">MER INFO OM S\u00c4KERHETSFILM<\/h3><\/div>[vc_row_inner el_class=&#8221;same-height-row&#8221;][vc_column_inner width=&#8221;2\/12&#8243;][\/vc_column_inner][vc_column_inner width=&#8221;4\/12&#8243;][vc_btn title=&#8221;VIDEOS&#8221; style=&#8221;flat&#8221; shape=&#8221;square&#8221; color=&#8221;primary&#8221; size=&#8221;lg&#8221; align=&#8221;center&#8221; button_block=&#8221;true&#8221; el_class=&#8221;same-height-item&#8221; link=&#8221;url:https%3A%2F%2Fwww.youtube.com%2Fplaylist%3Flist%3DPLTQ5GR7sD4PzBwJkgUayNN8cUgGNEqfnO||target:%20_blank&#8221;][\/vc_column_inner][vc_column_inner width=&#8221;4\/12&#8243;][vc_btn title=&#8221;CERTIFIKAT&#8221; style=&#8221;flat&#8221; shape=&#8221;square&#8221; color=&#8221;primary&#8221; size=&#8221;lg&#8221; align=&#8221;center&#8221; css=&#8221;&#8221; button_block=&#8221;true&#8221; el_class=&#8221;same-height-item&#8221; link=&#8221;url:https%3A%2F%2Fwww.solargard.com%2Fsv%2Fresurser%2Fcertifikationer-sakerhetscertifikat%2F|target:_blank&#8221;][\/vc_column_inner][vc_column_inner width=&#8221;2\/12&#8243;][\/vc_column_inner][\/vc_row_inner][\/vc_column][\/vc_row][vc_row full_width=&#8221;stretch_row&#8221; content_placement=&#8221;middle&#8221; css=&#8221;.vc_custom_1737471521199{background-color: #e5f5fc !important;}&#8221;][vc_column width=&#8221;2\/3&#8243;]<div class=\"section-title text-center\"><h3 class=\"upper normal-title\">REDO ATT S\u00c4KRA DINA GLAS?<\/h3><\/div>[\/vc_column][vc_column width=&#8221;1\/3&#8243;][vc_btn title=&#8221;N\u00c4RMASTE \u00c5TERF\u00d6RS\u00c4LJARE&#8221; style=&#8221;flat&#8221; shape=&#8221;square&#8221; color=&#8221;primary&#8221; size=&#8221;lg&#8221; css=&#8221;&#8221; link=&#8221;url:https%3A%2F%2Fwww.solargard.com%2Fsv%2Fnarmaste-aterforsaljare%2F|title:N%C3%A4rmaste%20%C3%85terf%C3%B6rs%C3%A4ljare|target:_blank&#8221;][\/vc_column][\/vc_row]<\/p>\n<\/div>","protected":false},"excerpt":{"rendered":"<p>[vc_row top_margin=&#8221;md&#8221; bottom_margin=&#8221;xs&#8221;][vc_column][\/vc_column][\/vc_row][vc_row top_margin=&#8221;xs&#8221; bottom_margin=&#8221;md&#8221;][vc_column el_class=&#8221;left-gray-title&#8221;][vc_column_text css=&#8221;&#8221;] [\/vc_column_text][vc_column_text css=&#8221;&#8221;] ÁñÁ«¿¿±ÈÍøÕ¾s s\u00e4kerhetsfilmserie ARMORCOAT\u00ae erbjuder ett kraftfullt skydd f\u00f6r dina befintliga f\u00f6nster och glasytor. Filmen skyddar n\u00e4ra och k\u00e4ra samt dina \u00e4godelar och skapar en &#8221;osynlig barri\u00e4r&#8221; mot h\u00e5rt v\u00e4der, intr\u00e5ng, olyckor och attentat. Uppgradera dina glas med v\u00e5ra s\u00e4kerhetsklassificerade s\u00e4kerhetsfilmer! [\/vc_column_text][\/vc_column][\/vc_row][vc_row top_margin=&#8221;none&#8221; bottom_margin=&#8221;none&#8221;][vc_column][vc_row_inner][vc_column_inner width=&#8221;1\/4&#8243;][vc_column_text css=&#8221;&#8221;] &hellip; <a href=\"https:\/\/www.solargard.com\/sv\/komfort-i-hus-och-hem\/hem-och-foretag\/sakerhetsfilm\/\">Continued<\/a><\/p>\n","protected":false},"author":3,"featured_media":33260,"parent":27882,"menu_order":0,"comment_status":"closed","ping_status":"closed","template":"","meta":{"_acf_changed":false,"footnotes":""},"class_list":["post-27958","page","type-page","status-publish","has-post-thumbnail","hentry"],"acf":[],"_links":{"self":[{"href":"https:\/\/www.solargard.com\/sv\/wp-json\/wp\/v2\/pages\/27958","targetHints":{"allow":["GET"]}}],"collection":[{"href":"https:\/\/www.solargard.com\/sv\/wp-json\/wp\/v2\/pages"}],"about":[{"href":"https:\/\/www.solargard.com\/sv\/wp-json\/wp\/v2\/types\/page"}],"author":[{"embeddable":true,"href":"https:\/\/www.solargard.com\/sv\/wp-json\/wp\/v2\/users\/3"}],"replies":[{"embeddable":true,"href":"https:\/\/www.solargard.com\/sv\/wp-json\/wp\/v2\/comments?post=27958"}],"version-history":[{"count":0,"href":"https:\/\/www.solargard.com\/sv\/wp-json\/wp\/v2\/pages\/27958\/revisions"}],"up":[{"embeddable":true,"href":"https:\/\/www.solargard.com\/sv\/wp-json\/wp\/v2\/pages\/27882"}],"wp:featuredmedia":[{"embeddable":true,"href":"https:\/\/www.solargard.com\/sv\/wp-json\/wp\/v2\/media\/33260"}],"wp:attachment":[{"href":"https:\/\/www.solargard.com\/sv\/wp-json\/wp\/v2\/media?parent=27958"}],"curies":[{"name":"wp","href":"https:\/\/api.w.org\/{rel}","templated":true}]}}