  {"id":102899,"date":"2024-05-12T22:58:16","date_gmt":"2024-05-13T06:58:16","guid":{"rendered":"https:\/\/www.solargard.com\/product\/sentinel-plus-qxn-75\/"},"modified":"2025-06-09T10:29:38","modified_gmt":"2025-06-09T18:29:38","slug":"sentinel-plus-qxn-75","status":"publish","type":"product","link":"https:\/\/www.solargard.com\/sv\/product\/sentinel-plus-qxn-75\/","title":{"rendered":"Exteri\u00f6r &#8211; Sentinel Plus QXN 75"},"content":{"rendered":"<div class=\"wpb_text_column wpb_content_element \">\n<div class=\"wpb_wrapper\">\n<p class=\"p1\">Sentinel Plus QXN 75 erbjuder en o\u00f6vertr\u00e4ffad kombination av h\u00f6g <span class=\"s1\">v\u00e4rmeavvisning och ett stort ljusgenomsl\u00e4pp. <\/span>Sentinel Plus QXN 75 ger en mycket l\u00e5g ljusreflektion vilket ger glaset en neutral, n\u00e4stan osynligt utseende.\u00a0Tack vare den avancerade sputtering-teknologin som anv\u00e4nds f\u00f6r att skapa de de olika funktionsskikten i Sentinel Plus QXN 75, har produkten en mycket l\u00e5g absorption och d\u00e4rmed skapar Sentinel Plus QXN 75 en l\u00f6sning som \u00e4r till\u00e4mplig \u00e4ven p\u00e5 avancerade glassystem d\u00e4r filmer med stort ljusgenomsl\u00e4pp normalt inte fungerar.<\/p>\n<p>\u2713 Utm\u00e4rkt v\u00e4rmeavvisning p\u00e5 \u00f6ver 55 % och samtidigt n\u00e4stan osynlig p\u00e5 glaset<br \/>\n\u2713 Utv\u00e4ndig film med 10 \u00e5rs garanti* tack vare nyutvecklat toppskikt<br \/>\n\u2713 Stort ljusgenomsl\u00e4pp<br \/>\n\u2713 \u00d6kar inte glasets ljusreflektion d\u00e4r filmen appliceras<br \/>\n\u2713 L\u00e5g absorption tack vare den avancerade sputtering-tekniken, vilket g\u00f6r den l\u00e4mplig f\u00f6r i princip alla typer av glas<\/p>\n<\/div>\n<\/div>\n<div class=\"vc_empty_space\">\n<h3><a href=\"https:\/\/www.solargard.com\/sv\/qxn\/\">L\u00c4S MER OM QXN 75<\/a> <span style=\"color: #ff9900;\"><strong>&gt;<\/strong><\/span><\/h3>\n<h6><a href=\"https:\/\/www.solargard.com\/sv\/affars-garanti-leverans-villkor\/\" target=\"_blank\" rel=\"noopener\">*F\u00f6rs\u00e4ljnings- och garantivillkor<\/a><\/h6>\n<\/div>\n","protected":false},"excerpt":{"rendered":"<p>Sentinel Plus QXN 75 erbjuder en o\u00f6vertr\u00e4ffad kombination av h\u00f6g v\u00e4rmeavvisning och ett stort ljusgenomsl\u00e4pp. Sentinel Plus QXN 75 ger en mycket l\u00e5g ljusreflektion vilket ger glaset en neutral, n\u00e4stan osynligt utseende.\u00a0Tack vare den avancerade sputtering-teknologin som anv\u00e4nds f\u00f6r att skapa de de olika funktionsskikten i Sentinel Plus QXN 75, har produkten en mycket l\u00e5g &hellip; <a href=\"https:\/\/www.solargard.com\/sv\/product\/sentinel-plus-qxn-75\/\">Continued<\/a><\/p>\n","protected":false},"featured_media":103430,"comment_status":"open","ping_status":"closed","template":"","meta":{"_acf_changed":false},"product_brand":[],"product_cat":[807,806,811],"product_tag":[],"class_list":{"0":"post-102899","1":"product","2":"type-product","3":"status-publish","4":"has-post-thumbnail","6":"product_cat-exterior-films-se","7":"product_cat-fastighetsfilm","8":"product_cat-solskydd","10":"first","11":"instock","12":"shipping-taxable","13":"product-type-simple"},"acf":[],"_links":{"self":[{"href":"https:\/\/www.solargard.com\/sv\/wp-json\/wp\/v2\/product\/102899","targetHints":{"allow":["GET"]}}],"collection":[{"href":"https:\/\/www.solargard.com\/sv\/wp-json\/wp\/v2\/product"}],"about":[{"href":"https:\/\/www.solargard.com\/sv\/wp-json\/wp\/v2\/types\/product"}],"replies":[{"embeddable":true,"href":"https:\/\/www.solargard.com\/sv\/wp-json\/wp\/v2\/comments?post=102899"}],"wp:featuredmedia":[{"embeddable":true,"href":"https:\/\/www.solargard.com\/sv\/wp-json\/wp\/v2\/media\/103430"}],"wp:attachment":[{"href":"https:\/\/www.solargard.com\/sv\/wp-json\/wp\/v2\/media?parent=102899"}],"wp:term":[{"taxonomy":"product_brand","embeddable":true,"href":"https:\/\/www.solargard.com\/sv\/wp-json\/wp\/v2\/product_brand?post=102899"},{"taxonomy":"product_cat","embeddable":true,"href":"https:\/\/www.solargard.com\/sv\/wp-json\/wp\/v2\/product_cat?post=102899"},{"taxonomy":"product_tag","embeddable":true,"href":"https:\/\/www.solargard.com\/sv\/wp-json\/wp\/v2\/product_tag?post=102899"}],"curies":[{"name":"wp","href":"https:\/\/api.w.org\/{rel}","templated":true}]}}