  {"id":23505,"date":"2014-11-03T12:58:48","date_gmt":"2014-11-03T19:58:48","guid":{"rendered":"https:\/\/www.solargard.com\/se\/?post_type=product&#038;p=23505"},"modified":"2025-04-09T05:51:15","modified_gmt":"2025-04-09T13:51:15","slug":"sterling","status":"publish","type":"product","link":"https:\/\/www.solargard.com\/sv\/product\/sterling\/","title":{"rendered":"Interi\u00f6r &#8211; Sterling"},"content":{"rendered":"<p>ÁñÁ«¿¿±ÈÍøÕ¾s Sterling-serie \u00e4r en spektralt selektiv film som sl\u00e4pper igenom mycket av det synliga ljuset. Sterling-serien best\u00e5r av filmer som reflekterar bort solenergi samtidigt som den har stort ljusgenomsl\u00e4pp. Detta ger dig en ljusare och vackrare inomhusmilj\u00f6 kombinerat med en behagligare inomhustemperatur.<\/p>\n<p>Sterling-serien erbjuder ett brett urval av m\u00f6jligheter till v\u00e4rmereduktion \u2013 allt ifr\u00e5n att bevara s\u00e5 mycket naturligt ljus som m\u00f6jligt till ett kraftigt skydd mot v\u00e4rme och bl\u00e4ndning. Filmerna finns i olika utf\u00f6randen \u2013 fr\u00e5n svagt tonade och n\u00e4stan osynliga till m\u00f6rkare nyanser som erbjuder h\u00f6gre v\u00e4rmereduktion. Sterlingfilmerna har en diskret och neutral finish. Sterlingserien innefattar:<\/p>\n<ul>\n<li><strong>Sterling 40<\/strong> som ger en avsev\u00e4rd reduktion av v\u00e4rme och bl\u00e4ndning, hindrar insyn och sl\u00e4pper in en stor del naturligt dagsljus. Den h\u00e4r filmen \u00e4r l\u00e4tt tonad, knappt synlig fr\u00e5n insidan och ger en diskret reflekterande finish fr\u00e5n utsidan.<\/li>\n<li><strong>Sterling 50<\/strong> som ger god reduktion av v\u00e4rme och bl\u00e4ndning, hindrar insyn och sl\u00e4pper in en stor del naturligt dagsljus. Den h\u00e4r filmen \u00e4r l\u00e4tt tonad, knappt synlig fr\u00e5n insidan och ger en diskret reflekterande finish fr\u00e5n utsidan.<\/li>\n<li><strong>Sterling 60<\/strong> som ger en god reduktion av solv\u00e4rme och bl\u00e4ndning, hindrar insyn och sl\u00e4pper igenom mycket av det naturliga dagsljuset. Den h\u00e4r filmen \u00e4r l\u00e4tt tonad, knappt synlig fr\u00e5n insidan och har fr\u00e5n utsidan en neutral finish.<\/li>\n<li><strong>Sterling 70<\/strong> ger god v\u00e4rmereduktion men sl\u00e4pper igenom maximalt med dagsljus. Den h\u00e4r filmen \u00e4r l\u00e4tt tonad, knappt synlig fr\u00e5n insidan och har fr\u00e5n utsidan en diskret, neutral finish.<\/li>\n<\/ul>\n","protected":false},"excerpt":{"rendered":"<p>ÁñÁ«¿¿±ÈÍøÕ¾s Sterling-serie \u00e4r en spektralt selektiv film som sl\u00e4pper igenom mycket av det synliga ljuset. Sterling-serien best\u00e5r av filmer som reflekterar bort solenergi samtidigt som den har stort ljusgenomsl\u00e4pp. Detta ger dig en ljusare och vackrare inomhusmilj\u00f6 kombinerat med en behagligare inomhustemperatur. Sterling-serien erbjuder ett brett urval av m\u00f6jligheter till v\u00e4rmereduktion \u2013 allt ifr\u00e5n &hellip; <a href=\"https:\/\/www.solargard.com\/sv\/product\/sterling\/\">Continued<\/a><\/p>\n","protected":false},"featured_media":27237,"comment_status":"open","ping_status":"closed","template":"","meta":{"_acf_changed":false},"product_brand":[],"product_cat":[806,811],"product_tag":[1464,1479,1434,1524],"class_list":{"0":"post-23505","1":"product","2":"type-product","3":"status-publish","4":"has-post-thumbnail","6":"product_cat-fastighetsfilm","7":"product_cat-solskydd","8":"product_tag-glare-sv","9":"product_tag-heat-sv","10":"product_tag-home-sv","11":"product_tag-reflective-sv","13":"first","14":"outofstock","15":"shipping-taxable","16":"product-type-simple"},"acf":[],"_links":{"self":[{"href":"https:\/\/www.solargard.com\/sv\/wp-json\/wp\/v2\/product\/23505","targetHints":{"allow":["GET"]}}],"collection":[{"href":"https:\/\/www.solargard.com\/sv\/wp-json\/wp\/v2\/product"}],"about":[{"href":"https:\/\/www.solargard.com\/sv\/wp-json\/wp\/v2\/types\/product"}],"replies":[{"embeddable":true,"href":"https:\/\/www.solargard.com\/sv\/wp-json\/wp\/v2\/comments?post=23505"}],"wp:featuredmedia":[{"embeddable":true,"href":"https:\/\/www.solargard.com\/sv\/wp-json\/wp\/v2\/media\/27237"}],"wp:attachment":[{"href":"https:\/\/www.solargard.com\/sv\/wp-json\/wp\/v2\/media?parent=23505"}],"wp:term":[{"taxonomy":"product_brand","embeddable":true,"href":"https:\/\/www.solargard.com\/sv\/wp-json\/wp\/v2\/product_brand?post=23505"},{"taxonomy":"product_cat","embeddable":true,"href":"https:\/\/www.solargard.com\/sv\/wp-json\/wp\/v2\/product_cat?post=23505"},{"taxonomy":"product_tag","embeddable":true,"href":"https:\/\/www.solargard.com\/sv\/wp-json\/wp\/v2\/product_tag?post=23505"}],"curies":[{"name":"wp","href":"https:\/\/api.w.org\/{rel}","templated":true}]}}