  {"id":88488,"date":"2020-06-25T08:35:07","date_gmt":"2020-06-25T16:35:07","guid":{"rendered":"https:\/\/www.solargard.com\/product\/sentinel-plus-qx-series\/"},"modified":"2025-04-08T03:50:52","modified_gmt":"2025-04-08T11:50:52","slug":"sentinel-plus-qx-series","status":"publish","type":"product","link":"https:\/\/www.solargard.com\/sv\/product\/sentinel-plus-qx-series\/","title":{"rendered":"Exteri\u00f6r &#8211; Sentinel Plus QX"},"content":{"rendered":"<p>ÁñÁ«¿¿±ÈÍøÕ¾\u00ae Sentinel\u2122 Plus QX kombinerar en superb v\u00e4rmereduktionsf\u00f6rm\u00e5ga med l\u00e5g reflektans och en neutral, n\u00e4stan osynlig look. En idealisk l\u00f6sning f\u00f6r byggnader och utrymmen d\u00e4r man beh\u00f6ver \u00f6ka den termiska komforten, reducera energif\u00f6rbrukningen och skydda inredningen mot skadlig UV-str\u00e5lning &#8211; utan att f\u00f6r\u00e4ndra fasadens utseende. Alla produkter i Sentinel-serien blockerar &gt;99% av solens skadliga UV. Sentinel\u2122 Plus QX 40 \u00e4r kompatibel med i princip alla typer av moderna glassystem.<\/p>\n<h4>Produktblad:<\/h4>\n<p><a href=\"https:\/\/www.solargard.com\/wp-content\/uploads\/2020\/06\/Solar-Gard-Sample-Page-Sentinel-Plus-QX40.pdf?x92359\" target=\"_blank\" rel=\"noopener noreferrer\">Sentinel Plus QX 40 OSW<\/a><\/p>\n<h4>Referens:<\/h4>\n<ul>\n<li><a href=\"https:\/\/www.solargard.com\/sv\/portfolio\/solar-gard-qx-40-okar-komforten-pa-clarion-hotel-arlanda-airport\/\" target=\"_blank\" rel=\"noopener noreferrer\">Sentinel Plus QX 40 OSW <\/a>&#8211; Clarion Hotel\/Strawberry\u00a0 <a href=\"https:\/\/www.malarfilm.se\/\" target=\"_blank\" rel=\"noopener noreferrer\">M\u00e4larfilm.se<\/a><\/li>\n<li><a href=\"https:\/\/indd.adobe.com\/view\/fe078ab9-20a0-42ee-900f-47a8c9f7f86d\" target=\"_blank\" rel=\"noopener noreferrer\">Sentinel Plus QX 40 OSW <\/a>&#8211; Ridderkerk, NL\u00a0 <a href=\"https:\/\/www.facebook.com\/Glassprotect-Glasfolies-1402840826610362\/\" target=\"_blank\" rel=\"noopener noreferrer\">Glassprotect Glassfolies<\/a><\/li>\n<\/ul>\n<h6><\/h6>\n","protected":false},"excerpt":{"rendered":"<p>ÁñÁ«¿¿±ÈÍøÕ¾\u00ae Sentinel\u2122 Plus QX kombinerar en superb v\u00e4rmereduktionsf\u00f6rm\u00e5ga med l\u00e5g reflektans och en neutral, n\u00e4stan osynlig look. En idealisk l\u00f6sning f\u00f6r byggnader och utrymmen d\u00e4r man beh\u00f6ver \u00f6ka den termiska komforten, reducera energif\u00f6rbrukningen och skydda inredningen mot skadlig UV-str\u00e5lning &#8211; utan att f\u00f6r\u00e4ndra fasadens utseende. Alla produkter i Sentinel-serien blockerar &gt;99% av solens skadliga &hellip; <a href=\"https:\/\/www.solargard.com\/sv\/product\/sentinel-plus-qx-series\/\">Continued<\/a><\/p>\n","protected":false},"featured_media":103412,"comment_status":"open","ping_status":"closed","template":"","meta":{"_acf_changed":false},"product_brand":[],"product_cat":[806,807,811],"product_tag":[1770],"class_list":{"0":"post-88488","1":"product","2":"type-product","3":"status-publish","4":"has-post-thumbnail","6":"product_cat-fastighetsfilm","7":"product_cat-exterior-films-se","8":"product_cat-solskydd","9":"product_tag-varmeskydd","11":"first","12":"instock","13":"shipping-taxable","14":"product-type-simple"},"acf":[],"_links":{"self":[{"href":"https:\/\/www.solargard.com\/sv\/wp-json\/wp\/v2\/product\/88488","targetHints":{"allow":["GET"]}}],"collection":[{"href":"https:\/\/www.solargard.com\/sv\/wp-json\/wp\/v2\/product"}],"about":[{"href":"https:\/\/www.solargard.com\/sv\/wp-json\/wp\/v2\/types\/product"}],"replies":[{"embeddable":true,"href":"https:\/\/www.solargard.com\/sv\/wp-json\/wp\/v2\/comments?post=88488"}],"wp:featuredmedia":[{"embeddable":true,"href":"https:\/\/www.solargard.com\/sv\/wp-json\/wp\/v2\/media\/103412"}],"wp:attachment":[{"href":"https:\/\/www.solargard.com\/sv\/wp-json\/wp\/v2\/media?parent=88488"}],"wp:term":[{"taxonomy":"product_brand","embeddable":true,"href":"https:\/\/www.solargard.com\/sv\/wp-json\/wp\/v2\/product_brand?post=88488"},{"taxonomy":"product_cat","embeddable":true,"href":"https:\/\/www.solargard.com\/sv\/wp-json\/wp\/v2\/product_cat?post=88488"},{"taxonomy":"product_tag","embeddable":true,"href":"https:\/\/www.solargard.com\/sv\/wp-json\/wp\/v2\/product_tag?post=88488"}],"curies":[{"name":"wp","href":"https:\/\/api.w.org\/{rel}","templated":true}]}}