  {"id":42341,"date":"2016-07-06T19:35:16","date_gmt":"2016-07-06T19:35:16","guid":{"rendered":"https:\/\/www.solargard.com\/tr\/find-a-dealer\/"},"modified":"2020-09-16T03:51:38","modified_gmt":"2020-09-16T11:51:38","slug":"bayi-arama","status":"publish","type":"page","link":"https:\/\/www.solargard.com\/tr\/bayi-arama\/","title":{"rendered":"B\u0130Z\u0130MLE \u0130LET\u0130\u015e\u0130ME GE\u00c7\u0130N"},"content":{"rendered":"<div class=\"wpb-content-wrapper\"><p>[vc_row css=&#8221;.vc_custom_1600255736978{margin-bottom: 0px !important;border-bottom-width: 0px !important;padding-bottom: 0px !important;}&#8221;][vc_column]<div class=\"section-title sg-section-title text-center\"><div class=\"copy-content\"><h1 class=\" normal-title\">ÁñÁ«¿¿±ÈÍøÕ¾ T\u00fcrkiye Distrib\u00fct\u00f6r\u00fc<\/h1><\/div><div class=\"border-bg\"><\/div><\/div>[\/vc_column][\/vc_row][vc_row][vc_column][vc_column_text]<\/p>\n<p class=\"p1\"><span class=\"s1\"><i>Bulundu\u011funuz ilde ki bayimize ula\u015fmak i\u00e7in l\u00fctfen bizi aray\u0131n\u0131z<\/i>.<\/span><\/p>\n<p><strong>AEL Yap\u0131 ve Otomotiv Teknolojileri San.Tic.Ltd.\u015eti.<br \/>\n<\/strong><span><\/span>Levent Mahallesi Ustzeren Sokak No:26 Besiktas 34330 Istanbul<br \/>\nT\u00dcRK\u0130YE<br \/>\n<span>Tel : +90 212 511 90 05 (Pbx)<\/span><br \/>\n<span>Faks : +90 212 511 90 15<\/span><br \/>\n<a href=\"https:\/\/www.solargard.com.tr\/\" target=\"_blank\" rel=\"noopener noreferrer\"><span>www.solargard.com.tr<\/span><\/a><br \/>\n<a href=\"mailto:info@solargard.com.tr\" target=\"_blank\" rel=\"noopener noreferrer\"><span>info@solargard.com.tr<\/span><\/a>[\/vc_column_text][\/vc_column][vc_column][vc_empty_space][\/vc_column][\/vc_row]<\/p>\n<\/div>","protected":false},"excerpt":{"rendered":"<p>[vc_row css=&#8221;.vc_custom_1600255736978{margin-bottom: 0px !important;border-bottom-width: 0px !important;padding-bottom: 0px !important;}&#8221;][vc_column][\/vc_column][\/vc_row][vc_row][vc_column][vc_column_text] Bulundu\u011funuz ilde ki bayimize ula\u015fmak i\u00e7in l\u00fctfen bizi aray\u0131n\u0131z. AEL Yap\u0131 ve Otomotiv Teknolojileri San.Tic.Ltd.\u015eti. Levent Mahallesi Ustzeren Sokak No:26 Besiktas 34330 Istanbul T\u00dcRK\u0130YE Tel : +90 212 511 90 05 (Pbx) Faks : +90 212 511 90 15 www.solargard.com.tr info@solargard.com.tr[\/vc_column_text][\/vc_column][vc_column][vc_empty_space][\/vc_column][\/vc_row]<\/p>\n","protected":false},"author":1,"featured_media":0,"parent":0,"menu_order":0,"comment_status":"closed","ping_status":"open","template":"","meta":{"_acf_changed":false,"footnotes":""},"class_list":["post-42341","page","type-page","status-publish","hentry"],"acf":[],"_links":{"self":[{"href":"https:\/\/www.solargard.com\/tr\/wp-json\/wp\/v2\/pages\/42341","targetHints":{"allow":["GET"]}}],"collection":[{"href":"https:\/\/www.solargard.com\/tr\/wp-json\/wp\/v2\/pages"}],"about":[{"href":"https:\/\/www.solargard.com\/tr\/wp-json\/wp\/v2\/types\/page"}],"author":[{"embeddable":true,"href":"https:\/\/www.solargard.com\/tr\/wp-json\/wp\/v2\/users\/1"}],"replies":[{"embeddable":true,"href":"https:\/\/www.solargard.com\/tr\/wp-json\/wp\/v2\/comments?post=42341"}],"version-history":[{"count":0,"href":"https:\/\/www.solargard.com\/tr\/wp-json\/wp\/v2\/pages\/42341\/revisions"}],"wp:attachment":[{"href":"https:\/\/www.solargard.com\/tr\/wp-json\/wp\/v2\/media?parent=42341"}],"curies":[{"name":"wp","href":"https:\/\/api.w.org\/{rel}","templated":true}]}}