  {"id":42342,"date":"2016-07-06T19:36:03","date_gmt":"2016-07-06T19:36:03","guid":{"rendered":"https:\/\/www.solargard.com\/tr\/about-automotive-films\/"},"modified":"2021-04-19T10:41:17","modified_gmt":"2021-04-19T18:41:17","slug":"hakkinda-otomotiv-filmleri","status":"publish","type":"page","link":"https:\/\/www.solargard.com\/tr\/hakkinda-otomotiv-filmleri\/","title":{"rendered":"Otomotiv \u00e7\u00f6z\u00fcmlerimiz"},"content":{"rendered":"<div class=\"wpb-content-wrapper\"><p>[vc_row bottom_margin=&#8221;none&#8221;][vc_column]<div class=\"section-title sg-section-title text-center\"><div class=\"copy-content\"><h4 class=\" normal-title\">En \u00e7ok \u00f6nem verdikleriniz...<\/h4><p class=\"lead x2 x2\">We're On It!<\/p><\/div><div class=\"border-bg\"><\/div><\/div>[\/vc_column][\/vc_row][vc_row top_margin=&#8221;xs&#8221; bottom_margin=&#8221;none&#8221;][vc_column width=&#8221;1\/4&#8243; offset=&#8221;vc_col-xs-6&#8243;]<div class=\"content-icon text-left\"><div class=\"content-link-image wow bounceInUp\" style=\"background-image: url(https:\/\/www.solargard.com\/wp-content\/uploads\/2016\/04\/keep_me_cool_2.png)\"  data-wow-delay=\"0.25s\"><\/div><h4>KONFOR<\/h4><h5><\/h5><p>G\u00fcne\u015f \u0131\u015f\u0131\u011f\u0131n\u0131 %70\u2019e kadar engelleyerek daha serin s\u00fcr\u00fc\u015f sa\u011flar<\/p><\/div>[\/vc_column][vc_column width=&#8221;1\/4&#8243; offset=&#8221;vc_col-xs-6&#8243;]<div class=\"content-icon text-left\"><div class=\"content-link-image wow bounceInUp\" style=\"background-image: url(https:\/\/www.solargard.com\/wp-content\/uploads\/2016\/04\/shield_2.png)\"  data-wow-delay=\"0.5s\"><\/div><h4>UV KORUMASI<\/h4><h5><\/h5><p>SPF 285 ile e\u015fde\u011fer<\/p><\/div>[\/vc_column][vc_column width=&#8221;1\/4&#8243; offset=&#8221;vc_col-xs-6&#8243;]<div class=\"content-icon text-left\"><div class=\"content-link-image wow bounceInUp\" style=\"background-image: url(https:\/\/www.solargard.com\/wp-content\/uploads\/2016\/04\/prevent_fading_2.png)\"  data-wow-delay=\"0.75s\"><\/div><h4>RENK SOLMASI<\/h4><h5><\/h5><p>Koltuk ve g\u00f6sterge panosunu zararl\u0131 UV \u0131\u015f\u0131\u011f\u0131na kar\u015f\u0131 korur<\/p><\/div>[\/vc_column][vc_column width=&#8221;1\/4&#8243; offset=&#8221;vc_col-xs-6&#8243;]<div class=\"content-icon text-left\"><div class=\"content-link-image wow bounceInUp\" style=\"background-image: url(https:\/\/www.solargard.com\/wp-content\/uploads\/2016\/04\/glare_2.png)\"  data-wow-delay=\"1s\"><\/div><h4>PARLAMA<\/h4><h5><\/h5><p>G\u00fcne\u015fin ve \u0131\u015f\u0131klar\u0131n sizi k\u00f6r etmesini engeller<\/p><\/div>[\/vc_column][\/vc_row][vc_row top_margin=&#8221;none&#8221; bottom_margin=&#8221;none&#8221;][vc_column width=&#8221;1\/4&#8243; offset=&#8221;vc_col-xs-6&#8243;]<div class=\"content-icon text-left\"><div class=\"content-link-image wow bounceInUp\" style=\"background-image: url(https:\/\/www.solargard.com\/wp-content\/uploads\/2016\/04\/privacy_2.png)\"  data-wow-delay=\"0.25s\"><\/div><h4>G\u0130ZL\u0130L\u0130K<\/h4><h5><\/h5><p>Hayat\u0131n\u0131z\u0131n s\u00fcr\u00fc\u015f\u00fc i\u00e7in<\/p><\/div>[\/vc_column][vc_column width=&#8221;1\/4&#8243; offset=&#8221;vc_col-xs-6&#8243;]<div class=\"content-icon text-left\"><div class=\"content-link-image wow bounceInUp\" style=\"background-image: url(https:\/\/www.solargard.com\/wp-content\/uploads\/2016\/04\/change_look_2.png)\"  data-wow-delay=\"0.5s\"><\/div><h4>K\u0130\u015e\u0130YE \u00d6ZEL G\u00d6R\u00dcN\u00dcM<\/h4><h5><\/h5><p>Cam filmiyle daha iyi g\u00f6r\u00fcnd\u00fc\u011f\u00fcn\u00fc biliyorsunuz<\/p><\/div>[\/vc_column][vc_column width=&#8221;1\/4&#8243; offset=&#8221;vc_col-xs-6&#8243;]<div class=\"content-icon text-left\"><div class=\"content-link-image wow bounceInUp\" style=\"background-image: url(https:\/\/www.solargard.com\/wp-content\/uploads\/2016\/04\/safety_2.png)\"  data-wow-delay=\"0.75s\"><\/div><h4>G\u00dcVENL\u0130K<\/h4><h5><\/h5><p>Par\u00e7alanm\u0131\u015f cam ya da k\u0131rma ve gasp durumlar\u0131na son<\/p><\/div>[\/vc_column][vc_column width=&#8221;1\/4&#8243; offset=&#8221;vc_col-xs-6&#8243;]<div class=\"content-icon text-left\"><div class=\"content-link-image wow bounceInUp\" style=\"background-image: url(https:\/\/www.solargard.com\/wp-content\/uploads\/2016\/04\/gas_pump_2.png)\"  data-wow-delay=\"1s\"><\/div><h4>YAKITTAN TASARRUF<\/h4><h5><\/h5><p>Kliman\u0131n daha az kullan\u0131lmas\u0131yla birlikte yak\u0131lan yak\u0131t da azal\u0131r<\/p><\/div>[\/vc_column][\/vc_row][vc_row full_width=&#8221;stretch_row&#8221; top_margin=&#8221;2x&#8221; el_class=&#8221;light-blue-row&#8221;][vc_column el_class=&#8221;gray-title&#8221;]<div class=\"section-title sep-bottom-lg text-center\"><h3 class=\" normal-title\">\u00d6ZELL\u0130KL\u0130 OTOMOT\u0130V \u00dcR\u00dcNLER\u0130<\/h3><\/div>[vc_row_inner][vc_column_inner width=&#8221;1\/12&#8243;][\/vc_column_inner][vc_column_inner el_class=&#8221;bordered&#8221; width=&#8221;5\/12&#8243;]<a href=\"https:\/\/www.solargard.com\/tr\/hakkinda-otomotiv-filmleri\/otomotiv\/clearshield-pro-hydro-boya-korumasi\/\" class=\"content-link text-left\" ><div class=\"content-link-image \" style=\"background-image: url(https:\/\/www.solargard.com\/wp-content\/uploads\/2019\/08\/csp-hydro-hero-banner-1024x430.jpg)\" ><\/div><h4>BOYA KORUMA<\/h4><h5><\/h5><p>Hi\u00e7 g\u00f6rmeyece\u011finiz en iyi koruma. Arac\u0131n\u0131z\u0131n y\u00fczeyini yoldaki tehlikelerden, zarar vericilerden ve park hasarlar\u0131ndan koruyacak g\u00f6r\u00fcnmez bariyer.<\/p><\/a>[\/vc_column_inner][vc_column_inner el_class=&#8221;bordered&#8221; width=&#8221;5\/12&#8243;]<a href=\"https:\/\/www.solargard.com\/tr\/product\/ultra-performance\/\" class=\"content-link text-left\" ><div class=\"content-link-image \" style=\"background-image: url(https:\/\/www.solargard.com\/wp-content\/uploads\/2016\/05\/UP-1.jpg)\" ><\/div><h4>ULTRA PERFORMANS<\/h4><h5><\/h5><p>Geli\u015fmi\u015f nano seramik teknolojisi, sinyal dostu bir yap\u0131yla daha serin ve daha rahat bir s\u00fcr\u00fc\u015f deneyimi sunar.<\/p><\/a>[\/vc_column_inner][vc_column_inner width=&#8221;1\/12&#8243;][\/vc_column_inner][\/vc_row_inner][\/vc_column][\/vc_row][vc_row top_margin=&#8221;3x&#8221; bottom_margin=&#8221;3x&#8221;][vc_column]<div class=\"section-title sep-bottom-md text-center\"><h3 class=\" normal-title\">KAYNAKLAR<\/h3><\/div>[vc_row_inner el_class=&#8221;same-height-row&#8221;][vc_column_inner width=&#8221;1\/3&#8243;][vc_btn title=&#8221;CAM F\u0130LM\u0130 KANUNLARINA BAKIN ?&#8221; style=&#8221;flat&#8221; shape=&#8221;square&#8221; color=&#8221;primary&#8221; size=&#8221;lg&#8221; align=&#8221;center&#8221; button_block=&#8221;true&#8221; el_class=&#8221;same-height-item&#8221; link=&#8221;url:http%3A%2F%2Fwww.solargard.com%2Ftr%2Ftint-laws%2F|||&#8221;][\/vc_column_inner][vc_column_inner width=&#8221;1\/3&#8243;][vc_btn title=&#8221;BAKIM TAL\u0130MATI&#8221; style=&#8221;flat&#8221; shape=&#8221;square&#8221; color=&#8221;primary&#8221; size=&#8221;lg&#8221; align=&#8221;center&#8221; button_block=&#8221;true&#8221; el_class=&#8221;same-height-item&#8221; link=&#8221;url:https%3A%2F%2Fwww.solargard.com%2Ftr%2Fbakim-talimatlari%2F|||&#8221;][\/vc_column_inner][vc_column_inner width=&#8221;1\/3&#8243;][vc_btn title=&#8221;GARANT\u0130LER&#8221; style=&#8221;flat&#8221; shape=&#8221;square&#8221; color=&#8221;primary&#8221; size=&#8221;lg&#8221; align=&#8221;center&#8221; button_block=&#8221;true&#8221; el_class=&#8221;same-height-item&#8221; link=&#8221;url:https%3A%2F%2Fwww.solargard.com%2Ftr%2Fhakkinda-otomotiv-filmleri%2Fotomotiv%2Fotomotiv-garantileri%2F|||&#8221;][\/vc_column_inner][\/vc_row_inner][\/vc_column][\/vc_row][vc_row full_width=&#8221;stretch_row&#8221; top_margin=&#8221;3x&#8221; bottom_margin=&#8221;3x&#8221; el_class=&#8221;light-blue-row&#8221;][vc_column]<div class=\"section-title text-center\"><h3 class=\"upper normal-title\">\u00dcR\u00dcNLER\u0130M\u0130Z\u0130 ARAYIN<\/h3><\/div>[vc_row_inner][vc_column_inner width=&#8221;1\/3&#8243;][\/vc_column_inner][vc_column_inner width=&#8221;1\/3&#8243;][vc_btn title=&#8221;BA\u015eLA&#8221; style=&#8221;flat&#8221; shape=&#8221;square&#8221; color=&#8221;primary&#8221; size=&#8221;lg&#8221; align=&#8221;center&#8221; button_block=&#8221;true&#8221; link=&#8221;url:https%3A%2F%2Fwww.solargard.com%2Ftr%2Fhakkinda-otomotiv-filmleri%2Fotomotiv%2F|||&#8221;][\/vc_column_inner][vc_column_inner width=&#8221;1\/3&#8243;][\/vc_column_inner][\/vc_row_inner][\/vc_column][\/vc_row]<\/p>\n<\/div>","protected":false},"excerpt":{"rendered":"<p>[vc_row bottom_margin=&#8221;none&#8221;][vc_column][\/vc_column][\/vc_row][vc_row top_margin=&#8221;xs&#8221; bottom_margin=&#8221;none&#8221;][vc_column width=&#8221;1\/4&#8243; offset=&#8221;vc_col-xs-6&#8243;][\/vc_column][vc_column width=&#8221;1\/4&#8243; offset=&#8221;vc_col-xs-6&#8243;][\/vc_column][vc_column width=&#8221;1\/4&#8243; offset=&#8221;vc_col-xs-6&#8243;][\/vc_column][vc_column width=&#8221;1\/4&#8243; offset=&#8221;vc_col-xs-6&#8243;][\/vc_column][\/vc_row][vc_row top_margin=&#8221;none&#8221; bottom_margin=&#8221;none&#8221;][vc_column width=&#8221;1\/4&#8243; offset=&#8221;vc_col-xs-6&#8243;][\/vc_column][vc_column width=&#8221;1\/4&#8243; offset=&#8221;vc_col-xs-6&#8243;][\/vc_column][vc_column width=&#8221;1\/4&#8243; offset=&#8221;vc_col-xs-6&#8243;][\/vc_column][vc_column width=&#8221;1\/4&#8243; offset=&#8221;vc_col-xs-6&#8243;][\/vc_column][\/vc_row][vc_row full_width=&#8221;stretch_row&#8221; top_margin=&#8221;2x&#8221; el_class=&#8221;light-blue-row&#8221;][vc_column el_class=&#8221;gray-title&#8221;][vc_row_inner][vc_column_inner width=&#8221;1\/12&#8243;][\/vc_column_inner][vc_column_inner el_class=&#8221;bordered&#8221; width=&#8221;5\/12&#8243;][\/vc_column_inner][vc_column_inner el_class=&#8221;bordered&#8221; width=&#8221;5\/12&#8243;][\/vc_column_inner][vc_column_inner width=&#8221;1\/12&#8243;][\/vc_column_inner][\/vc_row_inner][\/vc_column][\/vc_row][vc_row top_margin=&#8221;3x&#8221; bottom_margin=&#8221;3x&#8221;][vc_column][vc_row_inner el_class=&#8221;same-height-row&#8221;][vc_column_inner width=&#8221;1\/3&#8243;][vc_btn title=&#8221;CAM F\u0130LM\u0130 KANUNLARINA BAKIN ?&#8221; style=&#8221;flat&#8221; shape=&#8221;square&#8221; color=&#8221;primary&#8221; size=&#8221;lg&#8221; align=&#8221;center&#8221; button_block=&#8221;true&#8221; el_class=&#8221;same-height-item&#8221; link=&#8221;url:http%3A%2F%2Fwww.solargard.com%2Ftr%2Ftint-laws%2F|||&#8221;][\/vc_column_inner][vc_column_inner width=&#8221;1\/3&#8243;][vc_btn title=&#8221;BAKIM TAL\u0130MATI&#8221; style=&#8221;flat&#8221; shape=&#8221;square&#8221; color=&#8221;primary&#8221; &hellip; <a href=\"https:\/\/www.solargard.com\/tr\/hakkinda-otomotiv-filmleri\/\">Continued<\/a><\/p>\n","protected":false},"author":1,"featured_media":42350,"parent":0,"menu_order":0,"comment_status":"closed","ping_status":"closed","template":"","meta":{"_acf_changed":false,"footnotes":""},"class_list":["post-42342","page","type-page","status-publish","has-post-thumbnail","hentry"],"acf":[],"_links":{"self":[{"href":"https:\/\/www.solargard.com\/tr\/wp-json\/wp\/v2\/pages\/42342","targetHints":{"allow":["GET"]}}],"collection":[{"href":"https:\/\/www.solargard.com\/tr\/wp-json\/wp\/v2\/pages"}],"about":[{"href":"https:\/\/www.solargard.com\/tr\/wp-json\/wp\/v2\/types\/page"}],"author":[{"embeddable":true,"href":"https:\/\/www.solargard.com\/tr\/wp-json\/wp\/v2\/users\/1"}],"replies":[{"embeddable":true,"href":"https:\/\/www.solargard.com\/tr\/wp-json\/wp\/v2\/comments?post=42342"}],"version-history":[{"count":0,"href":"https:\/\/www.solargard.com\/tr\/wp-json\/wp\/v2\/pages\/42342\/revisions"}],"wp:featuredmedia":[{"embeddable":true,"href":"https:\/\/www.solargard.com\/tr\/wp-json\/wp\/v2\/media\/42350"}],"wp:attachment":[{"href":"https:\/\/www.solargard.com\/tr\/wp-json\/wp\/v2\/media?parent=42342"}],"curies":[{"name":"wp","href":"https:\/\/api.w.org\/{rel}","templated":true}]}}