  {"id":42364,"date":"2016-07-06T19:38:40","date_gmt":"2016-07-06T19:38:40","guid":{"rendered":"https:\/\/www.solargard.com\/tr\/safety\/"},"modified":"2018-06-20T21:21:55","modified_gmt":"2018-06-20T21:21:55","slug":"guvenlik","status":"publish","type":"page","link":"https:\/\/www.solargard.com\/tr\/hakkinda-ev-ve-is\/ev-ve-is\/guvenlik\/","title":{"rendered":"G\u00fcvenlik"},"content":{"rendered":"<div class=\"wpb-content-wrapper\"><p>[vc_row top_margin=&#8221;md&#8221; bottom_margin=&#8221;xs&#8221;][vc_column]<div class=\"section-title sg-section-title text-center\"><div class=\"copy-content\"><h4 class=\" normal-title\">G\u00fcvenlik Cam Filmleri<\/h4><\/div><div class=\"border-bg\"><\/div><\/div>[\/vc_column][\/vc_row][vc_row top_margin=&#8221;xs&#8221; bottom_margin=&#8221;md&#8221;][vc_column width=&#8221;1\/12&#8243; el_class=&#8221;left-gray-title&#8221;][\/vc_column][vc_column width=&#8221;5\/6&#8243;][vc_column_text]<\/p>\n<h4 style=\"text-align: center;\">K\u00f6t\u00fc hava ko\u015fullar\u0131, ter\u00f6r, soygun ve vandalizm gibi insan g\u00fcvenli\u011fine ve m\u00fclkiyete y\u00f6nelik tehditler g\u00fcn\u00fcm\u00fczde art\u0131\u015ftad\u0131r. ÁñÁ«¿¿±ÈÍøÕ¾ Armorcoat g\u00fcvenlik ve emniyet ama\u00e7l\u0131 cam filmleri binan\u0131za ekstra bir koruma tabakas\u0131 sa\u011flar. Darbeleri absorbe etmek ve k\u0131r\u0131lan camlar\u0131 yerinde tutmak i\u00e7in \u00f6zel olarak tasarlanm\u0131\u015f olan Armorcoat, insanlar\u0131 da\u011f\u0131lan cam par\u00e7alar\u0131ndan korumakla kalmaz, ayr\u0131ca haneye tecav\u00fczlere, bomba patlamalar\u0131na, ya\u011fmac\u0131l\u0131\u011fa ve hasarlara kar\u015f\u0131 da bir engel i\u015flevi g\u00f6r\u00fcr.<\/h4>\n<p style=\"text-align: center;\"><a href=\"https:\/\/www.solargard.com\/tr\/trade-resources\/resources\/safety-and-security-certifications\/geleri\">G\u00fcvenlik ve Emniyet Belgeleri<\/a><\/p>\n<p>[\/vc_column_text][\/vc_column][vc_column width=&#8221;1\/12&#8243;][\/vc_column][\/vc_row][vc_row top_margin=&#8221;none&#8221; bottom_margin=&#8221;md&#8221;][vc_column]<div class=\"product-list vc_txt_align_center \"><a href=\"https:\/\/www.solargard.com\/tr\/product\/graffitigard\/\" class=\"product-link text-center\"><div class=\"product-image\" style=\"background-image: url(https:\/\/www.solargard.com\/wp-content\/uploads\/2016\/03\/shutterstock_360604958_warm-300x200.jpg)\"><\/div><h4>Graffitigard<\/h4><\/a><a href=\"https:\/\/www.solargard.com\/tr\/product\/solar-safety\/\" class=\"product-link text-center\"><div class=\"product-image\" style=\"background-image: url(https:\/\/www.solargard.com\/wp-content\/uploads\/2016\/05\/Safety-300x179.jpg)\"><\/div><h4>\u0131s\u0131 izolasyonlu g\u00fcvenlik filmleri<\/h4><\/a><a href=\"https:\/\/www.solargard.com\/tr\/product\/seffaf-guvenlik-cam-filmi\/\" class=\"product-link text-center\"><div class=\"product-image\" style=\"background-image: url(https:\/\/www.solargard.com\/wp-content\/uploads\/2016\/05\/Safety-alt-300x200.jpg)\"><\/div><h4>\u015eeffaf G\u00fcvenlik Cam Filmi<\/h4><\/a><\/div>[\/vc_column][\/vc_row][vc_row top_margin=&#8221;3x&#8221; bottom_margin=&#8221;3x&#8221;][vc_column]<div class=\"section-title sep-bottom-md text-center\"><h3 class=\" normal-title\">KAYNAKLAR<\/h3><\/div>[vc_row_inner el_class=&#8221;same-height-row&#8221;][vc_column_inner width=&#8221;2\/12&#8243;][\/vc_column_inner][vc_column_inner width=&#8221;4\/12&#8243;][vc_btn title=&#8221;youtube videolar\u0131&#8221; style=&#8221;flat&#8221; shape=&#8221;square&#8221; color=&#8221;primary&#8221; size=&#8221;lg&#8221; align=&#8221;center&#8221; button_block=&#8221;true&#8221; el_class=&#8221;same-height-item&#8221; link=&#8221;url:https%3A%2F%2Fwww.youtube.com%2Fplaylist%3Flist%3DPLTQ5GR7sD4PzBwJkgUayNN8cUgGNEqfnO||target:%20_blank|&#8221;][\/vc_column_inner][vc_column_inner width=&#8221;4\/12&#8243;][vc_btn title=&#8221;G\u00fcvenlik ve Emniyet Belgeleri &#8221; style=&#8221;flat&#8221; shape=&#8221;square&#8221; color=&#8221;primary&#8221; size=&#8221;lg&#8221; align=&#8221;center&#8221; button_block=&#8221;true&#8221; el_class=&#8221;same-height-item&#8221; link=&#8221;url:http%3A%2F%2Fwww.solargard.com%2Ftr%2Fresources%2Fsafety-and-security-certifications%2F|||&#8221;][\/vc_column_inner][vc_column_inner width=&#8221;2\/12&#8243;][\/vc_column_inner][\/vc_row_inner][\/vc_column][\/vc_row][vc_row full_width=&#8221;stretch_row&#8221; bottom_margin=&#8221;xs&#8221; css=&#8221;.vc_custom_1456356859141{background-color: #e5f5fc !important;}&#8221;][vc_column width=&#8221;2\/12&#8243;][\/vc_column][vc_column width=&#8221;4\/12&#8243;]<div class=\"section-title text-center\"><h3 class=\"upper normal-title\">Y\u00dcKLEMEYE HAZIR MISINIZ?<\/h3><\/div>[\/vc_column][vc_column width=&#8221;4\/12&#8243;][vc_btn title=&#8221;B\u0130Z\u0130MLE \u0130LET\u0130\u015e\u0130ME GE\u00c7\u0130N&#8221; style=&#8221;flat&#8221; shape=&#8221;square&#8221; color=&#8221;primary&#8221; link=&#8221;url:http%3A%2F%2Fwww.solargard.com%2Ftr%2Ffind-a-dealer%2F|||&#8221;][\/vc_column][vc_column width=&#8221;2\/12&#8243;][\/vc_column][\/vc_row]<\/p>\n<\/div>","protected":false},"excerpt":{"rendered":"<p>[vc_row top_margin=&#8221;md&#8221; bottom_margin=&#8221;xs&#8221;][vc_column][\/vc_column][\/vc_row][vc_row top_margin=&#8221;xs&#8221; bottom_margin=&#8221;md&#8221;][vc_column width=&#8221;1\/12&#8243; el_class=&#8221;left-gray-title&#8221;][\/vc_column][vc_column width=&#8221;5\/6&#8243;][vc_column_text] K\u00f6t\u00fc hava ko\u015fullar\u0131, ter\u00f6r, soygun ve vandalizm gibi insan g\u00fcvenli\u011fine ve m\u00fclkiyete y\u00f6nelik tehditler g\u00fcn\u00fcm\u00fczde art\u0131\u015ftad\u0131r. ÁñÁ«¿¿±ÈÍøÕ¾ Armorcoat g\u00fcvenlik ve emniyet ama\u00e7l\u0131 cam filmleri binan\u0131za ekstra bir koruma tabakas\u0131 sa\u011flar. Darbeleri absorbe etmek ve k\u0131r\u0131lan camlar\u0131 yerinde tutmak i\u00e7in \u00f6zel olarak tasarlanm\u0131\u015f olan Armorcoat, insanlar\u0131 da\u011f\u0131lan &hellip; <a href=\"https:\/\/www.solargard.com\/tr\/product\/seffaf-guvenlik-cam-filmi\/\">Continued<\/a><\/p>\n","protected":false},"author":1,"featured_media":42365,"parent":42377,"menu_order":0,"comment_status":"closed","ping_status":"closed","template":"","meta":{"_acf_changed":false,"footnotes":""},"class_list":["post-42364","page","type-page","status-publish","has-post-thumbnail","hentry"],"acf":[],"_links":{"self":[{"href":"https:\/\/www.solargard.com\/tr\/wp-json\/wp\/v2\/pages\/42364","targetHints":{"allow":["GET"]}}],"collection":[{"href":"https:\/\/www.solargard.com\/tr\/wp-json\/wp\/v2\/pages"}],"about":[{"href":"https:\/\/www.solargard.com\/tr\/wp-json\/wp\/v2\/types\/page"}],"author":[{"embeddable":true,"href":"https:\/\/www.solargard.com\/tr\/wp-json\/wp\/v2\/users\/1"}],"replies":[{"embeddable":true,"href":"https:\/\/www.solargard.com\/tr\/wp-json\/wp\/v2\/comments?post=42364"}],"version-history":[{"count":0,"href":"https:\/\/www.solargard.com\/tr\/wp-json\/wp\/v2\/pages\/42364\/revisions"}],"up":[{"embeddable":true,"href":"https:\/\/www.solargard.com\/tr\/wp-json\/wp\/v2\/pages\/42377"}],"wp:featuredmedia":[{"embeddable":true,"href":"https:\/\/www.solargard.com\/tr\/wp-json\/wp\/v2\/media\/42365"}],"wp:attachment":[{"href":"https:\/\/www.solargard.com\/tr\/wp-json\/wp\/v2\/media?parent=42364"}],"curies":[{"name":"wp","href":"https:\/\/api.w.org\/{rel}","templated":true}]}}