  {"id":42468,"date":"2016-07-06T19:44:51","date_gmt":"2016-07-06T19:44:51","guid":{"rendered":"https:\/\/www.solargard.com\/tr\/safety-and-security-certifications\/"},"modified":"2019-02-04T02:11:51","modified_gmt":"2019-02-04T09:11:51","slug":"safety-and-security-certifications","status":"publish","type":"page","link":"https:\/\/www.solargard.com\/tr\/ticaret-kaynaklar\/safety-and-security-certifications\/","title":{"rendered":"G\u00fcvenlik ve Emniyet Belgeleri"},"content":{"rendered":"<div class=\"wpb-content-wrapper\"><p>[vc_row top_margin=&#8221;none&#8221; bottom_margin=&#8221;2x&#8221; gmbt_prlx_bg_type=&#8221;parallax&#8221; gmbt_prlx_break_parents=&#8221;0&#8243; gmbt_prlx_smooth_scrolling=&#8221;&#8221; gmbt_prlx_video_mute=&#8221;&#8221; gmbt_prlx_video_force_hd=&#8221;&#8221; gmbt_prlx_opacity=&#8221;100&#8243; gmbt_prlx_video_aspect_ratio=&#8221;16:9&#8243; gmbt_prlx_parallax=&#8221;none&#8221; gmbt_prlx_speed=&#8221;0.3&#8243; gmbt_prlx_enable_mobile=&#8221;&#8221;][vc_column]<div class=\"section-title sep-bottom-lg text-left wow bounceInRight\" data-wow-delay=\"0.25s\"><h3 class=\"upper normal-title\">G\u00fcvenlik ve Emniyet Belgeleri<\/h3><p class=\"\">\u0130lgilendi\u011finiz ÁñÁ«¿¿±ÈÍøÕ¾ \u00fcr\u00fcnlerine ait detayl\u0131 emniyet ve g\u00fcvenlik sertifikalar\u0131 i\u00e7in l\u00fctfen bizimle irtibata ge\u00e7iniz. (0212) 527 82 52<\/p><\/div>[vc_tta_accordion style=&#8221;flat&#8221; shape=&#8221;square&#8221; color=&#8221;white&#8221; active_section=&#8221;100&#8243; collapsible_all=&#8221;true&#8221;][vc_tta_section title=&#8221;G\u00dcVENL\u0130K CAMI&#8221; tab_id=&#8221;1455126129251-f9223b91-e2d8&#8243;][vc_column_text]Bu standartlar\u0131n amac\u0131 cam\u0131n insan temas\u0131 ile k\u0131r\u0131lmas\u0131 yada par\u00e7alanmas\u0131 durumunda yaralanmalar\u0131 en aza indirgemek veya azaltmak i\u00e7in tasarlanm\u0131\u015f cam malzemelerinin emniyet performans \u00f6zelliklerini belirlemektir. ÁñÁ«¿¿±ÈÍøÕ¾ Armorcoat\u00ae emniyet ve g\u00fcvenlik filmleri bu standartlara g\u00f6re en \u00fcst seviyede test edilmi\u015ftir. ÁñÁ«¿¿±ÈÍøÕ¾ emniyet ve g\u00fcvenlik filmleri standartlar\u0131 kar\u015f\u0131lamak amac\u0131yla mevcut d\u00fcz cam veya sertle\u015ftirilmi\u015f cama uygulanabilir. L\u00fctfen gereksinim duydu\u011funuz standard\u0131 kar\u015f\u0131lamak i\u00e7in en iyi cam ve film kombinasyonunu se\u00e7in.[\/vc_column_text]<div class=\"section-title sep-top-xs text-left\"><h4 class=\" normal-title\">ÁñÁ«¿¿±ÈÍøÕ¾ Armorcoat\u00ae 4 mil<\/h4><\/div>[vc_column_text]<\/p>\n<ul>\n<li>3-6MM_AS2208<\/li>\n<li>6MM_ANSI-CPSC<\/li>\n<li>6mm_EN-12600<\/li>\n<li>Sterling 60 6mm_EN12600<\/li>\n<\/ul>\n<p>[\/vc_column_text]<div class=\"section-title sep-top-xs text-left\"><h4 class=\" normal-title\">ÁñÁ«¿¿±ÈÍøÕ¾ Armorcoat\u00ae 8 mil<\/h4><\/div>[vc_column_text]<\/p>\n<ul>\n<li>3-6mm_AS2208<\/li>\n<li>3mm_ANSI-CPSC<\/li>\n<li>6mm_ANSI-CPSC<\/li>\n<li>6mm_EN-12600<\/li>\n<li>6mm_EN-12600<\/li>\n<li>LX70 6mm_EN12600<\/li>\n<\/ul>\n<p>[\/vc_column_text]<div class=\"section-title sep-top-xs text-left\"><h4 class=\" normal-title\">ÁñÁ«¿¿±ÈÍøÕ¾ Armorcoat\u00ae 11 mil<\/h4><\/div>[vc_column_text]<\/p>\n<ul>\n<li>6mm_EN-12600<\/li>\n<\/ul>\n<p>[\/vc_column_text]<div class=\"section-title sep-top-xs text-left\"><h4 class=\" normal-title\">ÁñÁ«¿¿±ÈÍøÕ¾ Graffitigard&#x2122; 6 mil<\/h4><\/div>[vc_column_text]<\/p>\n<ul>\n<li>6mm_ANSI-CPSC<\/li>\n<\/ul>\n<p>[\/vc_column_text]<div class=\"section-title sep-top-xs text-left\"><h4 class=\" normal-title\">ÁñÁ«¿¿±ÈÍøÕ¾ Weathering<\/h4><\/div>[vc_column_text]<\/p>\n<ul>\n<li>ASTM G155<\/li>\n<\/ul>\n<p>[\/vc_column_text][\/vc_tta_section][vc_tta_section title=&#8221;PATLAMA \u015eOKU AZALTILMASI&#8221; tab_id=&#8221;1455127843732-59713172-fe00&#8243;][vc_column_text]Bu test y\u00f6ntemlerinin amac\u0131 bas\u0131n\u00e7 y\u00fck\u00fcnde cam\u0131 ve cam sistemini de\u011ferlendirmektir. Cam sisteminin performans\u0131n seviyesi bas\u0131n\u00e7 y\u00fck\u00fc ve yak\u0131nl\u0131\u011f\u0131na ba\u011fl\u0131 olarak cam sisteminin tepkisini tan\u0131mlar. ÁñÁ«¿¿±ÈÍøÕ¾ Armorcoat\u00ae emniyet ve g\u00fcvenlik filmleri bu standartlara g\u00f6re test edilmi\u015ftir Filmler patlama bas\u0131nc\u0131na ba\u011fl\u0131 olarak u\u00e7an cam ve enkazdan\u00a0 yaralanma olas\u0131l\u0131\u011f\u0131n\u0131 azaltma performans\u0131n\u0131 g\u00f6stermi\u015ftir. L\u00fctfen gereksinim duydu\u011funuz standard\u0131 kar\u015f\u0131lamak i\u00e7in en iyi cam ve film kombinasyonunu se\u00e7in.[\/vc_column_text]<div class=\"section-title sep-top-xs text-left\"><h4 class=\" normal-title\">ÁñÁ«¿¿±ÈÍøÕ¾ Armorcoat\u00ae 4 mil<\/h4><\/div>[vc_column_text]<\/p>\n<ul>\n<li>GSA Test Protocol<\/li>\n<\/ul>\n<p>[\/vc_column_text]<div class=\"section-title sep-top-xs text-left\"><h4 class=\" normal-title\">ÁñÁ«¿¿±ÈÍøÕ¾ Armorcoat\u00ae 7 mil<\/h4><\/div>[vc_column_text]<\/p>\n<ul>\n<li>GSA Test Protocol<\/li>\n<li>GSA TS01-2003<\/li>\n<\/ul>\n<p>[\/vc_column_text]<div class=\"section-title sep-top-xs text-left\"><h4 class=\" normal-title\">ÁñÁ«¿¿±ÈÍøÕ¾ Armorcoat\u00ae 8 mil<\/h4><\/div>[vc_column_text]<\/p>\n<ul>\n<li>ASTM 1642<\/li>\n<li>GSA Test Protocol<\/li>\n<li>GSA TS01-2003<\/li>\n<li>ISO 16933<\/li>\n<\/ul>\n<p>[\/vc_column_text]<div class=\"section-title sep-top-xs text-left\"><h4 class=\" normal-title\">ÁñÁ«¿¿±ÈÍøÕ¾ Armorcoat\u00ae 14 mil<\/h4><\/div>[vc_column_text]<\/p>\n<ul>\n<li>GSA Test Protocol<\/li>\n<\/ul>\n<p>[\/vc_column_text]<div class=\"section-title sep-top-xs text-left\"><h4 class=\" normal-title\">ÁñÁ«¿¿±ÈÍøÕ¾ Panorama 8 mil<\/h4><\/div>[vc_column_text]<\/p>\n<ul>\n<li>ASTM 1642<\/li>\n<li>GSA Test Protocol<\/li>\n<li>GSA TS01-2003<\/li>\n<li>ISO 16933<\/li>\n<\/ul>\n<p>[\/vc_column_text][\/vc_tta_section][vc_tta_section title=&#8221;YANGIN&#8221; tab_id=&#8221;1455150632508-39af42cb-d6b4&#8243;][vc_column_text]Yang\u0131n testinin amac\u0131 yap\u0131larda yak\u0131t harici olu\u015fan yang\u0131n\u0131n performans\u0131n\u0131 tespit etmektir. Baz\u0131 yang\u0131n reaksiyon kriterleri \u015funlard\u0131r: alev yay\u0131lma h\u0131z\u0131, \u0131s\u0131ya maruz kalma sonucu yanabilirlik, \u0131s\u0131, duman, zehirli gazlar\u0131n miktar\u0131n\u0131 ve \/ veya alev damlalar\u0131 \/ tanecikleri, vb. \u0130n\u015faat malzemelerinin standartlar\u0131 \u00a0s\u0131kl\u0131kla \u0131s\u0131ya ve ate\u015fe maruz kald\u0131\u011f\u0131nda malzemelerin\u00a0 performans\u0131n\u0131 de\u011ferlendirmek i\u00e7in olu\u015fturulmu\u015ftur. ÁñÁ«¿¿±ÈÍøÕ¾ Armorcoat\u00ae 8 mil emniyet ve g\u00fcvenlik filmleri bu standartlara g\u00f6re test edilmi\u015ftir ve yang\u0131na katk\u0131da bulunmayan yap\u0131 malzemelerinden oldu\u011funu ispatlanm\u0131\u015ft\u0131r. (Not: Bu standartlar bir \u00fcr\u00fcn\u00fcn yang\u0131na kar\u015f\u0131 koyma standartlar\u0131 ile yang\u0131nda dayan\u0131kl\u0131l\u0131k standartlar\u0131 ile ayn\u0131 de\u011fildir.[\/vc_column_text]<div class=\"section-title text-left\"><h4 class=\" normal-title\">ÁñÁ«¿¿±ÈÍøÕ¾ Armorcoat\u00ae 8 mil<\/h4><\/div>[vc_column_text]<\/p>\n<ul>\n<li>ASTM D-1929<\/li>\n<li>ASTM E-84<\/li>\n<\/ul>\n<p>[\/vc_column_text]<div class=\"section-title text-left\"><h4 class=\" normal-title\">ÁñÁ«¿¿±ÈÍøÕ¾ Panorama 8 mil<\/h4><\/div>[vc_column_text]<\/p>\n<ul>\n<li>CSTB M1<\/li>\n<li>F1 100 A 200<\/li>\n<\/ul>\n<p>[\/vc_column_text][\/vc_tta_section][vc_tta_section title=&#8221;DO\u011eAL AFETLER&#8221; tab_id=&#8221;1455151112203-6ba3b958-316c&#8221;][vc_column_text]Bu standartlar\u0131n amac\u0131 \u015fiddetli havalarda y\u00fcksek h\u0131zl\u0131 r\u00fczgarlar\u0131n sim\u00fclasyonunda dayan\u0131kl\u0131 malzemelerin k\u00fc\u00e7\u00fck ve b\u00fcy\u00fck par\u00e7a darbelerinde ve devirli bas\u0131n\u00e7 alt\u0131ndaki dayan\u0131m performans\u0131n\u0131 de\u011ferlendirmektir. Bu cam sistemleri \u015fiddetli hava olaylar\u0131nda hasar ve su giri\u015fine kar\u015f\u0131 korunmak i\u00e7in tasarlanm\u0131\u015ft\u0131r. Test edilen \u00fcr\u00fcn cam, do\u011frama, ankraj sistemi ve t\u00fcm hava giri\u015fi olabilecek bo\u015fluklar\u0131 i\u00e7erir. ÁñÁ«¿¿±ÈÍøÕ¾ Armorcoat\u00ae 8 mil emniyet ve g\u00fcvenlik filmi 4mm &#8220;temperli\u201d cam \u00fczerinde standart bir al\u00fcminyum \u00e7er\u00e7eveye silikon ba\u011flanma sistemi ile bu standartlara g\u00f6re test edilmi\u015ftir.<\/p>\n<p>&nbsp;<\/p>\n<p><em>(Not: Bu uygulama cam ve ankraj sisteminin bir onay koduyada kabulu belgesi oldu\u011fu anlam\u0131na gelmez. Kod yada malzemenin onay\u0131 sadece t\u00fcm cam sistemine verilmektedir.)<\/em>[\/vc_column_text]<div class=\"section-title text-left\"><h4 class=\" normal-title\">ÁñÁ«¿¿±ÈÍøÕ¾ Armorcoat\u00ae 8 mil<\/h4><\/div>[vc_column_text]<\/p>\n<ul>\n<li>ASTM E1886-1996<\/li>\n<li>ASTM E283-330-33<\/li>\n<\/ul>\n<p>[\/vc_column_text][\/vc_tta_section][vc_tta_section title=&#8221;SALDIRI \/ HIRSIZLI\u011eA KAR\u015eI D\u0130REN\u00c7&#8221; tab_id=&#8221;1455151246965-996473d0-8a5c&#8221;][vc_column_text]H\u0131rs\u0131zl\u0131k direnci test ama\u00e7l\u0131 olup cam da dahil olmak \u00fczere yap\u0131 malzemelerinin diren\u00e7 yeteneklerini belirlemektedir. Bu malzemeler k\u00fc\u00e7\u00fck el aletlerinden g\u00fc\u00e7l\u00fc ara\u00e7lara kadar de\u011fi\u015fen nesnelerin azdan \u00e7o\u011fa kadar farkl\u0131 miktarlarda darbelerine maruz kalmaktad\u0131r. Standartlar zaman i\u00e7inde tekrarlanan darbelere maruz b\u0131rak\u0131larak teste tabi tutulan malzemenin performans seviyesini belirlemek i\u00e7in kullan\u0131l\u0131r. ÁñÁ«¿¿±ÈÍøÕ¾ Armorcoat\u00ae 14 mil emniyet ve g\u00fcvenlik filmi bu standartlara g\u00f6re test edilmi\u015f ve zorla giri\u015fe kar\u015f\u0131 belirli d\u00fczeylerde koruma yetene\u011fini g\u00f6stermi\u015ftir.[\/vc_column_text]<div class=\"section-title text-left\"><h4 class=\" normal-title\">ÁñÁ«¿¿±ÈÍøÕ¾ Armorcoat\u00ae 14 mil<\/h4><\/div>[vc_column_text]<\/p>\n<ul>\n<li>6mm Ann-IGU_EN356<\/li>\n<li>6mm Ann-IGU_EN356<\/li>\n<li>6mm Temp-IGU_EN356<\/li>\n<li>6mm Temp-IGU_EN356<\/li>\n<\/ul>\n<p>[\/vc_column_text][\/vc_tta_section][vc_tta_section title=&#8221;DEPREM&#8221; tab_id=&#8221;1455151332274-8f08e014-c25b&#8221;][vc_column_text]\u015eu ana kadar sismik hareketlere kar\u015f\u0131 cam sisteminin performans\u0131n\u0131 belirleyecek bir kodlama yap\u0131lmam\u0131\u015ft\u0131r. Yap\u0131lan testlerde bu tip sismik durumlarda cam sisteminin bozulma ve da\u011f\u0131lma performans\u0131 ile camlar\u0131n k\u0131r\u0131l\u0131p d\u00fc\u015fme performans\u0131n\u0131n belirlenmesi sa\u011flanm\u0131\u015ft\u0131r. \u00a0A\u00e7\u0131k\u00e7as\u0131, Armorcoat\u00ae emniyet ve g\u00fcvenlik filmleri cam k\u0131r\u0131lmas\u0131nda serpintiyi belirgin seviyede azaltacakt\u0131r.<\/p>\n<p>&nbsp;<\/p>\n<p>A\u015fa\u011f\u0131daki rapor detaylar\u0131 filmlerin baz\u0131 testlerdeki performanslar\u0131n\u0131 g\u00f6sterir. Sayfa 72<\/p>\n<p>&nbsp;<\/p>\n<p><a href=\"http:\/\/d33vlh7is1ee5l.cloudfront.net\/wp-content\/uploads\/2016\/02\/structural-systems-research-project-earthquake.pdf\" target=\"_blank\" rel=\"noopener\">Yap\u0131 Sistemleri Ara\u015ft\u0131rma Projesi<\/a>[\/vc_column_text][\/vc_tta_section][vc_tta_section title=&#8221;D\u0130\u011eER SERT\u0130F\u0130KASYONLAR&#8221; tab_id=&#8221;1455151594041-e79d3a80-b9ea&#8221;][vc_column_text]<\/p>\n<ul>\n<li>Glass Retention Test Report-GE SCS2000 SilPruf<\/li>\n<li>Glass Retention Test Report-Pentagon Flexible<\/li>\n<li>ÁñÁ«¿¿±ÈÍøÕ¾ MAS Certified Green Certificate Of Compliance 2014<\/li>\n<li>ÁñÁ«¿¿±ÈÍøÕ¾ Volatile Organic Compounds Report 2014<\/li>\n<\/ul>\n<p>[\/vc_column_text][\/vc_tta_section][\/vc_tta_accordion][\/vc_column][\/vc_row][vc_row full_width=&#8221;stretch_row&#8221; top_margin=&#8221;md&#8221; bottom_margin=&#8221;md&#8221; gmbt_prlx_bg_type=&#8221;parallax&#8221; gmbt_prlx_break_parents=&#8221;0&#8243; gmbt_prlx_smooth_scrolling=&#8221;&#8221; gmbt_prlx_video_mute=&#8221;&#8221; gmbt_prlx_video_force_hd=&#8221;&#8221; gmbt_prlx_opacity=&#8221;100&#8243; gmbt_prlx_video_aspect_ratio=&#8221;16:9&#8243; gmbt_prlx_parallax=&#8221;none&#8221; gmbt_prlx_speed=&#8221;0.3&#8243; gmbt_prlx_enable_mobile=&#8221;&#8221; css=&#8221;.vc_custom_1464034363249{background-color: #007db1 !important;}&#8221;][vc_column width=&#8221;4\/6&#8243;]<div class=\"section-title sep-top-xs text-left\"><h3 class=\"upper light normal-title\">SORULAR? Sizden duymak istiyoruz!<\/h3><\/div>[\/vc_column][vc_column width=&#8221;2\/6&#8243;][vc_btn title=&#8221;B\u0130Z\u0130 ARAYIN&#8221; style=&#8221;outline&#8221; shape=&#8221;round&#8221; color=&#8221;white&#8221; size=&#8221;lg&#8221; align=&#8221;center&#8221; link=&#8221;url:http%3A%2F%2Fwww.solargard.com%2Ftr%2Fcontact-us%2F|||&#8221; button_block=&#8221;true&#8221;][\/vc_column][\/vc_row]<\/p>\n<\/div>","protected":false},"excerpt":{"rendered":"<p>[vc_row top_margin=&#8221;none&#8221; bottom_margin=&#8221;2x&#8221; gmbt_prlx_bg_type=&#8221;parallax&#8221; gmbt_prlx_break_parents=&#8221;0&#8243; gmbt_prlx_smooth_scrolling=&#8221;&#8221; gmbt_prlx_video_mute=&#8221;&#8221; gmbt_prlx_video_force_hd=&#8221;&#8221; gmbt_prlx_opacity=&#8221;100&#8243; gmbt_prlx_video_aspect_ratio=&#8221;16:9&#8243; gmbt_prlx_parallax=&#8221;none&#8221; gmbt_prlx_speed=&#8221;0.3&#8243; gmbt_prlx_enable_mobile=&#8221;&#8221;][vc_column][vc_tta_accordion style=&#8221;flat&#8221; shape=&#8221;square&#8221; color=&#8221;white&#8221; active_section=&#8221;100&#8243; collapsible_all=&#8221;true&#8221;][vc_tta_section title=&#8221;G\u00dcVENL\u0130K CAMI&#8221; tab_id=&#8221;1455126129251-f9223b91-e2d8&#8243;][vc_column_text]Bu standartlar\u0131n amac\u0131 cam\u0131n insan temas\u0131 ile k\u0131r\u0131lmas\u0131 yada par\u00e7alanmas\u0131 durumunda yaralanmalar\u0131 en aza indirgemek veya azaltmak i\u00e7in tasarlanm\u0131\u015f cam malzemelerinin emniyet performans \u00f6zelliklerini belirlemektir. ÁñÁ«¿¿±ÈÍøÕ¾ Armorcoat\u00ae emniyet ve g\u00fcvenlik filmleri bu standartlara g\u00f6re &hellip; <a href=\"https:\/\/www.solargard.com\/tr\/ticaret-kaynaklar\/safety-and-security-certifications\/\">Continued<\/a><\/p>\n","protected":false},"author":1,"featured_media":0,"parent":42469,"menu_order":0,"comment_status":"closed","ping_status":"closed","template":"templates\/resources.php","meta":{"_acf_changed":false,"footnotes":""},"class_list":["post-42468","page","type-page","status-publish","hentry"],"acf":[],"_links":{"self":[{"href":"https:\/\/www.solargard.com\/tr\/wp-json\/wp\/v2\/pages\/42468","targetHints":{"allow":["GET"]}}],"collection":[{"href":"https:\/\/www.solargard.com\/tr\/wp-json\/wp\/v2\/pages"}],"about":[{"href":"https:\/\/www.solargard.com\/tr\/wp-json\/wp\/v2\/types\/page"}],"author":[{"embeddable":true,"href":"https:\/\/www.solargard.com\/tr\/wp-json\/wp\/v2\/users\/1"}],"replies":[{"embeddable":true,"href":"https:\/\/www.solargard.com\/tr\/wp-json\/wp\/v2\/comments?post=42468"}],"version-history":[{"count":0,"href":"https:\/\/www.solargard.com\/tr\/wp-json\/wp\/v2\/pages\/42468\/revisions"}],"up":[{"embeddable":true,"href":"https:\/\/www.solargard.com\/tr\/wp-json\/wp\/v2\/pages\/42469"}],"wp:attachment":[{"href":"https:\/\/www.solargard.com\/tr\/wp-json\/wp\/v2\/media?parent=42468"}],"curies":[{"name":"wp","href":"https:\/\/api.w.org\/{rel}","templated":true}]}}