  {"id":101152,"date":"2014-11-03T19:56:47","date_gmt":"2014-11-03T19:56:47","guid":{"rendered":"https:\/\/www.solargard.com\/product\/hilite\/"},"modified":"2023-05-04T11:52:24","modified_gmt":"2023-05-04T19:52:24","slug":"lx","status":"publish","type":"product","link":"https:\/\/www.solargard.com\/tr\/product\/lx\/","title":{"rendered":"LX"},"content":{"rendered":"<p><span>ÁñÁ«¿¿±ÈÍøÕ¾ LX \u00e7ok se\u00e7enekli serisi ile rahats\u0131z edici \u0131s\u0131y\u0131 d\u0131\u015far\u0131da tutarak, e\u015fyalar\u0131n\u0131z\u0131 koruyarak ve sevdi\u011finiz manzaray\u0131 i\u00e7eride tutarak ya\u015fam kalitenizi art\u0131r\u0131n. <\/span><\/p>\n<p><span>ÁñÁ«¿¿±ÈÍøÕ¾ Cam Filmleri, \u00f6zellikle a\u015fa\u011f\u0131daki d\u00f6rt konuda binan\u0131z\u0131 \u00f6nemli katk\u0131lar sa\u011flayacakt\u0131r:<\/span><\/p>\n<ul>\n<li style=\"list-style-type: none;\">\n<ul>\n<li>LX 70<\/li>\n<\/ul>\n<\/li>\n<\/ul>\n<p>Daha iyi manzaralar i\u00e7in d\u00fc\u015f\u00fck yans\u0131ma d\u00fczeyine ve y\u00fcksek optik \u015feffafl\u0131\u011fa sahiptir, y\u00fcksek \u0131s\u0131 al\u0131m\u0131n\u0131 \u00f6nlemek i\u00e7in toplam g\u00fcne\u015f enerjisinin %55\u2019ini engeller, konforunuzu art\u0131r\u0131r ve so\u011futma masraflar\u0131n\u0131 azalt\u0131r.<\/p>\n<ul>\n<li style=\"list-style-type: none;\">\n<ul>\n<li>LX 40<\/li>\n<\/ul>\n<\/li>\n<\/ul>\n<p>Biraz daha koyu bir filmdir; toplam g\u00fcne\u015f enerjisinin %61\u2019ini geri verir ve par\u0131lt\u0131 kontrol\u00fc daha fazlad\u0131r.<\/p>\n","protected":false},"excerpt":{"rendered":"<p>ÁñÁ«¿¿±ÈÍøÕ¾ LX \u00e7ok se\u00e7enekli serisi ile rahats\u0131z edici \u0131s\u0131y\u0131 d\u0131\u015far\u0131da tutarak, e\u015fyalar\u0131n\u0131z\u0131 koruyarak ve sevdi\u011finiz manzaray\u0131 i\u00e7eride tutarak ya\u015fam kalitenizi art\u0131r\u0131n. ÁñÁ«¿¿±ÈÍøÕ¾ Cam Filmleri, \u00f6zellikle a\u015fa\u011f\u0131daki d\u00f6rt konuda binan\u0131z\u0131 \u00f6nemli katk\u0131lar sa\u011flayacakt\u0131r: LX 70 Daha iyi manzaralar i\u00e7in d\u00fc\u015f\u00fck yans\u0131ma d\u00fczeyine ve y\u00fcksek optik \u015feffafl\u0131\u011fa sahiptir, y\u00fcksek \u0131s\u0131 al\u0131m\u0131n\u0131 \u00f6nlemek i\u00e7in toplam g\u00fcne\u015f &hellip; <a href=\"https:\/\/www.solargard.com\/tr\/product\/lx\/\">Continued<\/a><\/p>\n","protected":false},"featured_media":33214,"comment_status":"open","ping_status":"closed","template":"","meta":{"_acf_changed":false},"product_brand":[],"product_cat":[1192,1183],"product_tag":[1936,1548,1488,1443,1675],"class_list":{"0":"post-101152","1":"product","2":"type-product","3":"status-publish","4":"has-post-thumbnail","6":"product_cat-solar-control-tr","7":"product_cat-architectural-tr","8":"product_tag-arch-exterior-tr","9":"product_tag-black-grey-tr","10":"product_tag-heat-tr","11":"product_tag-home-tr","12":"product_tag-neutral-tr","14":"first","15":"outofstock","16":"shipping-taxable","17":"product-type-simple"},"acf":[],"_links":{"self":[{"href":"https:\/\/www.solargard.com\/tr\/wp-json\/wp\/v2\/product\/101152","targetHints":{"allow":["GET"]}}],"collection":[{"href":"https:\/\/www.solargard.com\/tr\/wp-json\/wp\/v2\/product"}],"about":[{"href":"https:\/\/www.solargard.com\/tr\/wp-json\/wp\/v2\/types\/product"}],"replies":[{"embeddable":true,"href":"https:\/\/www.solargard.com\/tr\/wp-json\/wp\/v2\/comments?post=101152"}],"wp:featuredmedia":[{"embeddable":true,"href":"https:\/\/www.solargard.com\/tr\/wp-json\/wp\/v2\/media\/33214"}],"wp:attachment":[{"href":"https:\/\/www.solargard.com\/tr\/wp-json\/wp\/v2\/media?parent=101152"}],"wp:term":[{"taxonomy":"product_brand","embeddable":true,"href":"https:\/\/www.solargard.com\/tr\/wp-json\/wp\/v2\/product_brand?post=101152"},{"taxonomy":"product_cat","embeddable":true,"href":"https:\/\/www.solargard.com\/tr\/wp-json\/wp\/v2\/product_cat?post=101152"},{"taxonomy":"product_tag","embeddable":true,"href":"https:\/\/www.solargard.com\/tr\/wp-json\/wp\/v2\/product_tag?post=101152"}],"curies":[{"name":"wp","href":"https:\/\/api.w.org\/{rel}","templated":true}]}}