  {"id":42526,"date":"2016-07-06T20:44:54","date_gmt":"2016-07-06T20:44:54","guid":{"rendered":"https:\/\/www.solargard.com\/tr\/?post_type=product&#038;p=42526"},"modified":"2017-05-03T11:21:25","modified_gmt":"2017-05-03T11:21:25","slug":"hp-supreme","status":"publish","type":"product","link":"https:\/\/www.solargard.com\/tr\/product\/hp-supreme\/","title":{"rendered":"HP Supreme"},"content":{"rendered":"<h2>High Performance Supreme: Performance Serisi &#8211; Optimum \u0131s\u0131 engelleme, muhte\u015fem berrakl\u0131k, renk kal\u0131c\u0131l\u0131\u011f\u0131n\u0131 kapsayan \u00f6m\u00fcr boyu garanti<\/h2>\n<div>\n<div class=\"title1\">HP Supreme, daha fazla s\u00fcr\u00fc\u015f konforu i\u00e7in solar korumada yeni bir boyut ve \u015f\u0131k bir g\u00f6r\u00fcnt\u00fc sunar. HP Supreme ile s\u00fcr\u00fc\u015f deneyimi, toplam g\u00fcne\u015f enerjisinin %58\u2019ine kadar\u0131n\u0131 ve ultraviyole \u0131\u015f\u0131\u011f\u0131n %99\u2019undan fazlas\u0131n\u0131 engelleyebilme \u00f6zelli\u011finin sonucudur. Bu, benzeri olmayan ideal bir \u0131s\u0131 kontrol\u00fc ve solar kontrol sa\u011flar. HP Supreme, %4\u2019l\u00fck g\u00f6r\u00fcn\u00fcr \u0131\u015f\u0131k iletimine sahip en koyu cam filmi dahil olmak \u00fczere olduk\u00e7a \u00e7e\u015fitli koyuluklarda filmler sunar. Bunlar\u0131n yan\u0131nda HP Supreme\u2019in g\u00f6r\u00fc\u015f netli\u011fini ve s\u00fcr\u00fc\u015f g\u00fcvenli\u011fini korumaya y\u00f6nelik olarak sekt\u00f6r\u00fcn en iyi film berrakl\u0131\u011f\u0131na sahip olmas\u0131 da sizleri memnun b\u0131rakacakt\u0131r.<\/div>\n<\/div>\n<p><strong>\u00d6zellikler ve Avantajlar<\/strong><span> <\/span><\/p>\n<ul>\n<ul>\n<li>\u00dcst\u00fcn solar performans<\/li>\n<li>D\u00fc\u015f\u00fck yans\u0131t\u0131rl\u0131k<\/li>\n<li>E\u015fsiz film berrakl\u0131\u011f\u0131<\/li>\n<li>Sekt\u00f6rdeki en iyi renk kal\u0131c\u0131l\u0131\u011f\u0131<\/li>\n<li>Ola\u011fan\u00fcst\u00fc k\u0131sa kuruma s\u00fcreleri<\/li>\n<li>T\u00fcm g\u00f6r\u00fcn\u00fcr \u0131\u015f\u0131k iletimi d\u00fczeylerinde Supreme Serisiyle m\u00fckemmel renk uyumu<\/li>\n<li>Optimum \u0131s\u0131 engelleme<\/li>\n<li>Yedi farkl\u0131 renk tonu<\/li>\n<li>Bak\u0131ma gerek b\u0131rakmayan, \u00e7izilmeyi \u00f6nleyen kaplama<\/li>\n<li>S\u0131n\u0131rl\u0131 \u00f6m\u00fcr boyu garanti<\/li>\n<\/ul>\n<\/ul>\n","protected":false},"excerpt":{"rendered":"<p>High Performance Supreme: Performance Serisi &#8211; Optimum \u0131s\u0131 engelleme, muhte\u015fem berrakl\u0131k, renk kal\u0131c\u0131l\u0131\u011f\u0131n\u0131 kapsayan \u00f6m\u00fcr boyu garanti HP Supreme, daha fazla s\u00fcr\u00fc\u015f konforu i\u00e7in solar korumada yeni bir boyut ve \u015f\u0131k bir g\u00f6r\u00fcnt\u00fc sunar. HP Supreme ile s\u00fcr\u00fc\u015f deneyimi, toplam g\u00fcne\u015f enerjisinin %58\u2019ine kadar\u0131n\u0131 ve ultraviyole \u0131\u015f\u0131\u011f\u0131n %99\u2019undan fazlas\u0131n\u0131 engelleyebilme \u00f6zelli\u011finin sonucudur. Bu, benzeri olmayan &hellip; <a href=\"https:\/\/www.solargard.com\/tr\/product\/hp-supreme\/\">Continued<\/a><\/p>\n","protected":false},"featured_media":98837,"comment_status":"open","ping_status":"closed","template":"","meta":{"_acf_changed":false},"product_brand":[],"product_cat":[1193,1194],"product_tag":[1605,1660,1646,1533,1577],"class_list":{"0":"post-42526","1":"product","2":"type-product","3":"status-publish","4":"has-post-thumbnail","6":"product_cat-automotive-tr","7":"product_cat-high-performance-tr","8":"product_tag-color-stability-tr","9":"product_tag-dark-tint-tr","10":"product_tag-medium-tint-tr","11":"product_tag-reflective-tr","12":"product_tag-staying-cool-tr","14":"first","15":"outofstock","16":"shipping-taxable","17":"product-type-simple"},"acf":[],"_links":{"self":[{"href":"https:\/\/www.solargard.com\/tr\/wp-json\/wp\/v2\/product\/42526","targetHints":{"allow":["GET"]}}],"collection":[{"href":"https:\/\/www.solargard.com\/tr\/wp-json\/wp\/v2\/product"}],"about":[{"href":"https:\/\/www.solargard.com\/tr\/wp-json\/wp\/v2\/types\/product"}],"replies":[{"embeddable":true,"href":"https:\/\/www.solargard.com\/tr\/wp-json\/wp\/v2\/comments?post=42526"}],"wp:featuredmedia":[{"embeddable":true,"href":"https:\/\/www.solargard.com\/tr\/wp-json\/wp\/v2\/media\/98837"}],"wp:attachment":[{"href":"https:\/\/www.solargard.com\/tr\/wp-json\/wp\/v2\/media?parent=42526"}],"wp:term":[{"taxonomy":"product_brand","embeddable":true,"href":"https:\/\/www.solargard.com\/tr\/wp-json\/wp\/v2\/product_brand?post=42526"},{"taxonomy":"product_cat","embeddable":true,"href":"https:\/\/www.solargard.com\/tr\/wp-json\/wp\/v2\/product_cat?post=42526"},{"taxonomy":"product_tag","embeddable":true,"href":"https:\/\/www.solargard.com\/tr\/wp-json\/wp\/v2\/product_tag?post=42526"}],"curies":[{"name":"wp","href":"https:\/\/api.w.org\/{rel}","templated":true}]}}