  {"id":42536,"date":"2016-07-06T20:51:39","date_gmt":"2016-07-06T20:51:39","guid":{"rendered":"https:\/\/www.solargard.com\/tr\/?post_type=product&#038;p=42536"},"modified":"2017-05-03T11:24:54","modified_gmt":"2017-05-03T11:24:54","slug":"silver","status":"publish","type":"product","link":"https:\/\/www.solargard.com\/tr\/product\/silver\/","title":{"rendered":"Silver"},"content":{"rendered":"<p><span>ÁñÁ«¿¿±ÈÍøÕ¾ Al\u00fcminyum serisi, alt\u0131n, g\u00fcm\u00fc\u015f ve bronz gibi az bulunan de\u011ferli metallerden imal edilen \u00e7e\u015fitli filmler i\u00e7erir. Bu seri, ortam\u0131n\u0131za yay\u0131lan \u0131s\u0131y\u0131 en aza indirir ve ideal d\u00fczeyde mahremiyet sa\u011flar. Ticari m\u00fclkler i\u00e7in yayg\u0131n bir se\u00e7enek olan ÁñÁ«¿¿±ÈÍøÕ¾ Al\u00fcminyum serisi, insanlar\u0131n serin ve rahat olmas\u0131n\u0131 temin eder ve enerji t\u00fcketiminde \u00f6nemli bir azalma sa\u011flar. Ciddi sonu\u00e7lar i\u00e7in ciddi filmler! <\/span><\/p>\n","protected":false},"excerpt":{"rendered":"<p>ÁñÁ«¿¿±ÈÍøÕ¾ Al\u00fcminyum serisi, alt\u0131n, g\u00fcm\u00fc\u015f ve bronz gibi az bulunan de\u011ferli metallerden imal edilen \u00e7e\u015fitli filmler i\u00e7erir. Bu seri, ortam\u0131n\u0131za yay\u0131lan \u0131s\u0131y\u0131 en aza indirir ve ideal d\u00fczeyde mahremiyet sa\u011flar. Ticari m\u00fclkler i\u00e7in yayg\u0131n bir se\u00e7enek olan ÁñÁ«¿¿±ÈÍøÕ¾ Al\u00fcminyum serisi, insanlar\u0131n serin ve rahat olmas\u0131n\u0131 temin eder ve enerji t\u00fcketiminde \u00f6nemli bir azalma &hellip; <a href=\"https:\/\/www.solargard.com\/tr\/product\/silver\/\">Continued<\/a><\/p>\n","protected":false},"featured_media":42624,"comment_status":"open","ping_status":"closed","template":"","meta":{"_acf_changed":false},"product_brand":[],"product_cat":[1192,1183],"product_tag":[1458,1488,1503,1533],"class_list":{"0":"post-42536","1":"product","2":"type-product","3":"status-publish","4":"has-post-thumbnail","6":"product_cat-solar-control-tr","7":"product_cat-architectural-tr","8":"product_tag-commercial-tr","9":"product_tag-heat-tr","10":"product_tag-privacy-tr","11":"product_tag-reflective-tr","13":"first","14":"outofstock","15":"shipping-taxable","16":"product-type-simple"},"acf":[],"_links":{"self":[{"href":"https:\/\/www.solargard.com\/tr\/wp-json\/wp\/v2\/product\/42536","targetHints":{"allow":["GET"]}}],"collection":[{"href":"https:\/\/www.solargard.com\/tr\/wp-json\/wp\/v2\/product"}],"about":[{"href":"https:\/\/www.solargard.com\/tr\/wp-json\/wp\/v2\/types\/product"}],"replies":[{"embeddable":true,"href":"https:\/\/www.solargard.com\/tr\/wp-json\/wp\/v2\/comments?post=42536"}],"wp:featuredmedia":[{"embeddable":true,"href":"https:\/\/www.solargard.com\/tr\/wp-json\/wp\/v2\/media\/42624"}],"wp:attachment":[{"href":"https:\/\/www.solargard.com\/tr\/wp-json\/wp\/v2\/media?parent=42536"}],"wp:term":[{"taxonomy":"product_brand","embeddable":true,"href":"https:\/\/www.solargard.com\/tr\/wp-json\/wp\/v2\/product_brand?post=42536"},{"taxonomy":"product_cat","embeddable":true,"href":"https:\/\/www.solargard.com\/tr\/wp-json\/wp\/v2\/product_cat?post=42536"},{"taxonomy":"product_tag","embeddable":true,"href":"https:\/\/www.solargard.com\/tr\/wp-json\/wp\/v2\/product_tag?post=42536"}],"curies":[{"name":"wp","href":"https:\/\/api.w.org\/{rel}","templated":true}]}}